{"id":1917,"date":"2018-04-16T02:08:08","date_gmt":"2018-04-16T02:08:08","guid":{"rendered":"https:\/\/asherhoffmanlaw.com\/pongase-en-contacto\/"},"modified":"2025-11-20T06:42:29","modified_gmt":"2025-11-20T06:42:29","slug":"contact-us","status":"publish","type":"page","link":"https:\/\/asherhoffmanlaw.com\/es\/contact-us\/","title":{"rendered":"P\u00f3ngase en contacto"},"content":{"rendered":"<h5>Oficina de Los \u00c1ngeles<\/h5>\n<p>3605 Long Beach Blvd. Suite 233-B<br \/>\nLong Beach, CA 90807<br \/>\nCorreo electr\u00f3nico: info@asherhoffmanlaw.com<br \/>\nLlamada: +1 (<span data-teams=\"true\">877) 792-4529<\/span><br \/>\nIdentificaci\u00f3n WeChat: Asher HoffmanEsq<br \/>\nSolicite una consulta gratuita<br \/>\nUbicado en Los \u00c1ngeles, California, el bufete de abogados de Law Offices of Asher Hoffman brinda servicios de abogados expertos en las \u00e1reas de Ley de reproducci\u00f3n asistida, Ley de lesiones personales y m\u00e1s.<\/p>\n","protected":false},"excerpt":{"rendered":"<p>Oficina de Los \u00c1ngeles 3605 Long Beach Blvd. Suite 233-B Long Beach, CA 90807 Correo electr\u00f3nico: info@asherhoffmanlaw.com Llamada: +1 (877) 792-4529 Identificaci\u00f3n WeChat: Asher HoffmanEsq Solicite una consulta gratuita Ubicado en Los \u00c1ngeles, California, el bufete de abogados de Law Offices of Asher Hoffman brinda servicios de abogados expertos en las \u00e1reas de Ley de [&hellip;]<\/p>\n","protected":false},"author":1,"featured_media":0,"parent":0,"menu_order":0,"comment_status":"closed","ping_status":"closed","template":"templates\/Contact.php","meta":{"_acf_changed":false,"footnotes":""},"class_list":["post-1917","page","type-page","status-publish","hentry"],"acf":[],"yoast_head":"<!-- This site is optimized with the Yoast SEO plugin v27.0 - https:\/\/yoast.com\/product\/yoast-seo-wordpress\/ -->\n<title>P\u00f3ngase en contacto -<\/title>\n<meta name=\"robots\" content=\"index, follow, max-snippet:-1, max-image-preview:large, max-video-preview:-1\" \/>\n<link rel=\"canonical\" href=\"https:\/\/asherhoffmanlaw.com\/es\/contact-us\/\" \/>\n<meta property=\"og:locale\" content=\"es_ES\" \/>\n<meta property=\"og:type\" content=\"article\" \/>\n<meta property=\"og:title\" content=\"P\u00f3ngase en contacto -\" \/>\n<meta property=\"og:description\" content=\"Oficina de Los \u00c1ngeles 3605 Long Beach Blvd. Suite 233-B Long Beach, CA 90807 Correo electr\u00f3nico: info@asherhoffmanlaw.com Llamada: +1 (877) 792-4529 Identificaci\u00f3n WeChat: Asher HoffmanEsq Solicite una consulta gratuita Ubicado en Los \u00c1ngeles, California, el bufete de abogados de Law Offices of Asher Hoffman brinda servicios de abogados expertos en las \u00e1reas de Ley de [&hellip;]\" \/>\n<meta property=\"og:url\" content=\"https:\/\/asherhoffmanlaw.com\/es\/contact-us\/\" \/>\n<meta property=\"article:modified_time\" content=\"2025-11-20T06:42:29+00:00\" \/>\n<meta name=\"twitter:card\" content=\"summary_large_image\" \/>\n<meta name=\"twitter:label1\" content=\"Est. reading time\" \/>\n\t<meta name=\"twitter:data1\" content=\"1 minute\" \/>\n<!-- \/ Yoast SEO plugin. -->","yoast_head_json":{"title":"P\u00f3ngase en contacto -","robots":{"index":"index","follow":"follow","max-snippet":"max-snippet:-1","max-image-preview":"max-image-preview:large","max-video-preview":"max-video-preview:-1"},"canonical":"https:\/\/asherhoffmanlaw.com\/es\/contact-us\/","og_locale":"es_ES","og_type":"article","og_title":"P\u00f3ngase en contacto -","og_description":"Oficina de Los \u00c1ngeles 3605 Long Beach Blvd. Suite 233-B Long Beach, CA 90807 Correo electr\u00f3nico: info@asherhoffmanlaw.com Llamada: +1 (877) 792-4529 Identificaci\u00f3n WeChat: Asher HoffmanEsq Solicite una consulta gratuita Ubicado en Los \u00c1ngeles, California, el bufete de abogados de Law Offices of Asher Hoffman brinda servicios de abogados expertos en las \u00e1reas de Ley de [&hellip;]","og_url":"https:\/\/asherhoffmanlaw.com\/es\/contact-us\/","article_modified_time":"2025-11-20T06:42:29+00:00","twitter_card":"summary_large_image","twitter_misc":{"Est. reading time":"1 minute"},"schema":{"@context":"https:\/\/schema.org","@graph":[{"@type":"WebPage","@id":"https:\/\/asherhoffmanlaw.com\/es\/contact-us\/","url":"https:\/\/asherhoffmanlaw.com\/es\/contact-us\/","name":"P\u00f3ngase en contacto -","isPartOf":{"@id":"https:\/\/asherhoffmanlaw.com\/es\/#website"},"datePublished":"2018-04-16T02:08:08+00:00","dateModified":"2025-11-20T06:42:29+00:00","breadcrumb":{"@id":"https:\/\/asherhoffmanlaw.com\/es\/contact-us\/#breadcrumb"},"inLanguage":"es-ES","potentialAction":[{"@type":"ReadAction","target":["https:\/\/asherhoffmanlaw.com\/es\/contact-us\/"]}]},{"@type":"BreadcrumbList","@id":"https:\/\/asherhoffmanlaw.com\/es\/contact-us\/#breadcrumb","itemListElement":[{"@type":"ListItem","position":1,"name":"Home","item":"https:\/\/asherhoffmanlaw.com\/es\/casa\/"},{"@type":"ListItem","position":2,"name":"P\u00f3ngase en contacto"}]},{"@type":"WebSite","@id":"https:\/\/asherhoffmanlaw.com\/es\/#website","url":"https:\/\/asherhoffmanlaw.com\/es\/","name":"","description":"Law Offices of Asher Hoffman Law","potentialAction":[{"@type":"SearchAction","target":{"@type":"EntryPoint","urlTemplate":"https:\/\/asherhoffmanlaw.com\/es\/?s={search_term_string}"},"query-input":{"@type":"PropertyValueSpecification","valueRequired":true,"valueName":"search_term_string"}}],"inLanguage":"es-ES"}]}},"_links":{"self":[{"href":"https:\/\/asherhoffmanlaw.com\/es\/wp-json\/wp\/v2\/pages\/1917","targetHints":{"allow":["GET"]}}],"collection":[{"href":"https:\/\/asherhoffmanlaw.com\/es\/wp-json\/wp\/v2\/pages"}],"about":[{"href":"https:\/\/asherhoffmanlaw.com\/es\/wp-json\/wp\/v2\/types\/page"}],"author":[{"embeddable":true,"href":"https:\/\/asherhoffmanlaw.com\/es\/wp-json\/wp\/v2\/users\/1"}],"replies":[{"embeddable":true,"href":"https:\/\/asherhoffmanlaw.com\/es\/wp-json\/wp\/v2\/comments?post=1917"}],"version-history":[{"count":0,"href":"https:\/\/asherhoffmanlaw.com\/es\/wp-json\/wp\/v2\/pages\/1917\/revisions"}],"wp:attachment":[{"href":"https:\/\/asherhoffmanlaw.com\/es\/wp-json\/wp\/v2\/media?parent=1917"}],"curies":[{"name":"wp","href":"https:\/\/api.w.org\/{rel}","templated":true}]}}