{"id":1949,"date":"2018-04-18T02:33:57","date_gmt":"2018-04-18T02:33:57","guid":{"rendered":"https:\/\/asherhoffmanlaw.com\/nuestro-equipo\/asher-hoffman\/"},"modified":"2025-12-27T06:31:29","modified_gmt":"2025-12-27T06:31:29","slug":"asher-hoffman","status":"publish","type":"page","link":"https:\/\/asherhoffmanlaw.com\/es\/our-team\/asher-hoffman\/","title":{"rendered":"Asher Hoffman"},"content":{"rendered":"<h2 style=\"margin-bottom: 5px;\">Founder<\/h2>\n<p style=\"text-align: justify;\"><img loading=\"lazy\" decoding=\"async\" class=\"alignnone size-full wp-image-3462\" src=\"https:\/\/asherhoffmanlaw.com\/wp-content\/uploads\/2025\/11\/attorney-asher-hoffman.webp\" alt=\"Asher Hoffman\" width=\"1707\" height=\"2560\" \/><\/p>\n<div class=\"wpb_text_column wpb_content_element color-white\">\n<div class=\"wpb_wrapper\">\n<p>Asher Hoffman, fundador de Law Offices of Asher Hoffman, centra su pr\u00e1ctica en el Derecho de Tecnolog\u00eda de Reproducci\u00f3n Asistida y en el Derecho de Lesiones Personales.<\/p>\n<p>El American Board of Trial Advocates (ABOTA) seleccion\u00f3 a Asher para servir como becario en su programa anual tras completar la facultad de derecho. Durante esta beca, obtuvo una experiencia \u00fanica y enriquecedora trabajando tanto con firmas de defensa como de demandantes, as\u00ed como con el Honorable Juez Rafael Ongenko en la Corte Superior de Los \u00c1ngeles.<\/p>\n<p>Asher obtuvo su licenciatura en UCLA, donde estudi\u00f3 psicolog\u00eda. Cree firmemente que la psicolog\u00eda y el derecho van de la mano, ya que un abogado debe ayudar a sus clientes a navegar algunos de los momentos m\u00e1s importantes de sus vidas. Durante su tiempo en Southwestern Law School, donde obtuvo su t\u00edtulo de Juris Doctor, Asher form\u00f3 parte del International Law Journal y del programa de Moot Court, profundizando en temas tanto internacionales como nacionales.<\/p>\n<p>Asher est\u00e1 autorizado para ejercer la abogac\u00eda en el Estado de California.<\/p>\n<\/div>\n<\/div>\n<h4 class=\"vc_custom_heading vc_do_custom_heading\">Educaci\u00f3n<\/h4>\n<div class=\"wpb_text_column wpb_content_element color-white\">\n<div class=\"wpb_wrapper\">\n<p>J.D. Southwestern Law School, Los \u00c1ngeles<br \/>\n\u2013 Law Journal de Derecho Internacional<br \/>\n\u2013 Programa de Moot Court<\/p>\n<p>B.A. Universidad de California, Los \u00c1ngeles (UCLA)<\/p>\n<\/div>\n<\/div>\n<p><script type=\"application\/ld+json\">\n{\n  \"@context\": \"https:\/\/schema.org\",\n  \"@type\": \"Person\",\n  \"name\": \"Asher Hoffman\",\n  \"url\": \"https:\/\/asherhoffmanlaw.com\/our-team\/asher-hoffman\/\",\n  \"image\": \"https:\/\/asherhoffmanlaw.com\/wp-content\/uploads\/2025\/11\/attorney-asher-hoffman.webp\",\n  \"sameAs\": [\n    \"https:\/\/www.linkedin.com\/in\/asher-hoffman-esq-77492241\",\n    \"https:\/\/www.instagram.com\/asherhoffmanesq\/\"\n  ],\n  \"jobTitle\": \"Founder Attorney\",\n  \"worksFor\": {\n    \"@type\": \"Organization\",\n    \"name\": \"Law Offices of Asher Hoffman\"\n  },\n  \"address\": {\n    \"@type\": \"PostalAddress\",\n    \"streetAddress\": \"3605 Long Beach Blvd. Suite 233-B\",\n    \"addressLocality\": \"Long Beach\",\n    \"addressRegion\": \"CA\",\n    \"postalCode\": \"90807\",\n    \"addressCountry\": \"US\"\n  },\n  \"telephone\": \"(877) 792-4529\",\n  \"email\": \"info@asherhoffmanlaw.com\"\n}\n<\/script><\/p>\n","protected":false},"excerpt":{"rendered":"<p>Founder Asher Hoffman, fundador de Law Offices of Asher Hoffman, centra su pr\u00e1ctica en el Derecho de Tecnolog\u00eda de Reproducci\u00f3n Asistida y en el Derecho de Lesiones Personales. El American Board of Trial Advocates (ABOTA) seleccion\u00f3 a Asher para servir como becario en su programa anual tras completar la facultad de derecho. Durante esta beca, [&hellip;]<\/p>\n","protected":false},"author":1,"featured_media":0,"parent":1944,"menu_order":0,"comment_status":"closed","ping_status":"closed","template":"templates\/practice-area.php","meta":{"_acf_changed":false,"footnotes":""},"class_list":["post-1949","page","type-page","status-publish","hentry"],"acf":[],"yoast_head":"<!-- This site is optimized with the Yoast SEO plugin v27.0 - https:\/\/yoast.com\/product\/yoast-seo-wordpress\/ -->\n<title>Asher Hoffman | Bufete de abogados de Asher Hoffman<\/title>\n<meta name=\"description\" content=\"Asher Hoffman, de AHL, se especializa en tecnolog\u00eda reproductiva y derecho de lesiones personales. Vis\u00edtenos para obtener m\u00e1s informaci\u00f3n sobre Asher Hoffman.\" \/>\n<meta name=\"robots\" content=\"index, follow, max-snippet:-1, max-image-preview:large, max-video-preview:-1\" \/>\n<link rel=\"canonical\" href=\"https:\/\/asherhoffmanlaw.com\/es\/our-team\/asher-hoffman\/\" \/>\n<meta property=\"og:locale\" content=\"es_ES\" \/>\n<meta property=\"og:type\" content=\"article\" \/>\n<meta property=\"og:title\" content=\"Asher Hoffman | Bufete de abogados de Asher Hoffman\" \/>\n<meta property=\"og:description\" content=\"Asher Hoffman, de AHL, se especializa en tecnolog\u00eda reproductiva y derecho de lesiones personales. Vis\u00edtenos para obtener m\u00e1s informaci\u00f3n sobre Asher Hoffman.\" \/>\n<meta property=\"og:url\" content=\"https:\/\/asherhoffmanlaw.com\/es\/our-team\/asher-hoffman\/\" \/>\n<meta property=\"article:modified_time\" content=\"2025-12-27T06:31:29+00:00\" \/>\n<meta property=\"og:image\" content=\"https:\/\/asherhoffmanlaw.com\/wp-content\/uploads\/2025\/09\/ASHER-19-scaled-1.jpg\" \/>\n\t<meta property=\"og:image:width\" content=\"1707\" \/>\n\t<meta property=\"og:image:height\" content=\"2560\" \/>\n\t<meta property=\"og:image:type\" content=\"image\/jpeg\" \/>\n<meta name=\"twitter:card\" content=\"summary_large_image\" \/>\n<meta name=\"twitter:label1\" content=\"Est. reading time\" \/>\n\t<meta name=\"twitter:data1\" content=\"2 minutes\" \/>\n<!-- \/ Yoast SEO plugin. -->","yoast_head_json":{"title":"Asher Hoffman | Bufete de abogados de Asher Hoffman","description":"Asher Hoffman, de AHL, se especializa en tecnolog\u00eda reproductiva y derecho de lesiones personales. Vis\u00edtenos para obtener m\u00e1s informaci\u00f3n sobre Asher Hoffman.","robots":{"index":"index","follow":"follow","max-snippet":"max-snippet:-1","max-image-preview":"max-image-preview:large","max-video-preview":"max-video-preview:-1"},"canonical":"https:\/\/asherhoffmanlaw.com\/es\/our-team\/asher-hoffman\/","og_locale":"es_ES","og_type":"article","og_title":"Asher Hoffman | Bufete de abogados de Asher Hoffman","og_description":"Asher Hoffman, de AHL, se especializa en tecnolog\u00eda reproductiva y derecho de lesiones personales. Vis\u00edtenos para obtener m\u00e1s informaci\u00f3n sobre Asher Hoffman.","og_url":"https:\/\/asherhoffmanlaw.com\/es\/our-team\/asher-hoffman\/","article_modified_time":"2025-12-27T06:31:29+00:00","og_image":[{"width":1707,"height":2560,"url":"https:\/\/asherhoffmanlaw.com\/wp-content\/uploads\/2025\/09\/ASHER-19-scaled-1.jpg","type":"image\/jpeg"}],"twitter_card":"summary_large_image","twitter_misc":{"Est. reading time":"2 minutes"},"schema":{"@context":"https:\/\/schema.org","@graph":[{"@type":"WebPage","@id":"https:\/\/asherhoffmanlaw.com\/es\/our-team\/asher-hoffman\/","url":"https:\/\/asherhoffmanlaw.com\/es\/our-team\/asher-hoffman\/","name":"Asher Hoffman | Bufete de abogados de Asher Hoffman","isPartOf":{"@id":"https:\/\/asherhoffmanlaw.com\/es\/#website"},"primaryImageOfPage":{"@id":"https:\/\/asherhoffmanlaw.com\/es\/our-team\/asher-hoffman\/#primaryimage"},"image":{"@id":"https:\/\/asherhoffmanlaw.com\/es\/our-team\/asher-hoffman\/#primaryimage"},"thumbnailUrl":"https:\/\/asherhoffmanlaw.com\/wp-content\/uploads\/2025\/11\/attorney-asher-hoffman.webp","datePublished":"2018-04-18T02:33:57+00:00","dateModified":"2025-12-27T06:31:29+00:00","description":"Asher Hoffman, de AHL, se especializa en tecnolog\u00eda reproductiva y derecho de lesiones personales. Vis\u00edtenos para obtener m\u00e1s informaci\u00f3n sobre Asher Hoffman.","breadcrumb":{"@id":"https:\/\/asherhoffmanlaw.com\/es\/our-team\/asher-hoffman\/#breadcrumb"},"inLanguage":"es-ES","potentialAction":[{"@type":"ReadAction","target":["https:\/\/asherhoffmanlaw.com\/es\/our-team\/asher-hoffman\/"]}]},{"@type":"ImageObject","inLanguage":"es-ES","@id":"https:\/\/asherhoffmanlaw.com\/es\/our-team\/asher-hoffman\/#primaryimage","url":"https:\/\/asherhoffmanlaw.com\/wp-content\/uploads\/2025\/11\/attorney-asher-hoffman.webp","contentUrl":"https:\/\/asherhoffmanlaw.com\/wp-content\/uploads\/2025\/11\/attorney-asher-hoffman.webp"},{"@type":"BreadcrumbList","@id":"https:\/\/asherhoffmanlaw.com\/es\/our-team\/asher-hoffman\/#breadcrumb","itemListElement":[{"@type":"ListItem","position":1,"name":"Home","item":"https:\/\/asherhoffmanlaw.com\/es\/casa\/"},{"@type":"ListItem","position":2,"name":"Nuestro equipo","item":"https:\/\/asherhoffmanlaw.com\/es\/our-team\/"},{"@type":"ListItem","position":3,"name":"Asher Hoffman"}]},{"@type":"WebSite","@id":"https:\/\/asherhoffmanlaw.com\/es\/#website","url":"https:\/\/asherhoffmanlaw.com\/es\/","name":"","description":"Law Offices of Asher Hoffman Law","potentialAction":[{"@type":"SearchAction","target":{"@type":"EntryPoint","urlTemplate":"https:\/\/asherhoffmanlaw.com\/es\/?s={search_term_string}"},"query-input":{"@type":"PropertyValueSpecification","valueRequired":true,"valueName":"search_term_string"}}],"inLanguage":"es-ES"}]}},"_links":{"self":[{"href":"https:\/\/asherhoffmanlaw.com\/es\/wp-json\/wp\/v2\/pages\/1949","targetHints":{"allow":["GET"]}}],"collection":[{"href":"https:\/\/asherhoffmanlaw.com\/es\/wp-json\/wp\/v2\/pages"}],"about":[{"href":"https:\/\/asherhoffmanlaw.com\/es\/wp-json\/wp\/v2\/types\/page"}],"author":[{"embeddable":true,"href":"https:\/\/asherhoffmanlaw.com\/es\/wp-json\/wp\/v2\/users\/1"}],"replies":[{"embeddable":true,"href":"https:\/\/asherhoffmanlaw.com\/es\/wp-json\/wp\/v2\/comments?post=1949"}],"version-history":[{"count":0,"href":"https:\/\/asherhoffmanlaw.com\/es\/wp-json\/wp\/v2\/pages\/1949\/revisions"}],"up":[{"embeddable":true,"href":"https:\/\/asherhoffmanlaw.com\/es\/wp-json\/wp\/v2\/pages\/1944"}],"wp:attachment":[{"href":"https:\/\/asherhoffmanlaw.com\/es\/wp-json\/wp\/v2\/media?parent=1949"}],"curies":[{"name":"wp","href":"https:\/\/api.w.org\/{rel}","templated":true}]}}