{"id":1952,"date":"2023-01-15T10:35:41","date_gmt":"2023-01-15T10:35:41","guid":{"rendered":"https:\/\/asherhoffmanlaw.com\/nuestro-equipo\/steve-hoffman\/"},"modified":"2025-12-27T06:43:15","modified_gmt":"2025-12-27T06:43:15","slug":"steve-hoffman","status":"publish","type":"page","link":"https:\/\/asherhoffmanlaw.com\/es\/our-team\/steve-hoffman\/","title":{"rendered":"Steve Hoffman"},"content":{"rendered":"<h2 style=\"margin-bottom: 5px;\">Steve Hoffman<\/h2>\n<p style=\"color: #d9a225; font-weight: bold;\">Asesor Jur\u00eddico Conjunto<\/p>\n<p style=\"text-align: justify;\"><img loading=\"lazy\" decoding=\"async\" class=\"alignnone size-full wp-image-3465\" src=\"https:\/\/asherhoffmanlaw.com\/wp-content\/uploads\/2025\/09\/steve-hoffman-2.jpg\" alt=\"\" width=\"1200\" height=\"1600\" srcset=\"https:\/\/asherhoffmanlaw.com\/wp-content\/uploads\/2025\/09\/steve-hoffman-2.jpg 1200w, https:\/\/asherhoffmanlaw.com\/wp-content\/uploads\/2025\/09\/steve-hoffman-2-225x300.jpg 225w, https:\/\/asherhoffmanlaw.com\/wp-content\/uploads\/2025\/09\/steve-hoffman-2-768x1024.jpg 768w, https:\/\/asherhoffmanlaw.com\/wp-content\/uploads\/2025\/09\/steve-hoffman-2-1152x1536.jpg 1152w\" sizes=\"auto, (max-width: 1200px) 100vw, 1200px\" \/><\/p>\n<p>Steve Hoffman es asesor legal conjunto del bufete Asher Hoffman Law Offices y participa activamente en asuntos de derecho de familia, leyes relacionadas con la gestaci\u00f3n subrogada, derecho de lesiones personales y derecho contractual. Steve Hoffman cuenta con m\u00e1s de treinta a\u00f1os de amplia experiencia profesional, lo que no solo lo ha convertido en uno de los abogados m\u00e1s destacados de California, sino que tambi\u00e9n ha influido profundamente en el alto nivel profesional que caracteriza hoy al despacho. Su meticulosa atenci\u00f3n al detalle y su control preciso de cada asunto garantizan que las necesidades de cada cliente sean atendidas al m\u00e1ximo nivel.<\/p>\n<p>El Sr. Hoffman obtuvo t\u00edtulos en econom\u00eda, filosof\u00eda y contabilidad, y se gradu\u00f3 en 1988 de la prestigiosa Facultad de Derecho de la Universidad de California, Los \u00c1ngeles (UCLA School of Law). Desde entonces, ha representado con determinaci\u00f3n y valent\u00eda a miles de clientes de diversos sectores. Posee una s\u00f3lida experiencia en derecho contractual complejo, disputas familiares y derecho de lesiones personales, teniendo siempre como objetivo principal asegurar la satisfacci\u00f3n del cliente con el resultado final.<\/p>\n<p>El Sr. Hoffman considera que \u201ccuidar de los clientes\u201d es la misi\u00f3n de su vida profesional. \u00c9l afirma:<br \/>\n\u201cEspecialmente en esta \u00e1rea del derecho, un abogado debe, ante todo y como prioridad absoluta, comprender verdaderamente las necesidades del cliente. Solo entonces puede comenzar a ayudarlo a recorrer su camino legal. De hecho, tal como lo refleja la palabra \u2018asesor legal\u2019 (Counselor), un buen abogado no solo presta servicios legales, sino que tambi\u00e9n brinda orientaci\u00f3n y apoyo.\u201d<\/p>\n<p>En su tiempo libre, cuando no est\u00e1 trabajando con clientes, al Sr. Hoffman le gusta pasar tiempo con su esposa y sus hijos. Sus aficiones incluyen la nataci\u00f3n, el tenis de mesa y el ajedrez.<\/p>\n<h4>Educaci\u00f3n<\/h4>\n<p>Facultad de Derecho de la Universidad de California, Los \u00c1ngeles (UCLA School of Law), 1988<\/p>\n","protected":false},"excerpt":{"rendered":"<p>Steve Hoffman Asesor Jur\u00eddico Conjunto Steve Hoffman es asesor legal conjunto del bufete Asher Hoffman Law Offices y participa activamente en asuntos de derecho de familia, leyes relacionadas con la gestaci\u00f3n subrogada, derecho de lesiones personales y derecho contractual. Steve Hoffman cuenta con m\u00e1s de treinta a\u00f1os de amplia experiencia profesional, lo que no solo [&hellip;]<\/p>\n","protected":false},"author":1,"featured_media":0,"parent":1944,"menu_order":0,"comment_status":"closed","ping_status":"closed","template":"","meta":{"_acf_changed":false,"footnotes":""},"class_list":["post-1952","page","type-page","status-publish","hentry"],"acf":[],"yoast_head":"<!-- This site is optimized with the Yoast SEO plugin v27.0 - https:\/\/yoast.com\/product\/yoast-seo-wordpress\/ -->\n<title>Steve Hoffman | Despacho de abogados de Asher Hoffman<\/title>\n<meta name=\"description\" content=\"Steve Hoffman, co-abogado del bufete de abogados Asher Hoffman, cuenta con m\u00e1s de 30 a\u00f1os de experiencia en derecho familiar, lesiones personales, gestaci\u00f3n subrogada y contratos. Lea m\u00e1s.\" \/>\n<meta name=\"robots\" content=\"index, follow, max-snippet:-1, max-image-preview:large, max-video-preview:-1\" \/>\n<link rel=\"canonical\" href=\"https:\/\/asherhoffmanlaw.com\/es\/our-team\/steve-hoffman\/\" \/>\n<meta property=\"og:locale\" content=\"es_ES\" \/>\n<meta property=\"og:type\" content=\"article\" \/>\n<meta property=\"og:title\" content=\"Steve Hoffman | Despacho de abogados de Asher Hoffman\" \/>\n<meta property=\"og:description\" content=\"Steve Hoffman, co-abogado del bufete de abogados Asher Hoffman, cuenta con m\u00e1s de 30 a\u00f1os de experiencia en derecho familiar, lesiones personales, gestaci\u00f3n subrogada y contratos. Lea m\u00e1s.\" \/>\n<meta property=\"og:url\" content=\"https:\/\/asherhoffmanlaw.com\/es\/our-team\/steve-hoffman\/\" \/>\n<meta property=\"article:modified_time\" content=\"2025-12-27T06:43:15+00:00\" \/>\n<meta property=\"og:image\" content=\"https:\/\/asherhoffmanlaw.com\/wp-content\/uploads\/2025\/09\/steve-hoffman-2.jpg\" \/>\n\t<meta property=\"og:image:width\" content=\"1200\" \/>\n\t<meta property=\"og:image:height\" content=\"1600\" \/>\n\t<meta property=\"og:image:type\" content=\"image\/jpeg\" \/>\n<meta name=\"twitter:card\" content=\"summary_large_image\" \/>\n<meta name=\"twitter:label1\" content=\"Est. reading time\" \/>\n\t<meta name=\"twitter:data1\" content=\"2 minutes\" \/>\n<!-- \/ Yoast SEO plugin. -->","yoast_head_json":{"title":"Steve Hoffman | Despacho de abogados de Asher Hoffman","description":"Steve Hoffman, co-abogado del bufete de abogados Asher Hoffman, cuenta con m\u00e1s de 30 a\u00f1os de experiencia en derecho familiar, lesiones personales, gestaci\u00f3n subrogada y contratos. Lea m\u00e1s.","robots":{"index":"index","follow":"follow","max-snippet":"max-snippet:-1","max-image-preview":"max-image-preview:large","max-video-preview":"max-video-preview:-1"},"canonical":"https:\/\/asherhoffmanlaw.com\/es\/our-team\/steve-hoffman\/","og_locale":"es_ES","og_type":"article","og_title":"Steve Hoffman | Despacho de abogados de Asher Hoffman","og_description":"Steve Hoffman, co-abogado del bufete de abogados Asher Hoffman, cuenta con m\u00e1s de 30 a\u00f1os de experiencia en derecho familiar, lesiones personales, gestaci\u00f3n subrogada y contratos. Lea m\u00e1s.","og_url":"https:\/\/asherhoffmanlaw.com\/es\/our-team\/steve-hoffman\/","article_modified_time":"2025-12-27T06:43:15+00:00","og_image":[{"width":1200,"height":1600,"url":"https:\/\/asherhoffmanlaw.com\/wp-content\/uploads\/2025\/09\/steve-hoffman-2.jpg","type":"image\/jpeg"}],"twitter_card":"summary_large_image","twitter_misc":{"Est. reading time":"2 minutes"},"schema":{"@context":"https:\/\/schema.org","@graph":[{"@type":"WebPage","@id":"https:\/\/asherhoffmanlaw.com\/es\/our-team\/steve-hoffman\/","url":"https:\/\/asherhoffmanlaw.com\/es\/our-team\/steve-hoffman\/","name":"Steve Hoffman | Despacho de abogados de Asher Hoffman","isPartOf":{"@id":"https:\/\/asherhoffmanlaw.com\/es\/#website"},"primaryImageOfPage":{"@id":"https:\/\/asherhoffmanlaw.com\/es\/our-team\/steve-hoffman\/#primaryimage"},"image":{"@id":"https:\/\/asherhoffmanlaw.com\/es\/our-team\/steve-hoffman\/#primaryimage"},"thumbnailUrl":"https:\/\/asherhoffmanlaw.com\/wp-content\/uploads\/2025\/09\/steve-hoffman-2.jpg","datePublished":"2023-01-15T10:35:41+00:00","dateModified":"2025-12-27T06:43:15+00:00","description":"Steve Hoffman, co-abogado del bufete de abogados Asher Hoffman, cuenta con m\u00e1s de 30 a\u00f1os de experiencia en derecho familiar, lesiones personales, gestaci\u00f3n subrogada y contratos. Lea m\u00e1s.","breadcrumb":{"@id":"https:\/\/asherhoffmanlaw.com\/es\/our-team\/steve-hoffman\/#breadcrumb"},"inLanguage":"es-ES","potentialAction":[{"@type":"ReadAction","target":["https:\/\/asherhoffmanlaw.com\/es\/our-team\/steve-hoffman\/"]}]},{"@type":"ImageObject","inLanguage":"es-ES","@id":"https:\/\/asherhoffmanlaw.com\/es\/our-team\/steve-hoffman\/#primaryimage","url":"https:\/\/asherhoffmanlaw.com\/wp-content\/uploads\/2025\/09\/steve-hoffman-2.jpg","contentUrl":"https:\/\/asherhoffmanlaw.com\/wp-content\/uploads\/2025\/09\/steve-hoffman-2.jpg"},{"@type":"BreadcrumbList","@id":"https:\/\/asherhoffmanlaw.com\/es\/our-team\/steve-hoffman\/#breadcrumb","itemListElement":[{"@type":"ListItem","position":1,"name":"Home","item":"https:\/\/asherhoffmanlaw.com\/es\/casa\/"},{"@type":"ListItem","position":2,"name":"Nuestro equipo","item":"https:\/\/asherhoffmanlaw.com\/es\/our-team\/"},{"@type":"ListItem","position":3,"name":"Steve Hoffman"}]},{"@type":"WebSite","@id":"https:\/\/asherhoffmanlaw.com\/es\/#website","url":"https:\/\/asherhoffmanlaw.com\/es\/","name":"","description":"Law Offices of Asher Hoffman Law","potentialAction":[{"@type":"SearchAction","target":{"@type":"EntryPoint","urlTemplate":"https:\/\/asherhoffmanlaw.com\/es\/?s={search_term_string}"},"query-input":{"@type":"PropertyValueSpecification","valueRequired":true,"valueName":"search_term_string"}}],"inLanguage":"es-ES"}]}},"_links":{"self":[{"href":"https:\/\/asherhoffmanlaw.com\/es\/wp-json\/wp\/v2\/pages\/1952","targetHints":{"allow":["GET"]}}],"collection":[{"href":"https:\/\/asherhoffmanlaw.com\/es\/wp-json\/wp\/v2\/pages"}],"about":[{"href":"https:\/\/asherhoffmanlaw.com\/es\/wp-json\/wp\/v2\/types\/page"}],"author":[{"embeddable":true,"href":"https:\/\/asherhoffmanlaw.com\/es\/wp-json\/wp\/v2\/users\/1"}],"replies":[{"embeddable":true,"href":"https:\/\/asherhoffmanlaw.com\/es\/wp-json\/wp\/v2\/comments?post=1952"}],"version-history":[{"count":0,"href":"https:\/\/asherhoffmanlaw.com\/es\/wp-json\/wp\/v2\/pages\/1952\/revisions"}],"up":[{"embeddable":true,"href":"https:\/\/asherhoffmanlaw.com\/es\/wp-json\/wp\/v2\/pages\/1944"}],"wp:attachment":[{"href":"https:\/\/asherhoffmanlaw.com\/es\/wp-json\/wp\/v2\/media?parent=1952"}],"curies":[{"name":"wp","href":"https:\/\/api.w.org\/{rel}","templated":true}]}}