{"id":1955,"date":"2023-01-15T10:39:33","date_gmt":"2023-01-15T10:39:33","guid":{"rendered":"https:\/\/asherhoffmanlaw.com\/nuestro-equipo\/lisa-li\/"},"modified":"2025-12-27T06:35:54","modified_gmt":"2025-12-27T06:35:54","slug":"lisa-li","status":"publish","type":"page","link":"https:\/\/asherhoffmanlaw.com\/es\/our-team\/lisa-li\/","title":{"rendered":"Lisa Li"},"content":{"rendered":"<h2 style=\"margin-bottom: 5px;\">Director de Relaciones con el Cliente y Coordinaci\u00f3n de Clientes<\/h2>\n<p style=\"text-align: justify;\"><img loading=\"lazy\" decoding=\"async\" class=\"alignnone size-full wp-image-3468\" src=\"https:\/\/asherhoffmanlaw.com\/wp-content\/uploads\/2025\/09\/asherhoffman-22.jpg\" alt=\"\" width=\"382\" height=\"512\" srcset=\"https:\/\/asherhoffmanlaw.com\/wp-content\/uploads\/2025\/09\/asherhoffman-22.jpg 382w, https:\/\/asherhoffmanlaw.com\/wp-content\/uploads\/2025\/09\/asherhoffman-22-224x300.jpg 224w\" sizes=\"auto, (max-width: 382px) 100vw, 382px\" \/><\/p>\n<p>Lisa Li es biling\u00fce y domina con fluidez tanto el ingl\u00e9s como el chino. Ha trabajado en m\u00e1s de 1,000 casos relacionados con la subrogaci\u00f3n y la donaci\u00f3n de gametos. Lisa cuenta con m\u00e1s de cinco a\u00f1os de experiencia en derecho de familia y ha trabajado con clientes de todo el mundo. Recientemente obtuvo su licenciatura en la Universidad de California, Los \u00c1ngeles (UCLA) y actualmente se encuentra en camino de obtener su t\u00edtulo de Juris Doctor en Southwestern Law School en Los \u00c1ngeles, California.<\/p>\n<p>Como Directora de Relaciones con los Clientes, Lisa tiene una capacidad \u00fanica para asistir a nuestros clientes a lo largo de cualquier proceso legal. Su mayor fortaleza es su habilidad para comprender las necesidades de cada uno de nuestros clientes, lo que nos permite enfocar todos nuestros recursos en lograr resultados positivos. Como inmigrante de China, Lisa entiende las dificultades de navegar en nuevos entornos y utiliza esta experiencia para empatizar profundamente con nuestros clientes, independientemente de sus circunstancias.<\/p>\n<h4>Educaci\u00f3n<\/h4>\n<p>B.A. Universidad de California, Los \u00c1ngeles (UCLA)<\/p>\n","protected":false},"excerpt":{"rendered":"<p>Director de Relaciones con el Cliente y Coordinaci\u00f3n de Clientes Lisa Li es biling\u00fce y domina con fluidez tanto el ingl\u00e9s como el chino. Ha trabajado en m\u00e1s de 1,000 casos relacionados con la subrogaci\u00f3n y la donaci\u00f3n de gametos. Lisa cuenta con m\u00e1s de cinco a\u00f1os de experiencia en derecho de familia y ha [&hellip;]<\/p>\n","protected":false},"author":1,"featured_media":0,"parent":1944,"menu_order":0,"comment_status":"closed","ping_status":"closed","template":"","meta":{"_acf_changed":false,"footnotes":""},"class_list":["post-1955","page","type-page","status-publish","hentry"],"acf":[],"yoast_head":"<!-- This site is optimized with the Yoast SEO plugin v27.0 - https:\/\/yoast.com\/product\/yoast-seo-wordpress\/ -->\n<title>Lisa Li | Despacho de abogados de Asher Hoffman<\/title>\n<meta name=\"description\" content=\"Lisa Li, biling\u00fce en ingl\u00e9s y chino, cuenta con m\u00e1s de 5 a\u00f1os de experiencia en derecho de familia, habiendo gestionado m\u00e1s de 1000 casos de gestaci\u00f3n subrogada y donaci\u00f3n de gametos a nivel mundial. M\u00e1s informaci\u00f3n.\" \/>\n<meta name=\"robots\" content=\"index, follow, max-snippet:-1, max-image-preview:large, max-video-preview:-1\" \/>\n<link rel=\"canonical\" href=\"https:\/\/asherhoffmanlaw.com\/es\/our-team\/lisa-li\/\" \/>\n<meta property=\"og:locale\" content=\"es_ES\" \/>\n<meta property=\"og:type\" content=\"article\" \/>\n<meta property=\"og:title\" content=\"Lisa Li | Despacho de abogados de Asher Hoffman\" \/>\n<meta property=\"og:description\" content=\"Lisa Li, biling\u00fce en ingl\u00e9s y chino, cuenta con m\u00e1s de 5 a\u00f1os de experiencia en derecho de familia, habiendo gestionado m\u00e1s de 1000 casos de gestaci\u00f3n subrogada y donaci\u00f3n de gametos a nivel mundial. M\u00e1s informaci\u00f3n.\" \/>\n<meta property=\"og:url\" content=\"https:\/\/asherhoffmanlaw.com\/es\/our-team\/lisa-li\/\" \/>\n<meta property=\"article:modified_time\" content=\"2025-12-27T06:35:54+00:00\" \/>\n<meta property=\"og:image\" content=\"https:\/\/asherhoffmanlaw.com\/wp-content\/uploads\/2025\/09\/asherhoffman-22.jpg\" \/>\n\t<meta property=\"og:image:width\" content=\"382\" \/>\n\t<meta property=\"og:image:height\" content=\"512\" \/>\n\t<meta property=\"og:image:type\" content=\"image\/jpeg\" \/>\n<meta name=\"twitter:card\" content=\"summary_large_image\" \/>\n<meta name=\"twitter:label1\" content=\"Est. reading time\" \/>\n\t<meta name=\"twitter:data1\" content=\"1 minute\" \/>\n<!-- \/ Yoast SEO plugin. -->","yoast_head_json":{"title":"Lisa Li | Despacho de abogados de Asher Hoffman","description":"Lisa Li, biling\u00fce en ingl\u00e9s y chino, cuenta con m\u00e1s de 5 a\u00f1os de experiencia en derecho de familia, habiendo gestionado m\u00e1s de 1000 casos de gestaci\u00f3n subrogada y donaci\u00f3n de gametos a nivel mundial. M\u00e1s informaci\u00f3n.","robots":{"index":"index","follow":"follow","max-snippet":"max-snippet:-1","max-image-preview":"max-image-preview:large","max-video-preview":"max-video-preview:-1"},"canonical":"https:\/\/asherhoffmanlaw.com\/es\/our-team\/lisa-li\/","og_locale":"es_ES","og_type":"article","og_title":"Lisa Li | Despacho de abogados de Asher Hoffman","og_description":"Lisa Li, biling\u00fce en ingl\u00e9s y chino, cuenta con m\u00e1s de 5 a\u00f1os de experiencia en derecho de familia, habiendo gestionado m\u00e1s de 1000 casos de gestaci\u00f3n subrogada y donaci\u00f3n de gametos a nivel mundial. M\u00e1s informaci\u00f3n.","og_url":"https:\/\/asherhoffmanlaw.com\/es\/our-team\/lisa-li\/","article_modified_time":"2025-12-27T06:35:54+00:00","og_image":[{"width":382,"height":512,"url":"https:\/\/asherhoffmanlaw.com\/wp-content\/uploads\/2025\/09\/asherhoffman-22.jpg","type":"image\/jpeg"}],"twitter_card":"summary_large_image","twitter_misc":{"Est. reading time":"1 minute"},"schema":{"@context":"https:\/\/schema.org","@graph":[{"@type":"WebPage","@id":"https:\/\/asherhoffmanlaw.com\/es\/our-team\/lisa-li\/","url":"https:\/\/asherhoffmanlaw.com\/es\/our-team\/lisa-li\/","name":"Lisa Li | Despacho de abogados de Asher Hoffman","isPartOf":{"@id":"https:\/\/asherhoffmanlaw.com\/es\/#website"},"primaryImageOfPage":{"@id":"https:\/\/asherhoffmanlaw.com\/es\/our-team\/lisa-li\/#primaryimage"},"image":{"@id":"https:\/\/asherhoffmanlaw.com\/es\/our-team\/lisa-li\/#primaryimage"},"thumbnailUrl":"https:\/\/asherhoffmanlaw.com\/wp-content\/uploads\/2025\/09\/asherhoffman-22.jpg","datePublished":"2023-01-15T10:39:33+00:00","dateModified":"2025-12-27T06:35:54+00:00","description":"Lisa Li, biling\u00fce en ingl\u00e9s y chino, cuenta con m\u00e1s de 5 a\u00f1os de experiencia en derecho de familia, habiendo gestionado m\u00e1s de 1000 casos de gestaci\u00f3n subrogada y donaci\u00f3n de gametos a nivel mundial. M\u00e1s informaci\u00f3n.","breadcrumb":{"@id":"https:\/\/asherhoffmanlaw.com\/es\/our-team\/lisa-li\/#breadcrumb"},"inLanguage":"es-ES","potentialAction":[{"@type":"ReadAction","target":["https:\/\/asherhoffmanlaw.com\/es\/our-team\/lisa-li\/"]}]},{"@type":"ImageObject","inLanguage":"es-ES","@id":"https:\/\/asherhoffmanlaw.com\/es\/our-team\/lisa-li\/#primaryimage","url":"https:\/\/asherhoffmanlaw.com\/wp-content\/uploads\/2025\/09\/asherhoffman-22.jpg","contentUrl":"https:\/\/asherhoffmanlaw.com\/wp-content\/uploads\/2025\/09\/asherhoffman-22.jpg"},{"@type":"BreadcrumbList","@id":"https:\/\/asherhoffmanlaw.com\/es\/our-team\/lisa-li\/#breadcrumb","itemListElement":[{"@type":"ListItem","position":1,"name":"Home","item":"https:\/\/asherhoffmanlaw.com\/es\/casa\/"},{"@type":"ListItem","position":2,"name":"Nuestro equipo","item":"https:\/\/asherhoffmanlaw.com\/es\/our-team\/"},{"@type":"ListItem","position":3,"name":"Lisa Li"}]},{"@type":"WebSite","@id":"https:\/\/asherhoffmanlaw.com\/es\/#website","url":"https:\/\/asherhoffmanlaw.com\/es\/","name":"","description":"Law Offices of Asher Hoffman Law","potentialAction":[{"@type":"SearchAction","target":{"@type":"EntryPoint","urlTemplate":"https:\/\/asherhoffmanlaw.com\/es\/?s={search_term_string}"},"query-input":{"@type":"PropertyValueSpecification","valueRequired":true,"valueName":"search_term_string"}}],"inLanguage":"es-ES"}]}},"_links":{"self":[{"href":"https:\/\/asherhoffmanlaw.com\/es\/wp-json\/wp\/v2\/pages\/1955","targetHints":{"allow":["GET"]}}],"collection":[{"href":"https:\/\/asherhoffmanlaw.com\/es\/wp-json\/wp\/v2\/pages"}],"about":[{"href":"https:\/\/asherhoffmanlaw.com\/es\/wp-json\/wp\/v2\/types\/page"}],"author":[{"embeddable":true,"href":"https:\/\/asherhoffmanlaw.com\/es\/wp-json\/wp\/v2\/users\/1"}],"replies":[{"embeddable":true,"href":"https:\/\/asherhoffmanlaw.com\/es\/wp-json\/wp\/v2\/comments?post=1955"}],"version-history":[{"count":0,"href":"https:\/\/asherhoffmanlaw.com\/es\/wp-json\/wp\/v2\/pages\/1955\/revisions"}],"up":[{"embeddable":true,"href":"https:\/\/asherhoffmanlaw.com\/es\/wp-json\/wp\/v2\/pages\/1944"}],"wp:attachment":[{"href":"https:\/\/asherhoffmanlaw.com\/es\/wp-json\/wp\/v2\/media?parent=1955"}],"curies":[{"name":"wp","href":"https:\/\/api.w.org\/{rel}","templated":true}]}}