{"id":1962,"date":"2023-01-15T09:15:32","date_gmt":"2023-01-15T09:15:32","guid":{"rendered":"https:\/\/asherhoffmanlaw.com\/personal-injury-law\/"},"modified":"2025-12-27T12:11:40","modified_gmt":"2025-12-27T12:11:40","slug":"personal-injury-law","status":"publish","type":"page","link":"https:\/\/asherhoffmanlaw.com\/es\/personal-injury-law\/","title":{"rendered":"Derecho de da\u00f1os personales"},"content":{"rendered":"<p>Law Offices of Asher Hoffman est\u00e1 listo para ayudarle si usted ha sufrido una lesi\u00f3n. Nuestras \u00e1reas de pr\u00e1ctica incluyen accidentes automovil\u00edsticos, resbalones y ca\u00eddas, intoxicaci\u00f3n alimentaria, quemaduras, par\u00e1lisis, amputaciones, homicidio culposo y m\u00e1s.<\/p>\n<p>Nuestra firma de lesiones personales ayuda a las personas y sus familias que han sufrido una lesi\u00f3n en un accidente. Si usted o alguien que conoce ha sufrido lesiones, ll\u00e1menos ahora o p\u00f3ngase en contacto con nosotros en l\u00ednea.<\/p>\n<p>Steve A. Hoffman, Esq. es un co-consejero de Asher Hoffman Ley, y un miembro fundador de la pr\u00e1ctica de lesiones personales y tiene muchos triunfos tanto dentro como fuera de la sala del tribunal. Con m\u00e1s de 29 a\u00f1os de experiencia, Steve Hoffman ha ayudado a miles de clientes satisfechos y la recuperaci\u00f3n de m\u00e1s de $ 30 millones en veredictos y acuerdos.<\/p>\n<p>Una lesi\u00f3n puede suponer meses de facturas m\u00e9dicas y bajas laborales. Desde un accidente automovil\u00edstico a una quemadura, desde una mordedura de perro a una amputaci\u00f3n, o incluso una negligencia m\u00e9dica, hay una serie de cosas que pueden causar dolor y traumas graves. Si su lesi\u00f3n se debi\u00f3 a la negligencia de otra persona, podr\u00eda recibir justicia por su accidente.<\/p>\n<p>Si usted est\u00e1 buscando justicia y compensaci\u00f3n por un accidente, usted necesita encontrar el mejor abogado de lesiones personales que los bufetes de abogados de Los \u00c1ngeles tienen para ofrecer. Esperamos poder discutir su caso con usted.<\/p>\n<h2>SIN RECUPERACI\u00d3N = SIN HONORARIOS.<\/h2>\n<p>Para los casos de lesiones, trabajamos s\u00f3lo en base a honorarios de contingencia. Esto significa que no cobramos a menos que usted lo haga. Nunca pediremos ni un d\u00f3lar.<br \/>\n<a href=\"https:\/\/asherhoffmanlaw.com\/es\/contact-us\/\">Cont\u00e1ctenos ahora para una consulta gratuita.<\/a><\/p>\n<p>Los da\u00f1os personales incluyen toda clase de lesiones al cuerpo, las emociones o la reputaci\u00f3n de una persona, a diferencia de las lesiones a los derechos de propiedad.<\/p>\n<p><strong>Existen tres motivos para presentar una demanda por da\u00f1os personales:<\/strong><\/p>\n<p>1. La negligencia es el fundamento m\u00e1s com\u00fan de las demandas por lesiones personales. La responsabilidad por negligencia se basa en el hecho de que un individuo no se comporta con el nivel de cuidado que alguien con prudencia ordinaria habr\u00eda tenido en las mismas circunstancias. Por ejemplo, un cazador que por descuido dispara su arma hacia otras personas.<\/p>\n<p>2. La responsabilidad objetiva responsabiliza a un demandado por cometer una acci\u00f3n, independientemente de cu\u00e1l fuera su intenci\u00f3n o estado mental al cometerla. Por ejemplo, si se produce una lesi\u00f3n como consecuencia de un defecto en un producto, el fabricante es responsable de esa lesi\u00f3n aunque no haya actuado con negligencia ni haya tenido la intenci\u00f3n de que su producto causara da\u00f1os.<\/p>\n<p>3. Los da\u00f1os intencionados son el resultado de un acto intencionado del demandado. Los delitos dolosos m\u00e1s comunes son agresi\u00f3n, asalto, detenci\u00f3n ilegal, usurpaci\u00f3n de tierras, usurpaci\u00f3n de bienes muebles e imposici\u00f3n intencionada de angustia emocional.<\/p>\n<p><strong>Las demandas por lesiones personales pueden surgir por da\u00f1os causados al cuerpo. Por ejemplo:<\/strong><br \/>\n&#8211; Accidentes de autom\u00f3vil<br \/>\n&#8211; Accidentes laborales<br \/>\n&#8211; Agresi\u00f3n<br \/>\n&#8211; Accidentes por defectos de productos<br \/>\n&#8211; Negligencia m\u00e9dica<br \/>\n&#8211; Abuso en residencias de ancianos<br \/>\n&#8211; Agravios t\u00f3xicos<\/p>\n<p>Las reclamaciones por da\u00f1os personales tambi\u00e9n pueden derivarse de da\u00f1os no corporales. Por ejemplo:<br \/>\n&#8211; Inflicci\u00f3n intencionada de angustia emocional<br \/>\n&#8211; Difamaci\u00f3n<br \/>\n&#8211; Detenci\u00f3n, arresto o encarcelamiento falsos<br \/>\n&#8211; Persecuci\u00f3n maliciosa<br \/>\n&#8211; Invasi\u00f3n de la intimidad.<\/p>\n<p>Si la demanda prospera, el demandante recibir\u00e1 una indemnizaci\u00f3n por da\u00f1os y perjuicios. Los da\u00f1os y perjuicios est\u00e1n destinados a compensar a la parte perjudicada por su p\u00e9rdida. Los da\u00f1os y perjuicios por lesiones personales pueden incluir, pero no se limitan a, los siguientes:<br \/>\n&#8211; Gastos m\u00e9dicos<br \/>\n&#8211; Salarios perdidos<br \/>\n&#8211; Dolor y sufrimiento<br \/>\n&#8211; Angustia mental y emocional<br \/>\n&#8211; Asistencia dom\u00e9stica<br \/>\n&#8211; Gastos de viaje<\/p>\n<p><a href=\"https:\/\/asherhoffmanlaw.com\/es\/contact-us\/\">Cont\u00e1ctenos ahora para una consulta gratuita.<\/a><\/p>\n","protected":false},"excerpt":{"rendered":"<p>Law Offices of Asher Hoffman est\u00e1 listo para ayudarle si usted ha sufrido una lesi\u00f3n. Nuestras \u00e1reas de pr\u00e1ctica incluyen accidentes automovil\u00edsticos, resbalones y ca\u00eddas, intoxicaci\u00f3n alimentaria, quemaduras, par\u00e1lisis, amputaciones, homicidio culposo y m\u00e1s. Nuestra firma de lesiones personales ayuda a las personas y sus familias que han sufrido una lesi\u00f3n en un accidente. Si [&hellip;]<\/p>\n","protected":false},"author":1,"featured_media":0,"parent":0,"menu_order":0,"comment_status":"closed","ping_status":"closed","template":"","meta":{"_acf_changed":false,"footnotes":""},"class_list":["post-1962","page","type-page","status-publish","hentry"],"acf":[],"yoast_head":"<!-- This site is optimized with the Yoast SEO plugin v27.0 - https:\/\/yoast.com\/product\/yoast-seo-wordpress\/ -->\n<title>Abogado de lesiones personales en Long Beach, CA<\/title>\n<meta name=\"description\" content=\"Bufete de Asher Hoffman: Abogado de lesiones personales en Long Beach que ofrece resultados de alta calidad. Obtenga asesoramiento confiable con una consulta gratuita hoy mismo.\" \/>\n<meta name=\"robots\" content=\"index, follow, max-snippet:-1, max-image-preview:large, max-video-preview:-1\" \/>\n<link rel=\"canonical\" href=\"https:\/\/asherhoffmanlaw.com\/es\/personal-injury-law\/\" \/>\n<meta property=\"og:locale\" content=\"es_ES\" \/>\n<meta property=\"og:type\" content=\"article\" \/>\n<meta property=\"og:title\" content=\"Abogado de lesiones personales en Long Beach, CA\" \/>\n<meta property=\"og:description\" content=\"Bufete de Asher Hoffman: Abogado de lesiones personales en Long Beach que ofrece resultados de alta calidad. Obtenga asesoramiento confiable con una consulta gratuita hoy mismo.\" \/>\n<meta property=\"og:url\" content=\"https:\/\/asherhoffmanlaw.com\/es\/personal-injury-law\/\" \/>\n<meta property=\"article:modified_time\" content=\"2025-12-27T12:11:40+00:00\" \/>\n<meta name=\"twitter:card\" content=\"summary_large_image\" \/>\n<meta name=\"twitter:label1\" content=\"Est. reading time\" \/>\n\t<meta name=\"twitter:data1\" content=\"3 minutes\" \/>\n<!-- \/ Yoast SEO plugin. -->","yoast_head_json":{"title":"Abogado de lesiones personales en Long Beach, CA","description":"Bufete de Asher Hoffman: Abogado de lesiones personales en Long Beach que ofrece resultados de alta calidad. Obtenga asesoramiento confiable con una consulta gratuita hoy mismo.","robots":{"index":"index","follow":"follow","max-snippet":"max-snippet:-1","max-image-preview":"max-image-preview:large","max-video-preview":"max-video-preview:-1"},"canonical":"https:\/\/asherhoffmanlaw.com\/es\/personal-injury-law\/","og_locale":"es_ES","og_type":"article","og_title":"Abogado de lesiones personales en Long Beach, CA","og_description":"Bufete de Asher Hoffman: Abogado de lesiones personales en Long Beach que ofrece resultados de alta calidad. Obtenga asesoramiento confiable con una consulta gratuita hoy mismo.","og_url":"https:\/\/asherhoffmanlaw.com\/es\/personal-injury-law\/","article_modified_time":"2025-12-27T12:11:40+00:00","twitter_card":"summary_large_image","twitter_misc":{"Est. reading time":"3 minutes"},"schema":{"@context":"https:\/\/schema.org","@graph":[{"@type":"WebPage","@id":"https:\/\/asherhoffmanlaw.com\/es\/personal-injury-law\/","url":"https:\/\/asherhoffmanlaw.com\/es\/personal-injury-law\/","name":"Abogado de lesiones personales en Long Beach, CA","isPartOf":{"@id":"https:\/\/asherhoffmanlaw.com\/es\/#website"},"datePublished":"2023-01-15T09:15:32+00:00","dateModified":"2025-12-27T12:11:40+00:00","description":"Bufete de Asher Hoffman: Abogado de lesiones personales en Long Beach que ofrece resultados de alta calidad. Obtenga asesoramiento confiable con una consulta gratuita hoy mismo.","breadcrumb":{"@id":"https:\/\/asherhoffmanlaw.com\/es\/personal-injury-law\/#breadcrumb"},"inLanguage":"es-ES","potentialAction":[{"@type":"ReadAction","target":["https:\/\/asherhoffmanlaw.com\/es\/personal-injury-law\/"]}]},{"@type":"BreadcrumbList","@id":"https:\/\/asherhoffmanlaw.com\/es\/personal-injury-law\/#breadcrumb","itemListElement":[{"@type":"ListItem","position":1,"name":"Home","item":"https:\/\/asherhoffmanlaw.com\/es\/casa\/"},{"@type":"ListItem","position":2,"name":"Derecho de da\u00f1os personales"}]},{"@type":"WebSite","@id":"https:\/\/asherhoffmanlaw.com\/es\/#website","url":"https:\/\/asherhoffmanlaw.com\/es\/","name":"","description":"Law Offices of Asher Hoffman Law","potentialAction":[{"@type":"SearchAction","target":{"@type":"EntryPoint","urlTemplate":"https:\/\/asherhoffmanlaw.com\/es\/?s={search_term_string}"},"query-input":{"@type":"PropertyValueSpecification","valueRequired":true,"valueName":"search_term_string"}}],"inLanguage":"es-ES"}]}},"_links":{"self":[{"href":"https:\/\/asherhoffmanlaw.com\/es\/wp-json\/wp\/v2\/pages\/1962","targetHints":{"allow":["GET"]}}],"collection":[{"href":"https:\/\/asherhoffmanlaw.com\/es\/wp-json\/wp\/v2\/pages"}],"about":[{"href":"https:\/\/asherhoffmanlaw.com\/es\/wp-json\/wp\/v2\/types\/page"}],"author":[{"embeddable":true,"href":"https:\/\/asherhoffmanlaw.com\/es\/wp-json\/wp\/v2\/users\/1"}],"replies":[{"embeddable":true,"href":"https:\/\/asherhoffmanlaw.com\/es\/wp-json\/wp\/v2\/comments?post=1962"}],"version-history":[{"count":0,"href":"https:\/\/asherhoffmanlaw.com\/es\/wp-json\/wp\/v2\/pages\/1962\/revisions"}],"wp:attachment":[{"href":"https:\/\/asherhoffmanlaw.com\/es\/wp-json\/wp\/v2\/media?parent=1962"}],"curies":[{"name":"wp","href":"https:\/\/api.w.org\/{rel}","templated":true}]}}