{"id":1967,"date":"2023-01-15T09:15:03","date_gmt":"2023-01-15T09:15:03","guid":{"rendered":"https:\/\/asherhoffmanlaw.com\/gamete-donation\/"},"modified":"2025-11-20T06:36:10","modified_gmt":"2025-11-20T06:36:10","slug":"gamete-donation","status":"publish","type":"page","link":"https:\/\/asherhoffmanlaw.com\/es\/gamete-donation\/","title":{"rendered":"de donaci\u00f3n de gametos"},"content":{"rendered":"<p>Law Offices of Asher Hoffman est\u00e1 listo para hacerse cargo de todas sus necesidades legales de donaci\u00f3n de gametos Con sede en California, nuestro equipo ha acumulado una vasta experiencia como abogados para la donaci\u00f3n de gametos en todo el mundo. Nuestro equipo ha trabajado con clientes de China, Taiw\u00e1n, Nueva Zelanda, \u00c1frica, Jap\u00f3n y Canad\u00e1, entre otros.<\/p>\n<p>Law Offices of Asher Hoffman entiende que el proceso de donaci\u00f3n de gametos puede ser muy detallado y desafiante a veces. Por lo tanto, nuestra misi\u00f3n es cuidar de los aspectos legales de la donaci\u00f3n de gametos para que usted pueda centrarse en la construcci\u00f3n de una familia. Su familia y su salud son lo primero y es crucial elegir un bufete que se preocupe por su bienestar y entienda todas las facetas de la ley de donaci\u00f3n de gametos para que nuestros clientes puedan tener un viaje de donaci\u00f3n de gametos sin problemas. Law Offices of Asher Hoffman se encargar\u00e1 de todo el viaje legal de donaci\u00f3n de gametos para usted con sensibilidad hacia todas sus necesidades con cohesi\u00f3n y colaboraci\u00f3n.<\/p>\n<p>Nosotros nos encargaremos de todos los aspectos legales y tambi\u00e9n podemos ayudarle a encontrar los profesionales de buena reputaci\u00f3n y establecidos para satisfacer todas sus necesidades a lo largo de este proceso significativo y hermoso. Law Offices of Asher Hoffman tambi\u00e9n est\u00e1 conectado con muchas agencias de fertilidad de terceros de confianza y cl\u00ednicas m\u00e9dicas que pueden ayudarle con cualquier procedimiento.<\/p>\n<p>Law Offices of Asher Hoffman utiliza nuestros m\u00e1s de 40 a\u00f1os combinados de experiencia legal, as\u00ed como nuestra profunda investigaci\u00f3n y comprensi\u00f3n para crear contratos colaborativos y eficaces que se adapten a todas sus necesidades. Nos enorgullecemos de ponernos en la piel de todos y cada uno de nuestros clientes y preguntarnos cu\u00e1l es el mejor enfoque posible para el contrato en cuesti\u00f3n. Nuestra gran comprensi\u00f3n de los acuerdos de donaci\u00f3n de gametos y nuestra experiencia en este campo nos permite ayudar a nuestros clientes a tener un viaje legal sin problemas a trav\u00e9s de este proceso para que puedan centrarse en la construcci\u00f3n de sus familias.<\/p>\n<p>La donaci\u00f3n de gametos es un acto de bondad que puede cambiar para siempre la vida de otra persona. Convertirse en donante significa dar a otra persona la oportunidad de hacer realidad su sue\u00f1o de construir y formar una familia.<\/p>\n<p>Recibir una donaci\u00f3n de gametos puede ser la respuesta largamente buscada por quienes ya han probado otros procedimientos de infertilidad o por quienes nacieron con problemas como la infertilidad. La donaci\u00f3n de gametos tambi\u00e9n puede ayudar a parejas masculinas del mismo sexo a tener un beb\u00e9.<\/p>\n<p>Law Offices of Asher Hoffman Gamete Donation Legal Services We at Law Offices of Asher Hoffman offer all of these services to our clients:<\/p>\n<p>&#8211; Draft gamete (egg\/sperm\/embryo) donation agreements to fit all of our clients needs.<br \/>\n&#8211; Provide legal review and helpful advice on gamete donation agreements.<br \/>\n&#8211; Draft legal clearance letters required by physicians and any other party assisting in the donation process<br \/>\n&#8211; Keep all necessary parties informed on contract process and legal proceedings<br \/>\n&#8211; Manage the fund for your donation process through a trust account<br \/>\n&#8211; Provide all legal services or representation necessary to protect the rights of the parents or the donor<\/p>\n","protected":false},"excerpt":{"rendered":"<p>Law Offices of Asher Hoffman est\u00e1 listo para hacerse cargo de todas sus necesidades legales de donaci\u00f3n de gametos Con sede en California, nuestro equipo ha acumulado una vasta experiencia como abogados para la donaci\u00f3n de gametos en todo el mundo. Nuestro equipo ha trabajado con clientes de China, Taiw\u00e1n, Nueva Zelanda, \u00c1frica, Jap\u00f3n y [&hellip;]<\/p>\n","protected":false},"author":1,"featured_media":0,"parent":0,"menu_order":0,"comment_status":"closed","ping_status":"closed","template":"","meta":{"_acf_changed":false,"footnotes":""},"class_list":["post-1967","page","type-page","status-publish","hentry"],"acf":[],"yoast_head":"<!-- This site is optimized with the Yoast SEO plugin v27.0 - https:\/\/yoast.com\/product\/yoast-seo-wordpress\/ -->\n<title>Abogado especializado en donaci\u00f3n de gametos Long Beach | Bufete de Asher Hoffman<\/title>\n<meta name=\"description\" content=\"El bufete de abogados Asher Hoffman, especializado en donaciones de gemete en Long Beach, protege sus derechos parentales con asesoramiento legal confiable para casos de gestaci\u00f3n subrogada. Ll\u00e1menos.\" \/>\n<meta name=\"robots\" content=\"noindex, nofollow\" \/>\n<meta property=\"og:locale\" content=\"es_ES\" \/>\n<meta property=\"og:type\" content=\"article\" \/>\n<meta property=\"og:title\" content=\"Abogado especializado en donaci\u00f3n de gametos Long Beach | Bufete de Asher Hoffman\" \/>\n<meta property=\"og:description\" content=\"El bufete de abogados Asher Hoffman, especializado en donaciones de gemete en Long Beach, protege sus derechos parentales con asesoramiento legal confiable para casos de gestaci\u00f3n subrogada. Ll\u00e1menos.\" \/>\n<meta property=\"og:url\" content=\"https:\/\/asherhoffmanlaw.com\/es\/gamete-donation\/\" \/>\n<meta property=\"article:modified_time\" content=\"2025-11-20T06:36:10+00:00\" \/>\n<meta name=\"twitter:card\" content=\"summary_large_image\" \/>\n<meta name=\"twitter:label1\" content=\"Est. reading time\" \/>\n\t<meta name=\"twitter:data1\" content=\"3 minutes\" \/>\n<!-- \/ Yoast SEO plugin. -->","yoast_head_json":{"title":"Abogado especializado en donaci\u00f3n de gametos Long Beach | Bufete de Asher Hoffman","description":"El bufete de abogados Asher Hoffman, especializado en donaciones de gemete en Long Beach, protege sus derechos parentales con asesoramiento legal confiable para casos de gestaci\u00f3n subrogada. Ll\u00e1menos.","robots":{"index":"noindex","follow":"nofollow"},"og_locale":"es_ES","og_type":"article","og_title":"Abogado especializado en donaci\u00f3n de gametos Long Beach | Bufete de Asher Hoffman","og_description":"El bufete de abogados Asher Hoffman, especializado en donaciones de gemete en Long Beach, protege sus derechos parentales con asesoramiento legal confiable para casos de gestaci\u00f3n subrogada. Ll\u00e1menos.","og_url":"https:\/\/asherhoffmanlaw.com\/es\/gamete-donation\/","article_modified_time":"2025-11-20T06:36:10+00:00","twitter_card":"summary_large_image","twitter_misc":{"Est. reading time":"3 minutes"},"schema":{"@context":"https:\/\/schema.org","@graph":[{"@type":"WebPage","@id":"https:\/\/asherhoffmanlaw.com\/es\/gamete-donation\/","url":"https:\/\/asherhoffmanlaw.com\/es\/gamete-donation\/","name":"Abogado especializado en donaci\u00f3n de gametos Long Beach | Bufete de Asher Hoffman","isPartOf":{"@id":"https:\/\/asherhoffmanlaw.com\/es\/#website"},"datePublished":"2023-01-15T09:15:03+00:00","dateModified":"2025-11-20T06:36:10+00:00","description":"El bufete de abogados Asher Hoffman, especializado en donaciones de gemete en Long Beach, protege sus derechos parentales con asesoramiento legal confiable para casos de gestaci\u00f3n subrogada. Ll\u00e1menos.","breadcrumb":{"@id":"https:\/\/asherhoffmanlaw.com\/es\/gamete-donation\/#breadcrumb"},"inLanguage":"es-ES","potentialAction":[{"@type":"ReadAction","target":["https:\/\/asherhoffmanlaw.com\/es\/gamete-donation\/"]}]},{"@type":"BreadcrumbList","@id":"https:\/\/asherhoffmanlaw.com\/es\/gamete-donation\/#breadcrumb","itemListElement":[{"@type":"ListItem","position":1,"name":"Home","item":"https:\/\/asherhoffmanlaw.com\/es\/casa\/"},{"@type":"ListItem","position":2,"name":"de donaci\u00f3n de gametos"}]},{"@type":"WebSite","@id":"https:\/\/asherhoffmanlaw.com\/es\/#website","url":"https:\/\/asherhoffmanlaw.com\/es\/","name":"","description":"Law Offices of Asher Hoffman Law","potentialAction":[{"@type":"SearchAction","target":{"@type":"EntryPoint","urlTemplate":"https:\/\/asherhoffmanlaw.com\/es\/?s={search_term_string}"},"query-input":{"@type":"PropertyValueSpecification","valueRequired":true,"valueName":"search_term_string"}}],"inLanguage":"es-ES"}]}},"_links":{"self":[{"href":"https:\/\/asherhoffmanlaw.com\/es\/wp-json\/wp\/v2\/pages\/1967","targetHints":{"allow":["GET"]}}],"collection":[{"href":"https:\/\/asherhoffmanlaw.com\/es\/wp-json\/wp\/v2\/pages"}],"about":[{"href":"https:\/\/asherhoffmanlaw.com\/es\/wp-json\/wp\/v2\/types\/page"}],"author":[{"embeddable":true,"href":"https:\/\/asherhoffmanlaw.com\/es\/wp-json\/wp\/v2\/users\/1"}],"replies":[{"embeddable":true,"href":"https:\/\/asherhoffmanlaw.com\/es\/wp-json\/wp\/v2\/comments?post=1967"}],"version-history":[{"count":0,"href":"https:\/\/asherhoffmanlaw.com\/es\/wp-json\/wp\/v2\/pages\/1967\/revisions"}],"wp:attachment":[{"href":"https:\/\/asherhoffmanlaw.com\/es\/wp-json\/wp\/v2\/media?parent=1967"}],"curies":[{"name":"wp","href":"https:\/\/api.w.org\/{rel}","templated":true}]}}