{"id":2116,"date":"2023-04-14T16:50:44","date_gmt":"2023-04-14T16:50:44","guid":{"rendered":"https:\/\/asherhoffmanlaw.com\/?page_id=2116"},"modified":"2025-11-27T06:53:09","modified_gmt":"2025-11-27T06:53:09","slug":"nuestro-equipo","status":"publish","type":"page","link":"https:\/\/asherhoffmanlaw.com\/es\/nuestro-equipo\/","title":{"rendered":"Recursos"},"content":{"rendered":"<p>Law Offices of Asher Hoffman se centra en las \u00e1reas de Derecho de Reproducci\u00f3n Asistida, Derecho de Lesiones Personales y m\u00e1s.<\/p>\n<p>Asher Hoffman, Esq.<\/p>\n<p>Asher Hoffman, fundador de Law Offices of Asher Hoffman, centra su pr\u00e1ctica en la Ley de Subrogaci\u00f3n, la Ley de Donaci\u00f3n de \u00d3vulos y la Ley de Lesiones Personales.<\/p>\n<p><a href=\"https:\/\/asherhoffmanlaw.com\/es\/our-team\/asher-hoffman\/\"><b>M\u00e1s sobre Asher Hoffman, Esq.<\/b><\/a><\/p>\n<p>Steve Hoffman es coasesor en el bufete de abogados de Asher Hoffman, y est\u00e1 muy involucrado en la pr\u00e1ctica del derecho de familia, el sector de la maternidad subrogada, las lesiones personales y las \u00e1reas de derecho contractual.<\/p>\n<p><a href=\"https:\/\/asherhoffmanlaw.com\/es\/our-team\/steve-hoffman\/\"><b>M\u00e1s sobre Steve Hoffman, Esq.<\/b><\/a><\/p>\n<p>Lisa Li es biling\u00fce y habla con fluidez ingl\u00e9s y chino. Ha trabajado en m\u00e1s de 1.000 casos de gestaci\u00f3n subrogada y donaci\u00f3n de gametos.<\/p>\n<p><a href=\"https:\/\/asherhoffmanlaw.com\/es\/our-team\/lisa-li\/\"><b>M\u00e1s sobre Lisa Li<\/b><\/a><\/p>\n","protected":false},"excerpt":{"rendered":"<p>Law Offices of Asher Hoffman se centra en las \u00e1reas de Derecho de Reproducci\u00f3n Asistida, Derecho de Lesiones Personales y m\u00e1s. Asher Hoffman, Esq. Asher Hoffman, fundador de Law Offices of Asher Hoffman, centra su pr\u00e1ctica en la Ley de Subrogaci\u00f3n, la Ley de Donaci\u00f3n de \u00d3vulos y la Ley de Lesiones Personales. M\u00e1s sobre [&hellip;]<\/p>\n","protected":false},"author":1,"featured_media":0,"parent":0,"menu_order":0,"comment_status":"closed","ping_status":"closed","template":"","meta":{"_acf_changed":false,"footnotes":""},"class_list":["post-2116","page","type-page","status-publish","hentry"],"acf":[],"yoast_head":"<!-- This site is optimized with the Yoast SEO plugin v27.0 - https:\/\/yoast.com\/product\/yoast-seo-wordpress\/ -->\n<title>Recursos -<\/title>\n<meta name=\"robots\" content=\"index, follow, max-snippet:-1, max-image-preview:large, max-video-preview:-1\" \/>\n<link rel=\"canonical\" href=\"https:\/\/asherhoffmanlaw.com\/es\/nuestro-equipo\/\" \/>\n<meta property=\"og:locale\" content=\"es_ES\" \/>\n<meta property=\"og:type\" content=\"article\" \/>\n<meta property=\"og:title\" content=\"Recursos -\" \/>\n<meta property=\"og:description\" content=\"Law Offices of Asher Hoffman se centra en las \u00e1reas de Derecho de Reproducci\u00f3n Asistida, Derecho de Lesiones Personales y m\u00e1s. Asher Hoffman, Esq. Asher Hoffman, fundador de Law Offices of Asher Hoffman, centra su pr\u00e1ctica en la Ley de Subrogaci\u00f3n, la Ley de Donaci\u00f3n de \u00d3vulos y la Ley de Lesiones Personales. M\u00e1s sobre [&hellip;]\" \/>\n<meta property=\"og:url\" content=\"https:\/\/asherhoffmanlaw.com\/es\/nuestro-equipo\/\" \/>\n<meta property=\"article:modified_time\" content=\"2025-11-27T06:53:09+00:00\" \/>\n<meta name=\"twitter:card\" content=\"summary_large_image\" \/>\n<meta name=\"twitter:label1\" content=\"Est. reading time\" \/>\n\t<meta name=\"twitter:data1\" content=\"1 minute\" \/>\n<!-- \/ Yoast SEO plugin. -->","yoast_head_json":{"title":"Recursos -","robots":{"index":"index","follow":"follow","max-snippet":"max-snippet:-1","max-image-preview":"max-image-preview:large","max-video-preview":"max-video-preview:-1"},"canonical":"https:\/\/asherhoffmanlaw.com\/es\/nuestro-equipo\/","og_locale":"es_ES","og_type":"article","og_title":"Recursos -","og_description":"Law Offices of Asher Hoffman se centra en las \u00e1reas de Derecho de Reproducci\u00f3n Asistida, Derecho de Lesiones Personales y m\u00e1s. Asher Hoffman, Esq. Asher Hoffman, fundador de Law Offices of Asher Hoffman, centra su pr\u00e1ctica en la Ley de Subrogaci\u00f3n, la Ley de Donaci\u00f3n de \u00d3vulos y la Ley de Lesiones Personales. M\u00e1s sobre [&hellip;]","og_url":"https:\/\/asherhoffmanlaw.com\/es\/nuestro-equipo\/","article_modified_time":"2025-11-27T06:53:09+00:00","twitter_card":"summary_large_image","twitter_misc":{"Est. reading time":"1 minute"},"schema":{"@context":"https:\/\/schema.org","@graph":[{"@type":"WebPage","@id":"https:\/\/asherhoffmanlaw.com\/es\/nuestro-equipo\/","url":"https:\/\/asherhoffmanlaw.com\/es\/nuestro-equipo\/","name":"Recursos -","isPartOf":{"@id":"https:\/\/asherhoffmanlaw.com\/es\/#website"},"datePublished":"2023-04-14T16:50:44+00:00","dateModified":"2025-11-27T06:53:09+00:00","breadcrumb":{"@id":"https:\/\/asherhoffmanlaw.com\/es\/nuestro-equipo\/#breadcrumb"},"inLanguage":"es-ES","potentialAction":[{"@type":"ReadAction","target":["https:\/\/asherhoffmanlaw.com\/es\/nuestro-equipo\/"]}]},{"@type":"BreadcrumbList","@id":"https:\/\/asherhoffmanlaw.com\/es\/nuestro-equipo\/#breadcrumb","itemListElement":[{"@type":"ListItem","position":1,"name":"Home","item":"https:\/\/asherhoffmanlaw.com\/es\/casa\/"},{"@type":"ListItem","position":2,"name":"Recursos"}]},{"@type":"WebSite","@id":"https:\/\/asherhoffmanlaw.com\/es\/#website","url":"https:\/\/asherhoffmanlaw.com\/es\/","name":"","description":"Law Offices of Asher Hoffman Law","publisher":{"@id":"https:\/\/asherhoffmanlaw.com\/es\/#organization"},"potentialAction":[{"@type":"SearchAction","target":{"@type":"EntryPoint","urlTemplate":"https:\/\/asherhoffmanlaw.com\/es\/?s={search_term_string}"},"query-input":{"@type":"PropertyValueSpecification","valueRequired":true,"valueName":"search_term_string"}}],"inLanguage":"es-ES"},{"@type":"Organization","@id":"https:\/\/asherhoffmanlaw.com\/es\/#organization","name":"Law Offices of Asher Hoffman, APC","url":"https:\/\/asherhoffmanlaw.com\/es\/","logo":{"@type":"ImageObject","inLanguage":"es-ES","@id":"https:\/\/asherhoffmanlaw.com\/es\/#\/schema\/logo\/image\/","url":"https:\/\/asherhoffmanlaw.com\/wp-content\/uploads\/2026\/04\/Optimized-image-06.png","contentUrl":"https:\/\/asherhoffmanlaw.com\/wp-content\/uploads\/2026\/04\/Optimized-image-06.png","width":1201,"height":1203,"caption":"Law Offices of Asher Hoffman, APC"},"image":{"@id":"https:\/\/asherhoffmanlaw.com\/es\/#\/schema\/logo\/image\/"}}]}},"_links":{"self":[{"href":"https:\/\/asherhoffmanlaw.com\/es\/wp-json\/wp\/v2\/pages\/2116","targetHints":{"allow":["GET"]}}],"collection":[{"href":"https:\/\/asherhoffmanlaw.com\/es\/wp-json\/wp\/v2\/pages"}],"about":[{"href":"https:\/\/asherhoffmanlaw.com\/es\/wp-json\/wp\/v2\/types\/page"}],"author":[{"embeddable":true,"href":"https:\/\/asherhoffmanlaw.com\/es\/wp-json\/wp\/v2\/users\/1"}],"replies":[{"embeddable":true,"href":"https:\/\/asherhoffmanlaw.com\/es\/wp-json\/wp\/v2\/comments?post=2116"}],"version-history":[{"count":0,"href":"https:\/\/asherhoffmanlaw.com\/es\/wp-json\/wp\/v2\/pages\/2116\/revisions"}],"wp:attachment":[{"href":"https:\/\/asherhoffmanlaw.com\/es\/wp-json\/wp\/v2\/media?parent=2116"}],"curies":[{"name":"wp","href":"https:\/\/api.w.org\/{rel}","templated":true}]}}