{"id":3809,"date":"2019-09-02T09:09:12","date_gmt":"2019-09-02T09:09:12","guid":{"rendered":"https:\/\/asherhoffmanla.wpenginepowered.com\/acerca-de\/"},"modified":"2025-12-27T06:29:15","modified_gmt":"2025-12-27T06:29:15","slug":"about","status":"publish","type":"page","link":"https:\/\/asherhoffmanlaw.com\/es\/about\/","title":{"rendered":"Acerca de"},"content":{"rendered":"<h1>Personal Injury<\/h1>\n<h2>Nuestro proceso comprobado<\/h2>\n<p>El Bufete Legal Asher Hoffman est\u00e1 listo para ayudarle si ha sufrido una lesi\u00f3n. Nuestras \u00e1reas de pr\u00e1ctica incluyen accidentes automovil\u00edsticos, resbalones y ca\u00eddas, intoxicaciones alimentarias, quemaduras, par\u00e1lisis, amputaciones, homicidio culposo y m\u00e1s. Nuestro bufete de lesiones personales ayuda a personas y sus familias que han sufrido lesiones en un accidente. Si usted o alguien que conoce ha resultado lesionado, ll\u00e1menos ahora o cont\u00e1ctenos en l\u00ednea.<\/p>\n<p><img loading=\"lazy\" decoding=\"async\" class=\"alignnone size-full wp-image-4087\" src=\"https:\/\/asherhoffmanlaw.com\/wp-content\/uploads\/2025\/12\/doc-signing-1024x576-1.jpg\" alt=\"\" width=\"1024\" height=\"576\" srcset=\"https:\/\/asherhoffmanlaw.com\/wp-content\/uploads\/2025\/12\/doc-signing-1024x576-1.jpg 1024w, https:\/\/asherhoffmanlaw.com\/wp-content\/uploads\/2025\/12\/doc-signing-1024x576-1-300x169.jpg 300w, https:\/\/asherhoffmanlaw.com\/wp-content\/uploads\/2025\/12\/doc-signing-1024x576-1-768x432.jpg 768w\" sizes=\"auto, (max-width: 1024px) 100vw, 1024px\" \/><\/p>\n<h2>\u00bfPor qu\u00e9 elegirnos?<\/h2>\n<p>Una lesi\u00f3n puede significar meses de gastos m\u00e9dicos y p\u00e9rdida de trabajo. Desde un accidente automovil\u00edstico hasta una quemadura, desde una mordedura de perro hasta una amputaci\u00f3n, o incluso un caso de negligencia m\u00e9dica, existen diversas situaciones que pueden causar dolor y trauma graves. Si su lesi\u00f3n se debi\u00f3 a la negligencia de otra persona, podr\u00eda tener derecho a justicia y compensaci\u00f3n. Si busca representaci\u00f3n legal, necesita al mejor abogado de lesiones personales de Los \u00c1ngeles. Esperamos poder hablar con usted sobre su caso.<\/p>\n<h3>Nuestra garant\u00eda<\/h3>\n<h2>SIN RECUPERACI\u00d3N = SIN HONORARIOS<\/h2>\n<p>En casos de lesiones, trabajamos exclusivamente con honorarios de contingencia. Esto significa que no cobramos a menos que usted lo haga. Nunca le pediremos ni un solo d\u00f3lar por adelantado.<\/p>\n<h2>Descripci\u00f3n general de lesiones personales<\/h2>\n<p>Las lesiones personales incluyen todo tipo de da\u00f1o al cuerpo, las emociones o la reputaci\u00f3n de una persona, a diferencia de las lesiones a los derechos de propiedad. Existen tres motivos principales para demandar por lesiones personales:<\/p>\n<ol>\n<li><strong>Negligencia<\/strong> \u2013 La base m\u00e1s com\u00fan de las reclamaciones por lesiones personales. La responsabilidad surge cuando alguien no act\u00faa con el nivel de cuidado que una persona razonablemente prudente usar\u00eda en circunstancias similares. Ejemplo: un cazador que dispara descuidadamente hacia otras personas.<\/li>\n<li><strong>Responsabilidad estricta<\/strong> \u2013 Hace responsable al demandado por una acci\u00f3n independientemente de su intenci\u00f3n o estado mental. Ejemplo: un producto defectuoso que causa una lesi\u00f3n, incluso si el fabricante no actu\u00f3 con negligencia.<\/li>\n<li><strong>Actos intencionales<\/strong> \u2013 Resultan de acciones deliberadas. Los agravios intencionales m\u00e1s comunes incluyen agresi\u00f3n, amenaza, detenci\u00f3n ilegal, allanamiento de propiedad e imposici\u00f3n intencional de angustia emocional.<\/li>\n<\/ol>\n<p><img loading=\"lazy\" decoding=\"async\" class=\"alignnone size-full wp-image-4091\" src=\"https:\/\/asherhoffmanlaw.com\/wp-content\/uploads\/2025\/12\/injury-4-1.jpg\" alt=\"\" width=\"1200\" height=\"1600\" srcset=\"https:\/\/asherhoffmanlaw.com\/wp-content\/uploads\/2025\/12\/injury-4-1.jpg 1200w, https:\/\/asherhoffmanlaw.com\/wp-content\/uploads\/2025\/12\/injury-4-1-225x300.jpg 225w, https:\/\/asherhoffmanlaw.com\/wp-content\/uploads\/2025\/12\/injury-4-1-768x1024.jpg 768w, https:\/\/asherhoffmanlaw.com\/wp-content\/uploads\/2025\/12\/injury-4-1-1152x1536.jpg 1152w\" sizes=\"auto, (max-width: 1200px) 100vw, 1200px\" \/><\/p>\n<h2>Causas de acci\u00f3n<\/h2>\n<p>Personal injury claims may arise from physical harm, including:<\/p>\n<ul>\n<li>Accidentes automovil\u00edsticos<\/li>\n<li>Accidentes laborales<\/li>\n<li>Agresi\u00f3n<\/li>\n<li>Defectos de productos<\/li>\n<li>Negligencia m\u00e9dica<\/li>\n<li>Abuso en hogares de ancianos<\/li>\n<li>Exposici\u00f3n a sustancias t\u00f3xicas<\/li>\n<\/ul>\n<p>Tambi\u00e9n pueden surgir de da\u00f1os no f\u00edsicos, tales como:<\/p>\n<ul>\n<li>Imposici\u00f3n intencional de angustia emocional<\/li>\n<li>Difamaci\u00f3n<\/li>\n<li>Detenci\u00f3n o arresto ilegal<\/li>\n<li>Procesamiento malicioso<\/li>\n<li>Invasi\u00f3n de la privacidad<\/li>\n<\/ul>\n<p><img decoding=\"async\" src=\"https:\/\/asherhoffmanlaw.com\/wp-content\/uploads\/2024\/03\/injury-5.jpg\" alt=\"Injury Case Example 2\" width=\"100%\" height=\"500px\" \/><\/p>\n<h2>Da\u00f1os y perjuicios<\/h2>\n<p>Si el demandante tiene \u00e9xito, podr\u00eda recibir una compensaci\u00f3n econ\u00f3mica por sus p\u00e9rdidas. Los da\u00f1os pueden incluir:<\/p>\n<p><img decoding=\"async\" src=\"https:\/\/asherhoffmanlaw.com\/wp-content\/uploads\/2024\/03\/pexels-mathias-reding-4489374-scaled-1.jpg\" alt=\"Legal Compensation\" width=\"100%\" height=\"500px\" \/><\/p>\n<h3>Las reclamaciones por da\u00f1os pueden incluir:<\/h3>\n<ul>\n<li>Gastos m\u00e9dicos<\/li>\n<li>Salarios perdidos<\/li>\n<li>Dolor y sufrimiento<\/li>\n<li>Angustia mental y emocional<\/li>\n<li>Asistencia en el hogar<\/li>\n<li>Gastos de viaje<\/li>\n<\/ul>\n","protected":false},"excerpt":{"rendered":"<p>Personal Injury Nuestro proceso comprobado El Bufete Legal Asher Hoffman est\u00e1 listo para ayudarle si ha sufrido una lesi\u00f3n. Nuestras \u00e1reas de pr\u00e1ctica incluyen accidentes automovil\u00edsticos, resbalones y ca\u00eddas, intoxicaciones alimentarias, quemaduras, par\u00e1lisis, amputaciones, homicidio culposo y m\u00e1s. Nuestro bufete de lesiones personales ayuda a personas y sus familias que han sufrido lesiones en un [&hellip;]<\/p>\n","protected":false},"author":1,"featured_media":0,"parent":0,"menu_order":0,"comment_status":"closed","ping_status":"closed","template":"","meta":{"_acf_changed":false,"footnotes":""},"class_list":["post-3809","page","type-page","status-publish","hentry"],"acf":[],"yoast_head":"<!-- This site is optimized with the Yoast SEO plugin v27.0 - https:\/\/yoast.com\/product\/yoast-seo-wordpress\/ -->\n<title>Acerca de - Despacho Jur\u00eddico de Asher Hoffman<\/title>\n<meta name=\"description\" content=\"El bufete de abogados de Asher Hoffman ofrece ayuda legal a las v\u00edctimas de lesiones, como accidentes de coche, resbalones y ca\u00eddas, quemaduras, homicidio culposo y mucho m\u00e1s. Ll\u00e1manos para una consulta gratuita.\" \/>\n<meta name=\"robots\" content=\"index, follow, max-snippet:-1, max-image-preview:large, max-video-preview:-1\" \/>\n<link rel=\"canonical\" href=\"https:\/\/asherhoffmanlaw.com\/es\/about\/\" \/>\n<meta property=\"og:locale\" content=\"es_ES\" \/>\n<meta property=\"og:type\" content=\"article\" \/>\n<meta property=\"og:title\" content=\"Acerca de - Despacho Jur\u00eddico de Asher Hoffman\" \/>\n<meta property=\"og:description\" content=\"El bufete de abogados de Asher Hoffman ofrece ayuda legal a las v\u00edctimas de lesiones, como accidentes de coche, resbalones y ca\u00eddas, quemaduras, homicidio culposo y mucho m\u00e1s. Ll\u00e1manos para una consulta gratuita.\" \/>\n<meta property=\"og:url\" content=\"https:\/\/asherhoffmanlaw.com\/es\/about\/\" \/>\n<meta property=\"article:modified_time\" content=\"2025-12-27T06:29:15+00:00\" \/>\n<meta property=\"og:image\" content=\"https:\/\/asherhoffmanlaw.com\/wp-content\/uploads\/2025\/12\/doc-signing-1024x576-1.jpg\" \/>\n\t<meta property=\"og:image:width\" content=\"1024\" \/>\n\t<meta property=\"og:image:height\" content=\"576\" \/>\n\t<meta property=\"og:image:type\" content=\"image\/jpeg\" \/>\n<meta name=\"twitter:card\" content=\"summary_large_image\" \/>\n<meta name=\"twitter:label1\" content=\"Est. reading time\" \/>\n\t<meta name=\"twitter:data1\" content=\"3 minutes\" \/>\n<!-- \/ Yoast SEO plugin. -->","yoast_head_json":{"title":"Acerca de - Despacho Jur\u00eddico de Asher Hoffman","description":"El bufete de abogados de Asher Hoffman ofrece ayuda legal a las v\u00edctimas de lesiones, como accidentes de coche, resbalones y ca\u00eddas, quemaduras, homicidio culposo y mucho m\u00e1s. Ll\u00e1manos para una consulta gratuita.","robots":{"index":"index","follow":"follow","max-snippet":"max-snippet:-1","max-image-preview":"max-image-preview:large","max-video-preview":"max-video-preview:-1"},"canonical":"https:\/\/asherhoffmanlaw.com\/es\/about\/","og_locale":"es_ES","og_type":"article","og_title":"Acerca de - Despacho Jur\u00eddico de Asher Hoffman","og_description":"El bufete de abogados de Asher Hoffman ofrece ayuda legal a las v\u00edctimas de lesiones, como accidentes de coche, resbalones y ca\u00eddas, quemaduras, homicidio culposo y mucho m\u00e1s. Ll\u00e1manos para una consulta gratuita.","og_url":"https:\/\/asherhoffmanlaw.com\/es\/about\/","article_modified_time":"2025-12-27T06:29:15+00:00","og_image":[{"width":1024,"height":576,"url":"https:\/\/asherhoffmanlaw.com\/wp-content\/uploads\/2025\/12\/doc-signing-1024x576-1.jpg","type":"image\/jpeg"}],"twitter_card":"summary_large_image","twitter_misc":{"Est. reading time":"3 minutes"},"schema":{"@context":"https:\/\/schema.org","@graph":[{"@type":"WebPage","@id":"https:\/\/asherhoffmanlaw.com\/es\/about\/","url":"https:\/\/asherhoffmanlaw.com\/es\/about\/","name":"Acerca de - Despacho Jur\u00eddico de Asher Hoffman","isPartOf":{"@id":"https:\/\/asherhoffmanlaw.com\/es\/#website"},"primaryImageOfPage":{"@id":"https:\/\/asherhoffmanlaw.com\/es\/about\/#primaryimage"},"image":{"@id":"https:\/\/asherhoffmanlaw.com\/es\/about\/#primaryimage"},"thumbnailUrl":"https:\/\/asherhoffmanlaw.com\/wp-content\/uploads\/2025\/12\/doc-signing-1024x576-1.jpg","datePublished":"2019-09-02T09:09:12+00:00","dateModified":"2025-12-27T06:29:15+00:00","description":"El bufete de abogados de Asher Hoffman ofrece ayuda legal a las v\u00edctimas de lesiones, como accidentes de coche, resbalones y ca\u00eddas, quemaduras, homicidio culposo y mucho m\u00e1s. Ll\u00e1manos para una consulta gratuita.","breadcrumb":{"@id":"https:\/\/asherhoffmanlaw.com\/es\/about\/#breadcrumb"},"inLanguage":"es-ES","potentialAction":[{"@type":"ReadAction","target":["https:\/\/asherhoffmanlaw.com\/es\/about\/"]}]},{"@type":"ImageObject","inLanguage":"es-ES","@id":"https:\/\/asherhoffmanlaw.com\/es\/about\/#primaryimage","url":"https:\/\/asherhoffmanlaw.com\/wp-content\/uploads\/2025\/12\/doc-signing-1024x576-1.jpg","contentUrl":"https:\/\/asherhoffmanlaw.com\/wp-content\/uploads\/2025\/12\/doc-signing-1024x576-1.jpg"},{"@type":"BreadcrumbList","@id":"https:\/\/asherhoffmanlaw.com\/es\/about\/#breadcrumb","itemListElement":[{"@type":"ListItem","position":1,"name":"Home","item":"https:\/\/asherhoffmanlaw.com\/es\/casa\/"},{"@type":"ListItem","position":2,"name":"Acerca de"}]},{"@type":"WebSite","@id":"https:\/\/asherhoffmanlaw.com\/es\/#website","url":"https:\/\/asherhoffmanlaw.com\/es\/","name":"","description":"Law Offices of Asher Hoffman Law","potentialAction":[{"@type":"SearchAction","target":{"@type":"EntryPoint","urlTemplate":"https:\/\/asherhoffmanlaw.com\/es\/?s={search_term_string}"},"query-input":{"@type":"PropertyValueSpecification","valueRequired":true,"valueName":"search_term_string"}}],"inLanguage":"es-ES"}]}},"_links":{"self":[{"href":"https:\/\/asherhoffmanlaw.com\/es\/wp-json\/wp\/v2\/pages\/3809","targetHints":{"allow":["GET"]}}],"collection":[{"href":"https:\/\/asherhoffmanlaw.com\/es\/wp-json\/wp\/v2\/pages"}],"about":[{"href":"https:\/\/asherhoffmanlaw.com\/es\/wp-json\/wp\/v2\/types\/page"}],"author":[{"embeddable":true,"href":"https:\/\/asherhoffmanlaw.com\/es\/wp-json\/wp\/v2\/users\/1"}],"replies":[{"embeddable":true,"href":"https:\/\/asherhoffmanlaw.com\/es\/wp-json\/wp\/v2\/comments?post=3809"}],"version-history":[{"count":0,"href":"https:\/\/asherhoffmanlaw.com\/es\/wp-json\/wp\/v2\/pages\/3809\/revisions"}],"wp:attachment":[{"href":"https:\/\/asherhoffmanlaw.com\/es\/wp-json\/wp\/v2\/media?parent=3809"}],"curies":[{"name":"wp","href":"https:\/\/api.w.org\/{rel}","templated":true}]}}