{"id":3919,"date":"2025-10-20T01:04:00","date_gmt":"2025-10-20T01:04:00","guid":{"rendered":"https:\/\/asherhoffmanlaw.com\/our-team\/aryeh-hoffman\/"},"modified":"2025-10-20T01:04:00","modified_gmt":"2025-10-20T01:04:00","slug":"aryeh-hoffman","status":"publish","type":"page","link":"https:\/\/asherhoffmanlaw.com\/es\/our-team\/aryeh-hoffman\/","title":{"rendered":"Aryeh Hoffman"},"content":{"rendered":"<h2 style=\"margin-bottom: 5px;\">Asociado de Gesti\u00f3n de Casos<\/h2>\n<p style=\"text-align: justify;\"><img loading=\"lazy\" decoding=\"async\" class=\"alignnone size-full wp-image-3650\" src=\"https:\/\/asherhoffmanlaw.com\/wp-content\/uploads\/2025\/10\/Aryeh-Hoffman.jpg\" alt=\"\" width=\"1024\" height=\"1024\" srcset=\"https:\/\/asherhoffmanlaw.com\/wp-content\/uploads\/2025\/10\/Aryeh-Hoffman.jpg 1024w, https:\/\/asherhoffmanlaw.com\/wp-content\/uploads\/2025\/10\/Aryeh-Hoffman-150x150.jpg 150w, https:\/\/asherhoffmanlaw.com\/wp-content\/uploads\/2025\/10\/Aryeh-Hoffman-300x300.jpg 300w, https:\/\/asherhoffmanlaw.com\/wp-content\/uploads\/2025\/10\/Aryeh-Hoffman-768x768.jpg 768w\" sizes=\"auto, (max-width: 1024px) 100vw, 1024px\" \/><\/p>\n<p>Aryeh se encarga de la gesti\u00f3n diaria de los casos del bufete, desde la admisi\u00f3n de clientes y la recuperaci\u00f3n de expedientes hasta el seguimiento de plazos y la preparaci\u00f3n de acuerdos. Conocido por su organizaci\u00f3n y seguimiento, ayuda a mantener los asuntos en movimiento y a los clientes informados. Aryeh sigue activamente su camino para convertirse en abogado y aporta esa misma diligencia a cada expediente.  <\/p>\n","protected":false},"excerpt":{"rendered":"<p>Asociado de Gesti\u00f3n de Casos Aryeh se encarga de la gesti\u00f3n diaria de los casos del bufete, desde la admisi\u00f3n de clientes y la recuperaci\u00f3n de expedientes hasta el seguimiento de plazos y la preparaci\u00f3n de acuerdos. Conocido por su organizaci\u00f3n y seguimiento, ayuda a mantener los asuntos en movimiento y a los clientes informados. [&hellip;]<\/p>\n","protected":false},"author":1,"featured_media":0,"parent":1944,"menu_order":0,"comment_status":"closed","ping_status":"closed","template":"","meta":{"_acf_changed":false,"footnotes":""},"class_list":["post-3919","page","type-page","status-publish","hentry"],"acf":[],"yoast_head":"<!-- This site is optimized with the Yoast SEO plugin v27.0 - https:\/\/yoast.com\/product\/yoast-seo-wordpress\/ -->\n<title>Aryeh Hoffman | Despacho Jur\u00eddico de Asher Hoffman<\/title>\n<meta name=\"description\" content=\"Aryeh apoya la gesti\u00f3n diaria de los casos del bufete, desde la admisi\u00f3n de clientes y la recuperaci\u00f3n de registros hasta el seguimiento de plazos y la preparaci\u00f3n de acuerdos. Vis\u00edtanos para saber m\u00e1s sobre Aryeh Hoffman.\" \/>\n<meta name=\"robots\" content=\"index, follow, max-snippet:-1, max-image-preview:large, max-video-preview:-1\" \/>\n<link rel=\"canonical\" href=\"https:\/\/asherhoffmanlaw.com\/es\/our-team\/aryeh-hoffman\/\" \/>\n<meta property=\"og:locale\" content=\"es_ES\" \/>\n<meta property=\"og:type\" content=\"article\" \/>\n<meta property=\"og:title\" content=\"Aryeh Hoffman | Despacho Jur\u00eddico de Asher Hoffman\" \/>\n<meta property=\"og:description\" content=\"Aryeh apoya la gesti\u00f3n diaria de los casos del bufete, desde la admisi\u00f3n de clientes y la recuperaci\u00f3n de registros hasta el seguimiento de plazos y la preparaci\u00f3n de acuerdos. Vis\u00edtanos para saber m\u00e1s sobre Aryeh Hoffman.\" \/>\n<meta property=\"og:url\" content=\"https:\/\/asherhoffmanlaw.com\/es\/our-team\/aryeh-hoffman\/\" \/>\n<meta property=\"og:image\" content=\"https:\/\/asherhoffmanlaw.com\/wp-content\/uploads\/2025\/10\/Aryeh-Hoffman.jpg\" \/>\n\t<meta property=\"og:image:width\" content=\"1024\" \/>\n\t<meta property=\"og:image:height\" content=\"1024\" \/>\n\t<meta property=\"og:image:type\" content=\"image\/jpeg\" \/>\n<meta name=\"twitter:card\" content=\"summary_large_image\" \/>\n<!-- \/ Yoast SEO plugin. -->","yoast_head_json":{"title":"Aryeh Hoffman | Despacho Jur\u00eddico de Asher Hoffman","description":"Aryeh apoya la gesti\u00f3n diaria de los casos del bufete, desde la admisi\u00f3n de clientes y la recuperaci\u00f3n de registros hasta el seguimiento de plazos y la preparaci\u00f3n de acuerdos. Vis\u00edtanos para saber m\u00e1s sobre Aryeh Hoffman.","robots":{"index":"index","follow":"follow","max-snippet":"max-snippet:-1","max-image-preview":"max-image-preview:large","max-video-preview":"max-video-preview:-1"},"canonical":"https:\/\/asherhoffmanlaw.com\/es\/our-team\/aryeh-hoffman\/","og_locale":"es_ES","og_type":"article","og_title":"Aryeh Hoffman | Despacho Jur\u00eddico de Asher Hoffman","og_description":"Aryeh apoya la gesti\u00f3n diaria de los casos del bufete, desde la admisi\u00f3n de clientes y la recuperaci\u00f3n de registros hasta el seguimiento de plazos y la preparaci\u00f3n de acuerdos. Vis\u00edtanos para saber m\u00e1s sobre Aryeh Hoffman.","og_url":"https:\/\/asherhoffmanlaw.com\/es\/our-team\/aryeh-hoffman\/","og_image":[{"width":1024,"height":1024,"url":"https:\/\/asherhoffmanlaw.com\/wp-content\/uploads\/2025\/10\/Aryeh-Hoffman.jpg","type":"image\/jpeg"}],"twitter_card":"summary_large_image","schema":{"@context":"https:\/\/schema.org","@graph":[{"@type":"WebPage","@id":"https:\/\/asherhoffmanlaw.com\/es\/our-team\/aryeh-hoffman\/","url":"https:\/\/asherhoffmanlaw.com\/es\/our-team\/aryeh-hoffman\/","name":"Aryeh Hoffman | Despacho Jur\u00eddico de Asher Hoffman","isPartOf":{"@id":"https:\/\/asherhoffmanlaw.com\/es\/#website"},"primaryImageOfPage":{"@id":"https:\/\/asherhoffmanlaw.com\/es\/our-team\/aryeh-hoffman\/#primaryimage"},"image":{"@id":"https:\/\/asherhoffmanlaw.com\/es\/our-team\/aryeh-hoffman\/#primaryimage"},"thumbnailUrl":"https:\/\/asherhoffmanlaw.com\/wp-content\/uploads\/2025\/10\/Aryeh-Hoffman.jpg","datePublished":"2025-10-20T01:04:00+00:00","description":"Aryeh apoya la gesti\u00f3n diaria de los casos del bufete, desde la admisi\u00f3n de clientes y la recuperaci\u00f3n de registros hasta el seguimiento de plazos y la preparaci\u00f3n de acuerdos. Vis\u00edtanos para saber m\u00e1s sobre Aryeh Hoffman.","breadcrumb":{"@id":"https:\/\/asherhoffmanlaw.com\/es\/our-team\/aryeh-hoffman\/#breadcrumb"},"inLanguage":"es-ES","potentialAction":[{"@type":"ReadAction","target":["https:\/\/asherhoffmanlaw.com\/es\/our-team\/aryeh-hoffman\/"]}]},{"@type":"ImageObject","inLanguage":"es-ES","@id":"https:\/\/asherhoffmanlaw.com\/es\/our-team\/aryeh-hoffman\/#primaryimage","url":"https:\/\/asherhoffmanlaw.com\/wp-content\/uploads\/2025\/10\/Aryeh-Hoffman.jpg","contentUrl":"https:\/\/asherhoffmanlaw.com\/wp-content\/uploads\/2025\/10\/Aryeh-Hoffman.jpg"},{"@type":"BreadcrumbList","@id":"https:\/\/asherhoffmanlaw.com\/es\/our-team\/aryeh-hoffman\/#breadcrumb","itemListElement":[{"@type":"ListItem","position":1,"name":"Home","item":"https:\/\/asherhoffmanlaw.com\/es\/casa\/"},{"@type":"ListItem","position":2,"name":"Nuestro equipo","item":"https:\/\/asherhoffmanlaw.com\/es\/our-team\/"},{"@type":"ListItem","position":3,"name":"Aryeh Hoffman"}]},{"@type":"WebSite","@id":"https:\/\/asherhoffmanlaw.com\/es\/#website","url":"https:\/\/asherhoffmanlaw.com\/es\/","name":"","description":"Law Offices of Asher Hoffman Law","potentialAction":[{"@type":"SearchAction","target":{"@type":"EntryPoint","urlTemplate":"https:\/\/asherhoffmanlaw.com\/es\/?s={search_term_string}"},"query-input":{"@type":"PropertyValueSpecification","valueRequired":true,"valueName":"search_term_string"}}],"inLanguage":"es-ES"}]}},"_links":{"self":[{"href":"https:\/\/asherhoffmanlaw.com\/es\/wp-json\/wp\/v2\/pages\/3919","targetHints":{"allow":["GET"]}}],"collection":[{"href":"https:\/\/asherhoffmanlaw.com\/es\/wp-json\/wp\/v2\/pages"}],"about":[{"href":"https:\/\/asherhoffmanlaw.com\/es\/wp-json\/wp\/v2\/types\/page"}],"author":[{"embeddable":true,"href":"https:\/\/asherhoffmanlaw.com\/es\/wp-json\/wp\/v2\/users\/1"}],"replies":[{"embeddable":true,"href":"https:\/\/asherhoffmanlaw.com\/es\/wp-json\/wp\/v2\/comments?post=3919"}],"version-history":[{"count":0,"href":"https:\/\/asherhoffmanlaw.com\/es\/wp-json\/wp\/v2\/pages\/3919\/revisions"}],"up":[{"embeddable":true,"href":"https:\/\/asherhoffmanlaw.com\/es\/wp-json\/wp\/v2\/pages\/1944"}],"wp:attachment":[{"href":"https:\/\/asherhoffmanlaw.com\/es\/wp-json\/wp\/v2\/media?parent=3919"}],"curies":[{"name":"wp","href":"https:\/\/api.w.org\/{rel}","templated":true}]}}