{"id":3928,"date":"2025-10-21T02:36:48","date_gmt":"2025-10-21T02:36:48","guid":{"rendered":"https:\/\/asherhoffmanlaw.com\/videos\/"},"modified":"2025-10-21T02:36:48","modified_gmt":"2025-10-21T02:36:48","slug":"videos","status":"publish","type":"page","link":"https:\/\/asherhoffmanlaw.com\/es\/videos\/","title":{"rendered":"V\u00eddeos"},"content":{"rendered":"","protected":false},"excerpt":{"rendered":"","protected":false},"author":1,"featured_media":0,"parent":0,"menu_order":0,"comment_status":"closed","ping_status":"closed","template":"templates\/videosTemplate.php","meta":{"_acf_changed":false,"footnotes":""},"class_list":["post-3928","page","type-page","status-publish","hentry"],"acf":[],"yoast_head":"<!-- This site is optimized with the Yoast SEO plugin v27.0 - https:\/\/yoast.com\/product\/yoast-seo-wordpress\/ -->\n<title>Nuestra Galer\u00eda de Empresas | Despacho Jur\u00eddico de Asher Hoffman<\/title>\n<meta name=\"description\" content=\"Explora nuestra Galer\u00eda de Empresas en el Despacho Jur\u00eddico de Asher Hoffman, que muestra nuestra dedicaci\u00f3n, profesionalidad y servicios jur\u00eddicos de confianza.\" \/>\n<meta name=\"robots\" content=\"index, follow, max-snippet:-1, max-image-preview:large, max-video-preview:-1\" \/>\n<link rel=\"canonical\" href=\"https:\/\/asherhoffmanlaw.com\/es\/videos\/\" \/>\n<meta property=\"og:locale\" content=\"es_ES\" \/>\n<meta property=\"og:type\" content=\"article\" \/>\n<meta property=\"og:title\" content=\"Nuestra Galer\u00eda de Empresas | Despacho Jur\u00eddico de Asher Hoffman\" \/>\n<meta property=\"og:description\" content=\"Explora nuestra Galer\u00eda de Empresas en el Despacho Jur\u00eddico de Asher Hoffman, que muestra nuestra dedicaci\u00f3n, profesionalidad y servicios jur\u00eddicos de confianza.\" \/>\n<meta property=\"og:url\" content=\"https:\/\/asherhoffmanlaw.com\/es\/videos\/\" \/>\n<meta name=\"twitter:card\" content=\"summary_large_image\" \/>\n<!-- \/ Yoast SEO plugin. -->","yoast_head_json":{"title":"Nuestra Galer\u00eda de Empresas | Despacho Jur\u00eddico de Asher Hoffman","description":"Explora nuestra Galer\u00eda de Empresas en el Despacho Jur\u00eddico de Asher Hoffman, que muestra nuestra dedicaci\u00f3n, profesionalidad y servicios jur\u00eddicos de confianza.","robots":{"index":"index","follow":"follow","max-snippet":"max-snippet:-1","max-image-preview":"max-image-preview:large","max-video-preview":"max-video-preview:-1"},"canonical":"https:\/\/asherhoffmanlaw.com\/es\/videos\/","og_locale":"es_ES","og_type":"article","og_title":"Nuestra Galer\u00eda de Empresas | Despacho Jur\u00eddico de Asher Hoffman","og_description":"Explora nuestra Galer\u00eda de Empresas en el Despacho Jur\u00eddico de Asher Hoffman, que muestra nuestra dedicaci\u00f3n, profesionalidad y servicios jur\u00eddicos de confianza.","og_url":"https:\/\/asherhoffmanlaw.com\/es\/videos\/","twitter_card":"summary_large_image","schema":{"@context":"https:\/\/schema.org","@graph":[{"@type":"WebPage","@id":"https:\/\/asherhoffmanlaw.com\/es\/videos\/","url":"https:\/\/asherhoffmanlaw.com\/es\/videos\/","name":"Nuestra Galer\u00eda de Empresas | Despacho Jur\u00eddico de Asher Hoffman","isPartOf":{"@id":"https:\/\/asherhoffmanlaw.com\/es\/#website"},"datePublished":"2025-10-21T02:36:48+00:00","description":"Explora nuestra Galer\u00eda de Empresas en el Despacho Jur\u00eddico de Asher Hoffman, que muestra nuestra dedicaci\u00f3n, profesionalidad y servicios jur\u00eddicos de confianza.","breadcrumb":{"@id":"https:\/\/asherhoffmanlaw.com\/es\/videos\/#breadcrumb"},"inLanguage":"es-ES","potentialAction":[{"@type":"ReadAction","target":["https:\/\/asherhoffmanlaw.com\/es\/videos\/"]}]},{"@type":"BreadcrumbList","@id":"https:\/\/asherhoffmanlaw.com\/es\/videos\/#breadcrumb","itemListElement":[{"@type":"ListItem","position":1,"name":"Home","item":"https:\/\/asherhoffmanlaw.com\/es\/casa\/"},{"@type":"ListItem","position":2,"name":"V\u00eddeos"}]},{"@type":"WebSite","@id":"https:\/\/asherhoffmanlaw.com\/es\/#website","url":"https:\/\/asherhoffmanlaw.com\/es\/","name":"","description":"Law Offices of Asher Hoffman Law","potentialAction":[{"@type":"SearchAction","target":{"@type":"EntryPoint","urlTemplate":"https:\/\/asherhoffmanlaw.com\/es\/?s={search_term_string}"},"query-input":{"@type":"PropertyValueSpecification","valueRequired":true,"valueName":"search_term_string"}}],"inLanguage":"es-ES"}]}},"_links":{"self":[{"href":"https:\/\/asherhoffmanlaw.com\/es\/wp-json\/wp\/v2\/pages\/3928","targetHints":{"allow":["GET"]}}],"collection":[{"href":"https:\/\/asherhoffmanlaw.com\/es\/wp-json\/wp\/v2\/pages"}],"about":[{"href":"https:\/\/asherhoffmanlaw.com\/es\/wp-json\/wp\/v2\/types\/page"}],"author":[{"embeddable":true,"href":"https:\/\/asherhoffmanlaw.com\/es\/wp-json\/wp\/v2\/users\/1"}],"replies":[{"embeddable":true,"href":"https:\/\/asherhoffmanlaw.com\/es\/wp-json\/wp\/v2\/comments?post=3928"}],"version-history":[{"count":0,"href":"https:\/\/asherhoffmanlaw.com\/es\/wp-json\/wp\/v2\/pages\/3928\/revisions"}],"wp:attachment":[{"href":"https:\/\/asherhoffmanlaw.com\/es\/wp-json\/wp\/v2\/media?parent=3928"}],"curies":[{"name":"wp","href":"https:\/\/api.w.org\/{rel}","templated":true}]}}