{"id":3934,"date":"2025-10-08T13:02:29","date_gmt":"2025-10-08T13:02:29","guid":{"rendered":"https:\/\/asherhoffmanlaw.com\/abogados-de-confianza-en-accidentes-de-peatones-en-long-beach\/"},"modified":"2025-12-24T09:10:12","modified_gmt":"2025-12-24T09:10:12","slug":"abogados-de-confianza-en-accidentes-de-peatones-en-long-beach","status":"publish","type":"page","link":"https:\/\/asherhoffmanlaw.com\/es\/abogados-de-confianza-en-accidentes-de-peatones-en-long-beach\/","title":{"rendered":"Abogados de confianza en accidentes de peatones en Long Beach"},"content":{"rendered":"<h2>Por Qu\u00e9 Las V\u00edctimas De Accidentes De Peatones En Long Beach Necesitan Una Fuerte Representaci\u00f3n Legal<\/h2>\n<p>Caminar deber\u00eda ser una forma segura y asequible de desplazarse por Long Beach. Sin embargo, los corredores muy transitados, las intersecciones complejas y la conducci\u00f3n distra\u00edda crean peligros diarios para los peatones. A diferencia de los ocupantes de los autom\u00f3viles, los peatones de California no tienen armaz\u00f3n met\u00e1lico, airbags ni cinturones de seguridad para absorber los impactos. Incluso una colisi\u00f3n a baja velocidad puede causar fracturas \u00f3seas, traumatismos craneoencef\u00e1licos o lesiones que alteren la vida. Tras un accidente, las familias suelen tener que hacer frente a facturas m\u00e9dicas, bajas laborales y una larga recuperaci\u00f3n.    <\/p>\n<p>Las compa\u00f1\u00edas de seguros pueden agravar el estr\u00e9s al disputar la responsabilidad o minimizar las lesiones para reducir los pagos. Por eso es fundamental contar con un abogado especializado en accidentes de peatones en Long Beach. El equipo legal adecuado puede investigar r\u00e1pidamente, proteger sus derechos y reclamar la indemnizaci\u00f3n completa que le corresponde, permiti\u00e9ndole concentrarse en su recuperaci\u00f3n.  <\/p>\n<p>En el bufete de abogados de Asher Hoffman, combinamos una s\u00f3lida experiencia en litigios con una aut\u00e9ntica compasi\u00f3n. Abogado fundador. <a href=\"https:\/\/asherhoffmanlaw.com\/our-team\/asher-hoffman\/\">Asher Hoffman<\/a>Ofrecemos una combinaci\u00f3n \u00fanica de experiencia en litigios y conocimientos de psicolog\u00eda, y cada cliente trabaja directamente con un abogado que comprende el impacto f\u00edsico y emocional de las lesiones graves. <\/p>\n<p>Nuestro objetivo es sencillo: protegerte, contar tu historia con claridad y luchar por resultados significativos, <a href=\"https:\/\/asherhoffmanlaw.com\/contact\/\">empezando por una consulta gratuita<\/a>.<\/p>\n<p><img loading=\"lazy\" decoding=\"async\" class=\"wp-image-3904 size-large aligncenter\" src=\"https:\/\/asherhoffmanlaw.com\/wp-content\/uploads\/2025\/11\/A-man-crosses-the-road-on-crosswalk-1024x733.jpg\" alt=\"Un hombre cruza la carretera por un paso de peatones en Long Beach\" width=\"1024\" height=\"733\" srcset=\"https:\/\/asherhoffmanlaw.com\/wp-content\/uploads\/2025\/11\/A-man-crosses-the-road-on-crosswalk-1024x733.jpg 1024w, https:\/\/asherhoffmanlaw.com\/wp-content\/uploads\/2025\/11\/A-man-crosses-the-road-on-crosswalk-300x215.jpg 300w, https:\/\/asherhoffmanlaw.com\/wp-content\/uploads\/2025\/11\/A-man-crosses-the-road-on-crosswalk-768x550.jpg 768w, https:\/\/asherhoffmanlaw.com\/wp-content\/uploads\/2025\/11\/A-man-crosses-the-road-on-crosswalk.jpg 1210w\" sizes=\"auto, (max-width: 1024px) 100vw, 1024px\" \/><\/p>\n<h2>Causas comunes de los accidentes de peatones en Long Beach<\/h2>\n<p>Comprender c\u00f3mo se producen estas colisiones ayuda a establecer la responsabilidad y a evitar que las aseguradoras desv\u00eden injustamente la culpa. En Long Beach y en el <a href=\"https:\/\/lacounty.gov\/\">condado de Los \u00c1ngeles<\/a>, las colisiones de peatones suelen deberse a acciones evitables y a condiciones inseguras. Examinamos las pautas del tr\u00e1fico, el comportamiento de los conductores y el dise\u00f1o de la calzada para determinar qu\u00e9 sali\u00f3 mal y por qu\u00e9 no deber\u00eda haber ocurrido nunca.  <\/p>\n<p><strong>Las causas m\u00e1s frecuentes son:<\/strong><\/p>\n<ul>\n<li>Conducci\u00f3n distra\u00edda, incluidos los mensajes de texto, el uso de aplicaciones y las interacciones con las pantallas del veh\u00edculo.<\/li>\n<li>No ceder el paso en los pasos de peatones, al girar a la derecha en rojo o durante los giros permisivos a la izquierda.<\/li>\n<li>El exceso de velocidad y la conducci\u00f3n agresiva acortan el tiempo de reacci\u00f3n y aumentan la gravedad de las lesiones.<\/li>\n<li>Conducci\u00f3n bajo los efectos del alcohol, el cannabis u otras drogas.<\/li>\n<li>Mala visibilidad debida a una iluminaci\u00f3n inadecuada, a una pantalla de coches aparcados o al mal tiempo.<\/li>\n<li>Infraestructuras inseguras, como largas distancias para cruzar, falta de rampas en las aceras o se\u00f1ales mal programadas.<\/li>\n<li>Presiones de los repartidores y de los conductores que fomentan las maniobras inseguras.<\/li>\n<\/ul>\n<h2>Lugares y patrones de alto riesgo que ven nuestros abogados de Long Beach<\/h2>\n<p>No todas las calles conllevan el mismo riesgo. Las colisiones se concentran donde el tr\u00e1fico r\u00e1pido y de gran volumen se encuentra con desplazamientos a pie frecuentes. Las zonas escolares, las paradas de tr\u00e1nsito, los corredores nocturnos y las arterias anchas de varios carriles suponen un peligro especial. Las intersecciones con fases permisivas de giro a la izquierda o largas distancias de cruce pueden dejar a la gente expuesta en la calzada, y los cruces a mitad de manzana cerca de paradas de autob\u00fas o grandes aparcamientos suelen implicar altas velocidades de los veh\u00edculos.   <\/p>\n<p><strong>Cuando investigamos, buscamos:<\/strong><\/p>\n<ul>\n<li>Intersecciones con historial de conflictos por giros a la izquierda.<\/li>\n<li>Carreteras de varios carriles sin medianas o fases protegidas.<\/li>\n<li>Cruces peatonales ausentes o descoloridos y se\u00f1ales mal temporizadas.<\/li>\n<li>Zonas de obras que desv\u00edan a los peatones sin protecci\u00f3n.<\/li>\n<li>Conflictos en aparcamientos y accesos que ponen a conductores y peatones en trayectoria de colisi\u00f3n.<\/li>\n<\/ul>\n<p>Documentar estas condiciones puede desplazar la culpa a donde corresponde y respaldar las reclamaciones de indemnizaci\u00f3n \u00edntegra.<\/p>\n<h2>Tipos de accidentes de peatones en Long Beach que tratamos<\/h2>\n<p>Cada caso que lleva nuestro bufete requiere un enfoque a medida.<\/p>\n<p><strong>Representamos a peatones lesionados y a sus familias en reclamaciones relacionadas con:<\/strong><\/p>\n<ul>\n<li>Impactos en pasos de peatones en los que los conductores no ceden el paso o giran durante la fase de paso.<\/li>\n<li>Huelgas a mitad de cuadra cerca de paradas de tr\u00e1nsito o grandes recintos.<\/li>\n<li>Incidentes en aparcamientos y accesos con malas l\u00edneas de visi\u00f3n.<\/li>\n<li>Colisiones en zonas escolares con ni\u00f1os implicados y supervisi\u00f3n o controles inadecuados.<\/li>\n<li>Las colisiones nocturnas est\u00e1n relacionadas con problemas de iluminaci\u00f3n y visibilidad.<\/li>\n<li>Atropellos con fuga que requieran reclamaciones de motoristas no asegurados o apoyo a la investigaci\u00f3n.<\/li>\n<li>Colisiones mortales de peatones que dan lugar a acciones por homicidio culposo.<\/li>\n<\/ul>\n<h2>Lesiones comunes y su impacto a largo plazo<\/h2>\n<p>Las lesiones que sufren los peatones suelen ser graves porque el cuerpo humano absorbe toda la fuerza del impacto de un veh\u00edculo. El traumatismo inmediato es solo una parte del problema; las complicaciones, el riesgo de nuevas lesiones y las limitaciones a largo plazo pueden marcar el futuro de una persona durante a\u00f1os. <\/p>\n<p>Our team collaborates with treating physicians and experts to capture the comprehensive medical picture and its impact on day-to-day life.<\/p>\n<p><strong>Lo vemos con frecuencia:<\/strong><\/p>\n<ul>\n<li>Lesiones cerebrales traum\u00e1ticas, desde conmociones cerebrales hasta lesiones axonales difusas.<\/li>\n<li>Lesiones medulares, hernias discales y par\u00e1lisis.<\/li>\n<li>Fracturas complejas de piernas, pelvis, costillas, mu\u00f1ecas y cara.<\/li>\n<li>Da\u00f1os en \u00f3rganos internos y hemorragias internas.<\/li>\n<li>Laceraciones graves, cicatrices y desfiguraci\u00f3n.<\/li>\n<li>Trauma psicol\u00f3gico, incluyendo ansiedad, depresi\u00f3n y estr\u00e9s postraum\u00e1tico.<\/li>\n<\/ul>\n<h2>Responsabilidad por accidente de peat\u00f3n en California<\/h2>\n<p>La ley de California exige a los conductores que act\u00faen con la diligencia debida para evitar colisionar con los peatones y que les cedan el paso en los pasos de peatones se\u00f1alizados y en los cruces en los que los peatones tengan preferencia de paso, como indica una se\u00f1al de paso. Probar la negligencia suele implicar demostrar que se incumpli\u00f3 el deber de diligencia que caus\u00f3 tus lesiones y p\u00e9rdidas. <\/p>\n<p><strong>Las partes potencialmente responsables pueden ser:<\/strong><\/p>\n<ul>\n<li>Un conductor distra\u00eddo, con exceso de velocidad o afectado.<\/li>\n<li>Un empresario comercial si el conductor estaba trabajando.<\/li>\n<li>Un propietario que haya creado condiciones peligrosas en el camino de entrada o en el aparcamiento.<\/li>\n<li>Entidad p\u00fablica responsable de las infraestructuras peligrosamente dise\u00f1adas o mal mantenidas, sujeta a plazos estrictos de reclamaci\u00f3n.<\/li>\n<li>Fabricantes de veh\u00edculos o equipos de se\u00f1alizaci\u00f3n defectuosos.<\/li>\n<\/ul>\n<p>Las normas de culpa comparativa de California permiten la indemnizaci\u00f3n aunque se alegue que el peat\u00f3n comparte parte de la responsabilidad. Las aseguradoras suelen exagerar la culpa del peat\u00f3n. Contraatacamos con pruebas procedentes de mediciones en el lugar de los hechos, v\u00eddeos de vigilancia, datos de sucesos, an\u00e1lisis de factores humanos y testimonios de expertos.  <\/p>\n<h2>Qu\u00e9 hacer tras un accidente de peat\u00f3n en Long Beach<\/h2>\n<p>Las medidas que tome en las horas y d\u00edas posteriores a un accidente pueden proteger su salud y su caso. La atenci\u00f3n m\u00e9dica debe ser la prioridad principal, seguida de una documentaci\u00f3n y un registro exhaustivos de los hechos. <\/p>\n<p>Reaching out to a pedestrian accident attorney in Long Beach early helps ensure evidence is preserved and communications with insurers do not jeopardize your claim.<\/p>\n<p><strong>Los pasos clave incluyen:<\/strong><\/p>\n<ul>\n<li>Llama al 911 y solicita una evaluaci\u00f3n m\u00e9dica, aunque los s\u00edntomas parezcan leves.<\/li>\n<li>Consigue un n\u00famero de informe policial y confirma que los datos de contacto y del seguro son correctos.<\/li>\n<li>Fotograf\u00eda la escena, los veh\u00edculos, la se\u00f1alizaci\u00f3n, los pasos de peatones, las marcas de derrape y la iluminaci\u00f3n.<\/li>\n<li>Identifica a los testigos y recoge sus nombres, n\u00fameros de tel\u00e9fono y breves declaraciones.<\/li>\n<li>Guarda la ropa y el calzado en una bolsa, sin lavar, para un posible uso forense.<\/li>\n<li>Conserva todas las facturas, registros y comunicaciones de las aseguradoras.<\/li>\n<li>Evita las declaraciones grabadas hasta que hables con un abogado.<\/li>\n<\/ul>\n<h2>Indemnizaciones y Acuerdos por Lesiones de Peatones en Long Beach, California<\/h2>\n<p>Una lesi\u00f3n grave de peat\u00f3n puede afectar a todos los aspectos de la vida. Una indemnizaci\u00f3n justa debe abordar tanto la atenci\u00f3n m\u00e9dica inmediata como las necesidades a largo plazo, as\u00ed como las p\u00e9rdidas humanas intangibles que no se reflejan en los recibos. Preparamos cada asunto como si fuera a ser juzgado ante un tribunal, para maximizar la influencia en la mesa de negociaci\u00f3n.  <\/p>\n<p><strong>Seg\u00fan el caso, los da\u00f1os pueden incluir<\/strong><\/p>\n<ul>\n<li>Transporte de urgencia, hospitalizaci\u00f3n, cirug\u00edas y cuidados de seguimiento.<\/li>\n<li>Rehabilitaci\u00f3n, fisioterapia, terapia ocupacional y equipos m\u00e9dicos duraderos.<\/li>\n<li>Modificaciones en el hogar, ayudas para la movilidad y futuros gastos m\u00e9dicos.<\/li>\n<li>Salarios perdidos, disminuci\u00f3n de la capacidad de ganancia y reciclaje profesional.<\/li>\n<li>Dolor, sufrimiento, angustia emocional y p\u00e9rdida del disfrute de la vida.<\/li>\n<li>Cicatrices, desfiguraci\u00f3n y discapacidad permanente.<\/li>\n<li>Indemnizaci\u00f3n por muerte por negligencia para los familiares supervivientes.<\/li>\n<\/ul>\n<h2>Estad\u00edsticas locales: Peatones en Long Beach y el condado de Los \u00c1ngeles<\/h2>\n<p>Los datos locales subrayan los riesgos que corren los peatones y ayudan a explicar por qu\u00e9 estos casos exigen una seria atenci\u00f3n. Seg\u00fan la <a href=\"https:\/\/www.nhtsa.gov\/sites\/nhtsa.gov\/files\/2024-05\/CA%20FY23%20Annual%20Report-tag.pdf#:~:text=Teen%20motor%20vehicle%20fatalities%20(age%2016%2D19)%20increased,1%2C013%20in%202020%20to%201%2C108%20in%202021.\">Oficina de Seguridad del Tr\u00e1fico de California<\/a>, Long Beach registr\u00f3 359 peatones muertos o heridos el a\u00f1o pasado, lo que supone el 2\u00ba peor puesto entre las 15 ciudades de su grupo de poblaci\u00f3n. La ciudad tambi\u00e9n ocup\u00f3 el 1er puesto en cuanto a peatones menores de 15 a\u00f1os heridos o muertos y el 3er puesto en cuanto a peatones de 65 a\u00f1os o m\u00e1s en un a\u00f1o reciente.  <\/p>\n<p>La iniciativa Calles Seguras de Long Beach informa que los peatones, ciclistas y motociclistas representan solo el 14% de las colisiones. Sin embargo, son responsables del 65% de todas las muertes y lesiones graves por accidentes de tr\u00e1fico en la ciudad. El programa se basa en la iniciativa Visi\u00f3n Cero, cuyo objetivo es eliminar las muertes y lesiones graves relacionadas con el tr\u00e1fico para el a\u00f1o 2026.  <\/p>\n<p>El contexto a nivel de todo el condado tambi\u00e9n pone de manifiesto la gravedad de la situaci\u00f3n. El a\u00f1o pasado, la ciudad de Los \u00c1ngeles registr\u00f3 336 muertes por accidentes de tr\u00e1fico, lo que refleja los desaf\u00edos que enfrenta toda la regi\u00f3n y la urgencia de contar con calles m\u00e1s seguras para todos los usuarios de la v\u00eda p\u00fablica. <\/p>\n<h2>C\u00f3mo puede ayudar el bufete de abogados de Asher Hoffman<\/h2>\n<p>Nos esforzamos incansablemente por demostrar qu\u00e9 sucedi\u00f3, por qu\u00e9 sucedi\u00f3 y c\u00f3mo cambi\u00f3 su vida. Nuestro equipo colabora con investigadores, expertos en reconstrucci\u00f3n de accidentes, especialistas en factores humanos y profesionales m\u00e9dicos para construir un caso transparente y basado en pruebas s\u00f3lidas. <\/p>\n<p>Clients choose our firm because they work directly with an attorney, receive honest communication about timelines and case value, and pay no fees unless we achieve a successful outcome.<\/p>\n<p><strong>Qu\u00e9 puedes esperar de nosotros:<\/strong><\/p>\n<ul>\n<li>Acceso directo a un abogado que responde a tus preguntas y llamadas.<\/li>\n<li>Investigaci\u00f3n minuciosa y conservaci\u00f3n r\u00e1pida de las pruebas.<\/li>\n<li>Negociaci\u00f3n estrat\u00e9gica que resiste a las ofertas bajas y a las t\u00e1cticas dilatorias.<\/li>\n<li>Defensa preparada para el juicio cuando el litigio es el camino correcto.<\/li>\n<li>Orientaci\u00f3n compasiva que da prioridad a tu recuperaci\u00f3n.<\/li>\n<\/ul>\n<h3>Tambi\u00e9n nos centramos en las siguientes \u00e1reas:<\/h3>\n<ul>\n<li><a href=\"https:\/\/asherhoffmanlaw.com\/long-beach-car-accident-lawyer\/\">Accidente automovil\u00edstico<\/a><\/li>\n<li><a href=\"https:\/\/asherhoffmanlaw.com\/long-beach-motorcycle-accident-lawyer\/\">Motorcycle Accident<\/a><\/li>\n<li><a href=\"https:\/\/asherhoffmanlaw.com\/long-beach-truck-accident-lawyer\/\">Accidente de cami\u00f3n<\/a><\/li>\n<li><a href=\"https:\/\/asherhoffmanlaw.com\/long-beach-slip-and-fall-lawyer\/\">Accidente por resbal\u00f3n y ca\u00edda<\/a><\/li>\n<li><a href=\"https:\/\/asherhoffmanlaw.com\/long-beach-workplace-accident-lawyer\/\">Accidente laboral<\/a><\/li>\n<li><a href=\"https:\/\/asherhoffmanlaw.com\/long-beach-wrongful-death-lawyer\/\">Mu erte por negligencia<\/a><\/li>\n<li><a href=\"https:\/\/asherhoffmanlaw.com\/long-beach-dog-bite-lawyer\/\">Lesi\u00f3n por mordedura de perro<\/a><\/li>\n<li><a href=\"https:\/\/asherhoffmanlaw.com\/long-beach-uber-lyft-and-rideshare-accident-lawyer\/\">Accidente de Uber, Lyft y otros servicios de transporte compartido.<\/a><\/li>\n<\/ul>\n<h2>Contacta hoy con nuestros abogados de accidentes de peatones en Long Beach<\/h2>\n<p>No debes llevar solo la carga econ\u00f3mica y emocional de una lesi\u00f3n de peat\u00f3n. <a href=\"https:\/\/asherhoffmanlaw.com\/\">El bufete de abogados de Asher Hoffman<\/a> representa a peatones lesionados y a sus familias en Long Beach, el condado de Los \u00c1ngeles y toda California. Nos centramos en tu recuperaci\u00f3n mientras nos encargamos de la lucha legal.  <\/p>\n<p>Llame hoy al <a href=\"tel:(877)%20792-4529\">(877) 792-4529<\/a> o<a href=\"https:\/\/asherhoffmanlaw.com\/contact\/\"> cont\u00e1ctenos en l\u00ednea<\/a>.Para una consulta gratuita, hable directamente con un abogado especializado en accidentes de peatones que priorizar\u00e1 su recuperaci\u00f3n. <\/p>\n","protected":false},"excerpt":{"rendered":"<p>Por Qu\u00e9 Las V\u00edctimas De Accidentes De Peatones En Long Beach Necesitan Una Fuerte Representaci\u00f3n Legal Caminar deber\u00eda ser una forma segura y asequible de desplazarse por Long Beach. Sin embargo, los corredores muy transitados, las intersecciones complejas y la conducci\u00f3n distra\u00edda crean peligros diarios para los peatones. A diferencia de los ocupantes de los [&hellip;]<\/p>\n","protected":false},"author":1,"featured_media":0,"parent":0,"menu_order":0,"comment_status":"closed","ping_status":"closed","template":"templates\/practice-area.php","meta":{"_acf_changed":false,"footnotes":""},"class_list":["post-3934","page","type-page","status-publish","hentry"],"acf":[],"yoast_head":"<!-- This site is optimized with the Yoast SEO plugin v27.0 - https:\/\/yoast.com\/product\/yoast-seo-wordpress\/ -->\n<title>Abogado de accidentes de peatones en Long Beach | Asher Hoffman<\/title>\n<meta name=\"description\" content=\"Si ha resultado herido en un accidente en un paso de peatones, p\u00f3ngase en contacto con un abogado especializado en accidentes de peatones en Long Beach para obtener una indemnizaci\u00f3n.\" \/>\n<meta name=\"robots\" content=\"index, follow, max-snippet:-1, max-image-preview:large, max-video-preview:-1\" \/>\n<link rel=\"canonical\" href=\"https:\/\/asherhoffmanlaw.com\/es\/abogados-de-confianza-en-accidentes-de-peatones-en-long-beach\/\" \/>\n<meta property=\"og:locale\" content=\"es_ES\" \/>\n<meta property=\"og:type\" content=\"article\" \/>\n<meta property=\"og:title\" content=\"Abogado de accidentes de peatones en Long Beach | Asher Hoffman\" \/>\n<meta property=\"og:description\" content=\"Si ha resultado herido en un accidente en un paso de peatones, p\u00f3ngase en contacto con un abogado especializado en accidentes de peatones en Long Beach para obtener una indemnizaci\u00f3n.\" \/>\n<meta property=\"og:url\" content=\"https:\/\/asherhoffmanlaw.com\/es\/abogados-de-confianza-en-accidentes-de-peatones-en-long-beach\/\" \/>\n<meta property=\"article:modified_time\" content=\"2025-12-24T09:10:12+00:00\" \/>\n<meta property=\"og:image\" content=\"https:\/\/asherhoffmanlaw.com\/wp-content\/uploads\/2025\/11\/A-man-crosses-the-road-on-crosswalk.jpg\" \/>\n\t<meta property=\"og:image:width\" content=\"1210\" \/>\n\t<meta property=\"og:image:height\" content=\"866\" \/>\n\t<meta property=\"og:image:type\" content=\"image\/jpeg\" \/>\n<meta name=\"twitter:card\" content=\"summary_large_image\" \/>\n<meta name=\"twitter:label1\" content=\"Est. reading time\" \/>\n\t<meta name=\"twitter:data1\" content=\"10 minutes\" \/>\n<!-- \/ Yoast SEO plugin. -->","yoast_head_json":{"title":"Abogado de accidentes de peatones en Long Beach | Asher Hoffman","description":"Si ha resultado herido en un accidente en un paso de peatones, p\u00f3ngase en contacto con un abogado especializado en accidentes de peatones en Long Beach para obtener una indemnizaci\u00f3n.","robots":{"index":"index","follow":"follow","max-snippet":"max-snippet:-1","max-image-preview":"max-image-preview:large","max-video-preview":"max-video-preview:-1"},"canonical":"https:\/\/asherhoffmanlaw.com\/es\/abogados-de-confianza-en-accidentes-de-peatones-en-long-beach\/","og_locale":"es_ES","og_type":"article","og_title":"Abogado de accidentes de peatones en Long Beach | Asher Hoffman","og_description":"Si ha resultado herido en un accidente en un paso de peatones, p\u00f3ngase en contacto con un abogado especializado en accidentes de peatones en Long Beach para obtener una indemnizaci\u00f3n.","og_url":"https:\/\/asherhoffmanlaw.com\/es\/abogados-de-confianza-en-accidentes-de-peatones-en-long-beach\/","article_modified_time":"2025-12-24T09:10:12+00:00","og_image":[{"width":1210,"height":866,"url":"https:\/\/asherhoffmanlaw.com\/wp-content\/uploads\/2025\/11\/A-man-crosses-the-road-on-crosswalk.jpg","type":"image\/jpeg"}],"twitter_card":"summary_large_image","twitter_misc":{"Est. reading time":"10 minutes"},"schema":{"@context":"https:\/\/schema.org","@graph":[{"@type":"WebPage","@id":"https:\/\/asherhoffmanlaw.com\/es\/abogados-de-confianza-en-accidentes-de-peatones-en-long-beach\/","url":"https:\/\/asherhoffmanlaw.com\/es\/abogados-de-confianza-en-accidentes-de-peatones-en-long-beach\/","name":"Abogado de accidentes de peatones en Long Beach | Asher Hoffman","isPartOf":{"@id":"https:\/\/asherhoffmanlaw.com\/es\/#website"},"primaryImageOfPage":{"@id":"https:\/\/asherhoffmanlaw.com\/es\/abogados-de-confianza-en-accidentes-de-peatones-en-long-beach\/#primaryimage"},"image":{"@id":"https:\/\/asherhoffmanlaw.com\/es\/abogados-de-confianza-en-accidentes-de-peatones-en-long-beach\/#primaryimage"},"thumbnailUrl":"https:\/\/asherhoffmanlaw.com\/wp-content\/uploads\/2025\/11\/A-man-crosses-the-road-on-crosswalk-1024x733.jpg","datePublished":"2025-10-08T13:02:29+00:00","dateModified":"2025-12-24T09:10:12+00:00","description":"Si ha resultado herido en un accidente en un paso de peatones, p\u00f3ngase en contacto con un abogado especializado en accidentes de peatones en Long Beach para obtener una indemnizaci\u00f3n.","breadcrumb":{"@id":"https:\/\/asherhoffmanlaw.com\/es\/abogados-de-confianza-en-accidentes-de-peatones-en-long-beach\/#breadcrumb"},"inLanguage":"es-ES","potentialAction":[{"@type":"ReadAction","target":["https:\/\/asherhoffmanlaw.com\/es\/abogados-de-confianza-en-accidentes-de-peatones-en-long-beach\/"]}]},{"@type":"ImageObject","inLanguage":"es-ES","@id":"https:\/\/asherhoffmanlaw.com\/es\/abogados-de-confianza-en-accidentes-de-peatones-en-long-beach\/#primaryimage","url":"https:\/\/asherhoffmanlaw.com\/wp-content\/uploads\/2025\/11\/A-man-crosses-the-road-on-crosswalk-1024x733.jpg","contentUrl":"https:\/\/asherhoffmanlaw.com\/wp-content\/uploads\/2025\/11\/A-man-crosses-the-road-on-crosswalk-1024x733.jpg"},{"@type":"BreadcrumbList","@id":"https:\/\/asherhoffmanlaw.com\/es\/abogados-de-confianza-en-accidentes-de-peatones-en-long-beach\/#breadcrumb","itemListElement":[{"@type":"ListItem","position":1,"name":"Home","item":"https:\/\/asherhoffmanlaw.com\/es\/casa\/"},{"@type":"ListItem","position":2,"name":"Abogados de confianza en accidentes de peatones en Long Beach"}]},{"@type":"WebSite","@id":"https:\/\/asherhoffmanlaw.com\/es\/#website","url":"https:\/\/asherhoffmanlaw.com\/es\/","name":"","description":"Law Offices of Asher Hoffman Law","potentialAction":[{"@type":"SearchAction","target":{"@type":"EntryPoint","urlTemplate":"https:\/\/asherhoffmanlaw.com\/es\/?s={search_term_string}"},"query-input":{"@type":"PropertyValueSpecification","valueRequired":true,"valueName":"search_term_string"}}],"inLanguage":"es-ES"}]}},"_links":{"self":[{"href":"https:\/\/asherhoffmanlaw.com\/es\/wp-json\/wp\/v2\/pages\/3934","targetHints":{"allow":["GET"]}}],"collection":[{"href":"https:\/\/asherhoffmanlaw.com\/es\/wp-json\/wp\/v2\/pages"}],"about":[{"href":"https:\/\/asherhoffmanlaw.com\/es\/wp-json\/wp\/v2\/types\/page"}],"author":[{"embeddable":true,"href":"https:\/\/asherhoffmanlaw.com\/es\/wp-json\/wp\/v2\/users\/1"}],"replies":[{"embeddable":true,"href":"https:\/\/asherhoffmanlaw.com\/es\/wp-json\/wp\/v2\/comments?post=3934"}],"version-history":[{"count":0,"href":"https:\/\/asherhoffmanlaw.com\/es\/wp-json\/wp\/v2\/pages\/3934\/revisions"}],"wp:attachment":[{"href":"https:\/\/asherhoffmanlaw.com\/es\/wp-json\/wp\/v2\/media?parent=3934"}],"curies":[{"name":"wp","href":"https:\/\/api.w.org\/{rel}","templated":true}]}}