{"id":4069,"date":"2025-10-08T12:58:24","date_gmt":"2025-10-08T12:58:24","guid":{"rendered":"https:\/\/asherhoffmanlaw.com\/abogados-especializados-en-accidentes-de-motocicleta-en-long-beach\/"},"modified":"2025-10-08T12:58:24","modified_gmt":"2025-10-08T12:58:24","slug":"abogados-especializados-en-accidentes-de-motocicleta-en-long-beach","status":"publish","type":"page","link":"https:\/\/asherhoffmanlaw.com\/es\/abogados-especializados-en-accidentes-de-motocicleta-en-long-beach\/","title":{"rendered":"Abogados especializados en accidentes de motocicleta en Long Beach"},"content":{"rendered":"<h2>Por qu\u00e9 las v\u00edctimas de accidentes de motocicleta en Long Beach necesitan representaci\u00f3n legal.<\/h2>\n<p>Los accidentes de motocicleta son diferentes a cualquier otro tipo de accidente de tr\u00e1fico. Los motociclistas en California est\u00e1n completamente expuestos, con poca protecci\u00f3n m\u00e1s all\u00e1 del casco y el equipo de seguridad, lo que significa que incluso las colisiones a baja velocidad pueden provocar lesiones devastadoras. En una ciudad como Long Beach, con mucho tr\u00e1fico, cruces de autopistas y calles muy transitadas, los motociclistas se enfrentan a riesgos \u00fanicos cada vez que salen a la carretera.  <\/p>\n<p>M\u00e1s all\u00e1 de las lesiones f\u00edsicas inmediatas, las v\u00edctimas de accidentes de motocicleta a menudo se enfrentan a largas estancias en el hospital, per\u00edodos de recuperaci\u00f3n prolongados y cuantiosas p\u00e9rdidas econ\u00f3micas debido a la imposibilidad de trabajar.<\/p>\n<p><img loading=\"lazy\" decoding=\"async\" class=\"size-full wp-image-3610 aligncenter\" src=\"https:\/\/asherhoffmanlaw.com\/wp-content\/uploads\/2025\/10\/Motorcycle-accident.jpg\" alt=\"\" width=\"1024\" height=\"683\" srcset=\"https:\/\/asherhoffmanlaw.com\/wp-content\/uploads\/2025\/10\/Motorcycle-accident.jpg 1024w, https:\/\/asherhoffmanlaw.com\/wp-content\/uploads\/2025\/10\/Motorcycle-accident-300x200.jpg 300w, https:\/\/asherhoffmanlaw.com\/wp-content\/uploads\/2025\/10\/Motorcycle-accident-768x512.jpg 768w\" sizes=\"auto, (max-width: 1024px) 100vw, 1024px\" \/><\/p>\n<p>Adem\u00e1s de estos desaf\u00edos, las compa\u00f1\u00edas de seguros suelen basarse en estereotipos injustos que presentan a los motociclistas como imprudentes o culpables. Este prejuicio dificulta que los motociclistas lesionados obtengan una compensaci\u00f3n justa por s\u00ed solos. Por eso, contar con un abogado especializado en accidentes de motocicleta en Long Beach es fundamental.  <\/p>\n<p>En el bufete de abogados de Asher Hoffman, no solo entendemos la ley, sino que tambi\u00e9n sabemos c\u00f3mo romper con los estereotipos, demostrar la responsabilidad y luchar por los derechos de los motociclistas que merecen ser tratados con justicia.,<a href=\"https:\/\/asherhoffmanlaw.com\/contact\/\">Comenzando con una consulta gratuita.<\/a><\/p>\n<h2><strong>Causas comunes de accidentes de motocicleta en Long Beach<\/strong><\/h2>\n<p>Comprender las causas de los accidentes de motocicleta es fundamental para exigir responsabilidades a las partes negligentes. En Long Beach, las colisiones de motocicletas suelen ser consecuencia de la negligencia del conductor, el dise\u00f1o vial deficiente u otros peligros evitables. Si bien muchos conductores afirman que &#8220;no vieron la motocicleta&#8221;, esa excusa no los exime de responsabilidad cuando ocurre un accidente.  <\/p>\n<p>Los motociclistas tienen el mismo derecho a usar la carretera que cualquier otro veh\u00edculo; sin embargo, las acciones negligentes de otros conductores a menudo ponen en peligro a los motociclistas. Nuestros abogados especializados en accidentes de motocicleta de Long Beach investigan minuciosamente cada caso para determinar c\u00f3mo ocurri\u00f3 el accidente y qui\u00e9n es legalmente responsable. <\/p>\n<p><strong>Las causas m\u00e1s frecuentes son:<\/strong><\/p>\n<ul>\n<li><strong>Falta de atenci\u00f3n del conductor.<\/strong> Las motocicletas son m\u00e1s peque\u00f1as y m\u00e1s f\u00e1ciles de pasar por alto, pero no prestarles atenci\u00f3n sigue siendo una negligencia.<\/li>\n<li><strong>Cambios de carril inseguros.<\/strong> Los conductores que se incorporan a la v\u00eda sin comprobar los \u00e1ngulos muertos a menudo chocan con los motociclistas.<\/li>\n<li><strong>Accidentes al girar a la izquierda.<\/strong> Las motocicletas suelen ser atropelladas cuando los conductores calculan mal su velocidad al girar.<\/li>\n<li><strong>Exceso de velocidad y conducci\u00f3n temeraria.<\/strong> Las velocidades m\u00e1s altas provocan impactos m\u00e1s graves y reducen el tiempo de reacci\u00f3n.<\/li>\n<li><strong>Conducir bajo los efectos del alcohol o las drogas.<\/strong> El alcohol y las drogas reducen la capacidad del conductor para compartir la carretera de forma segura.<\/li>\n<li><strong>Peligros en la carretera.<\/strong> Los baches, la grava suelta o los escombros de construcci\u00f3n que apenas afectan a los coches pueden ser mortales para los motociclistas.<\/li>\n<\/ul>\n<p>Al demostrar la causa de su accidente, fortalecemos su caso para obtener una indemnizaci\u00f3n y protegemos sus derechos seg\u00fan la ley de California.<\/p>\n<h2><strong>Tipos de accidentes de motocicleta en Long Beach que atendemos<\/strong><\/h2>\n<p>Los accidentes de motocicleta pueden ocurrir de muchas maneras diferentes, y cada tipo presenta desaf\u00edos legales y m\u00e9dicos \u00fanicos. Independientemente del tipo de accidente, las consecuencias para un motociclista suelen ser mucho peores que para el conductor de un coche o un cami\u00f3n. <\/p>\n<p><strong>Nuestros abogados especializados en accidentes de motocicleta en Long Beach tienen experiencia en el manejo de una amplia gama de casos, que incluyen:<\/strong><\/p>\n<ul>\n<li><strong>Head-on collisions.<\/strong> Se trata de uno de los accidentes de motocicleta m\u00e1s mortales, que a menudo resultan en lesiones catastr\u00f3ficas o fallecimientos.<\/li>\n<li><strong>Colisiones por alcance.<\/strong> Incluso a bajas velocidades, estos incidentes pueden provocar que los ciclistas salgan despedidos de sus bicicletas.<\/li>\n<li><strong>Accidentes por colisi\u00f3n lateral.<\/strong> Es com\u00fan en las intersecciones cuando los conductores no ceden el derecho de paso.<\/li>\n<li><strong>Colisiones m\u00faltiples de veh\u00edculos.<\/strong> Los choques en cadena en autopistas congestionadas pueden involucrar a varios conductores negligentes.<\/li>\n<li><strong>Accidentes con fuga del conductor.<\/strong> Los ciclistas se quedan sin ayuda inmediata, y la identificaci\u00f3n del conductor responsable se vuelve m\u00e1s compleja.<\/li>\n<li><strong>Drunk driving collisions.<\/strong> Los conductores con facultades mermadas representan un riesgo mortal para los motociclistas en todo el condado de Los \u00c1ngeles.<\/li>\n<\/ul>\n<p>Sin importar el tipo de accidente de motocicleta, nuestra firma construye un caso adaptado a sus circunstancias espec\u00edficas, asegurando que se aborden todos los aspectos de su reclamo.<a href=\"https:\/\/asherhoffmanlaw.com\/contact\/\"> Comenzando con una consulta gratuita.<\/a><\/p>\n<h2><strong>Lesiones comunes en accidentes de motocicleta en Long Beach, California.<\/strong><\/h2>\n<p>Las lesiones causadas por accidentes de motocicleta suelen ser graves, requieren tratamiento a largo plazo y afectan todos los aspectos de la vida de la v\u00edctima. A diferencia de los conductores de autom\u00f3viles, los motociclistas no cuentan con airbags, cinturones de seguridad ni estructuras de acero reforzado para absorber el impacto. En cambio, sus cuerpos reciben toda la fuerza de la colisi\u00f3n, a menudo con consecuencias catastr\u00f3ficas.  <\/p>\n<p><strong>Nuestros abogados especializados en accidentes de motocicleta en Long Beach trabajan con frecuencia con clientes que han sufrido:<\/strong><\/p>\n<ul>\n<li><strong>Lesiones cerebrales traum\u00e1ticas.<\/strong> Incluso con casco, los ciclistas pueden sufrir conmociones cerebrales o da\u00f1os cerebrales permanentes.<\/li>\n<li><strong>Lesiones de la m\u00e9dula espinal.<\/strong> Los da\u00f1os pueden causar par\u00e1lisis, p\u00e9rdida de movilidad o dolor cr\u00f3nico.<\/li>\n<li><strong>Erupci\u00f3n cut\u00e1nea por fricci\u00f3n.<\/strong> Abrasiones graves que pueden requerir injertos de piel dolorosos y provocar cicatrices.<\/li>\n<li><strong>Huesos rotos.<\/strong> Desde fracturas simples hasta extremidades aplastadas que requieren reconstrucci\u00f3n quir\u00fargica.<\/li>\n<li><strong>Da\u00f1o en los \u00f3rganos internos.<\/strong> Lesiones que pueden no ser visibles de inmediato, pero que pueden poner en peligro la vida.<\/li>\n<li><strong>Amputaciones.<\/strong> Causado por lesiones por aplastamiento o traumatismos graves en los brazos o las piernas.<\/li>\n<li><strong>Trauma psicol\u00f3gico.<\/strong> Incluyendo trastorno de estr\u00e9s postraum\u00e1tico, ansiedad y depresi\u00f3n.<\/li>\n<\/ul>\n<p>Estas lesiones no solo afectan a las v\u00edctimas f\u00edsicamente. A menudo, transforman por completo su futuro, impactando en su trabajo, sus relaciones personales y su independencia. <\/p>\n<h2><strong>Responsabilidad en accidentes de motocicleta en California<\/strong><\/h2>\n<p>Determinar la responsabilidad es uno de los aspectos m\u00e1s importantes en una reclamaci\u00f3n por lesiones en un accidente de motocicleta. En California, probar la negligencia significa demostrar que otra parte no actu\u00f3 con la debida diligencia y que esa negligencia caus\u00f3 sus lesiones. Esto podr\u00eda ser un conductor distra\u00eddo que invadi\u00f3 su carril, un municipio que no repar\u00f3 una carretera peligrosa o incluso un fabricante de motocicletas que comercializ\u00f3 una pieza defectuosa. California tambi\u00e9n aplica un sistema de culpa comparativa, lo que significa que usted a\u00fan puede obtener una indemnizaci\u00f3n incluso si tuvo parte de la culpa en el accidente.   <\/p>\n<p>Por ejemplo, si usted fuera responsable en un 20%, la indemnizaci\u00f3n se reducir\u00eda proporcionalmente, pero aun as\u00ed podr\u00eda recuperar el 80% de sus p\u00e9rdidas. Por ello, es fundamental contar con un abogado especializado en accidentes de motocicleta en Long Beach que pueda minimizar la culpa injusta y maximizar su compensaci\u00f3n. <\/p>\n<h2><strong>Pasos a seguir despu\u00e9s de un accidente de motocicleta en Long Beach, California.<\/strong><\/h2>\n<p>Los pasos que sigas despu\u00e9s de un accidente de motocicleta pueden afectar significativamente tu salud y tu reclamaci\u00f3n. Muchos motociclistas no saben qu\u00e9 hacer, sobre todo debido al estado de shock que sigue a una colisi\u00f3n grave. Saber qu\u00e9 hacer de antemano puede proteger tus derechos y preservar pruebas cruciales.  <\/p>\n<p><strong>Tras un accidente de motocicleta en Long Beach:<\/strong><\/p>\n<ul>\n<li><strong>Llame al 911 de inmediato.<\/strong> Informe del accidente y solicite servicios m\u00e9dicos de emergencia.<\/li>\n<li><strong>Gather evidence.<\/strong> Tome fotograf\u00edas del lugar del accidente, de sus lesiones, de las marcas de frenado y de los da\u00f1os a los veh\u00edculos.<\/li>\n<li><strong>Intercambiar informaci\u00f3n.<\/strong> Recopile los datos del conductor, incluyendo el seguro y el permiso de conducir.<\/li>\n<li><strong>Localizar a los testigos.<\/strong> Las declaraciones independientes pueden ayudar a establecer la responsabilidad.<\/li>\n<li><strong>Evite las declaraciones grabadas.<\/strong> Los peritos de las compa\u00f1\u00edas de seguros pueden intentar utilizar tus palabras en tu contra.<\/li>\n<li><strong>Busque atenci\u00f3n m\u00e9dica.<\/strong> Aunque te sientas bien, las lesiones internas pueden no manifestarse de inmediato.<\/li>\n<li><strong><a href=\"https:\/\/asherhoffmanlaw.com\/contact\/\">Hable con nuestro abogado especializado en accidentes de motocicleta en Long Beach..<\/a><\/strong> El asesoramiento legal garantiza que sus derechos est\u00e9n protegidos desde el principio.<\/li>\n<\/ul>\n<h2><strong>Indemnizaciones y acuerdos por accidentes de motocicleta<\/strong><\/h2>\n<p>Recuperarse de un accidente de motocicleta a menudo requiere m\u00e1s que tratamiento m\u00e9dico. Se necesita estabilidad financiera y apoyo a largo plazo. La indemnizaci\u00f3n en estos casos debe cubrir tanto las lesiones visibles como las p\u00e9rdidas ocultas que sufren las v\u00edctimas. Las compa\u00f1\u00edas de seguros suelen infravalorar las reclamaciones, por lo que preparamos cada caso como si fuera a llegar a juicio.   <\/p>\n<p><strong>Una reclamaci\u00f3n integral por lesiones sufridas en un accidente de motocicleta puede incluir:<\/strong><\/p>\n<ul>\n<li>Tratamiento m\u00e9dico de emergencia y hospitalizaci\u00f3n.<\/li>\n<li>Terapia continua, rehabilitaci\u00f3n y atenci\u00f3n especializada.<\/li>\n<li>P\u00e9rdida de salario y reducci\u00f3n de la capacidad de generar ingresos.<\/li>\n<li>Dolor y sufrimiento, incluida la p\u00e9rdida del disfrute de la vida.<\/li>\n<li>Reparaci\u00f3n o sustituci\u00f3n de su motocicleta.<\/li>\n<li>Costos de discapacidad a largo plazo o incapacidad permanente.<\/li>\n<li>Indemnizaci\u00f3n por muerte injusta para las familias de las v\u00edctimas.<\/li>\n<\/ul>\n<p>Nuestros abogados especializados en accidentes de motocicleta en Long Beach luchan para garantizar que las v\u00edctimas reciban indemnizaciones justas que cubran la totalidad de sus p\u00e9rdidas.<\/p>\n<h2><strong>Estad\u00edsticas locales sobre accidentes de motocicleta en el condado de Los \u00c1ngeles.<\/strong><\/h2>\n<p>Los accidentes de motocicleta son un problema importante en todo el condado de Los \u00c1ngeles, y Long Beach registra una gran parte de estos incidentes.<\/p>\n<p><strong>Seg\u00fan el<a href=\"https:\/\/www.nhtsa.gov\/sites\/nhtsa.gov\/files\/2024-05\/CA%20FY23%20Annual%20Report-tag.pdf#:~:text=Teen%20motor%20vehicle%20fatalities%20(age%2016%2D19)%20increased,1%2C013%20in%202020%20to%201%2C108%20in%202021.\">Oficina de Seguridad Vial de California<\/a><\/strong><strong> (OTS):<\/strong><\/p>\n<ul>\n<li>El condado de Los \u00c1ngeles registra cientos de accidentes de motocicleta graves y mortales cada a\u00f1o.<\/li>\n<li>En los \u00faltimos a\u00f1os, California ha registrado un promedio constante de m\u00e1s de 500 muertes por accidentes de motocicleta al a\u00f1o.<\/li>\n<li>Las zonas urbanas como Long Beach, con un alto volumen de tr\u00e1fico en las autopistas y cruces de calles muy concurridos, son particularmente peligrosas para los ciclistas.<\/li>\n<li>El consumo de alcohol sigue desempe\u00f1ando un papel importante en muchos accidentes mortales de motocicleta en todo el estado.<\/li>\n<\/ul>\n<p>Estas estad\u00edsticas subrayan la importancia de trabajar con un abogado especializado en accidentes de motocicleta en Long Beach que comprenda los riesgos locales y tenga la experiencia necesaria para buscar justicia en casos complejos.<\/p>\n<h2><strong>C\u00f3mo puede ayudar el bufete de abogados de Asher Hoffman<\/strong><\/h2>\n<p>Las v\u00edctimas de accidentes de motocicleta merecen abogados que las vean como algo m\u00e1s que simples estereotipos. Con demasiada frecuencia, se culpa autom\u00e1ticamente a los motociclistas, incluso cuando las pruebas demuestran lo contrario. Nuestro trabajo es cuestionar esas suposiciones, demostrar la responsabilidad del culpable y obtener la indemnizaci\u00f3n que nuestros clientes necesitan para recuperarse.  <\/p>\n<p><strong>En el bufete de abogados de Asher Hoffman, ofrecemos:<\/strong><\/p>\n<ul>\n<li><strong>Acceso directo a abogados. <\/strong>Cada cliente habla directamente con <a href=\"https:\/\/asherhoffmanlaw.com\/our-team\/asher-hoffman\/\">Asher Hoffman.<\/a><\/li>\n<li><strong>Experiencia en juicios.<\/strong> No dudamos en recurrir a los tribunales cuando las negociaciones fracasan.<\/li>\n<li><strong>Atenci\u00f3n compasiva.<\/strong> Comprendemos el impacto m\u00e9dico, financiero y emocional de estos accidentes.<\/li>\n<li><strong>Garant\u00eda sin comisiones.<\/strong> No nos debes nada a menos que ganemos.<\/li>\n<li><strong>Conocimiento local.<\/strong> Nuestras ra\u00edces en Long Beach nos permiten comprender los desaf\u00edos \u00fanicos a los que se enfrentan los ciclistas en esta zona.<\/li>\n<\/ul>\n<h3>Tambi\u00e9n nos centramos en las siguientes \u00e1reas:<\/h3>\n<ul>\n<li><a href=\"https:\/\/asherhoffmanlaw.com\/long-beach-car-accident-lawyer\/\">Accidente automovil\u00edstico<\/a><\/li>\n<li><a href=\"https:\/\/asherhoffmanlaw.com\/long-beach-truck-accident-lawyer\/\">Accidente de cami\u00f3n<\/a><\/li>\n<li><a href=\"https:\/\/asherhoffmanlaw.com\/long-beach-slip-and-fall-lawyer\/\">Accidente por resbal\u00f3n y ca\u00edda<\/a><\/li>\n<li><a href=\"https:\/\/asherhoffmanlaw.com\/long-beach-workplace-accident-lawyer\/\">Accidente laboral<\/a><\/li>\n<li><a href=\"https:\/\/asherhoffmanlaw.com\/long-beach-wrongful-death-lawyer\/\">Muerte por negligencia<\/a><\/li>\n<li><a href=\"https:\/\/asherhoffmanlaw.com\/long-beach-dog-bite-lawyer\/\">Lesi\u00f3n por mordedura de perro<\/a><\/li>\n<li><a href=\"https:\/\/asherhoffmanlaw.com\/long-beach-pedestrian-lawyer\/\">Accidente de peatones<\/a><\/li>\n<li><a href=\"https:\/\/asherhoffmanlaw.com\/long-beach-uber-lyft-and-rideshare-accident-lawyer\/\">Accidente de Uber, Lyft y otros servicios de transporte compartido.<\/a><\/li>\n<\/ul>\n<h2><strong>P\u00f3ngase en contacto hoy mismo con nuestros abogados especializados en accidentes de motocicleta en Long Beach.<\/strong><\/h2>\n<p>Si usted o un ser querido result\u00f3 herido en un accidente de motocicleta, no tiene por qu\u00e9 afrontar las consecuencias en solitario..<a href=\"https:\/\/asherhoffmanlaw.com\/\">El bufete de abogados de Asher Hoffman <\/a>pRepresentamos con orgullo a motociclistas lesionados en Long Beach, el condado de Los \u00c1ngeles y en todo California. Combinamos una s\u00f3lida experiencia en litigios con un trato humano y comprensivo para ayudar a nuestros clientes a reconstruir sus vidas despu\u00e9s de accidentes devastadores.  <\/p>\n<p>Llame hoy al <a href=\"tel:(877)%20792-4529\">(877) 792-4529<\/a> o <a href=\"https:\/\/asherhoffmanlaw.com\/contact\/\">Contacta con nosotras en linea <\/a>Para una consulta gratuita, hable directamente con un abogado especializado en accidentes de motocicleta en Long Beach que luchar\u00e1 por sus derechos y priorizar\u00e1 su recuperaci\u00f3n. <\/p>\n","protected":false},"excerpt":{"rendered":"<p>Por qu\u00e9 las v\u00edctimas de accidentes de motocicleta en Long Beach necesitan representaci\u00f3n legal. Los accidentes de motocicleta son diferentes a cualquier otro tipo de accidente de tr\u00e1fico. Los motociclistas en California est\u00e1n completamente expuestos, con poca protecci\u00f3n m\u00e1s all\u00e1 del casco y el equipo de seguridad, lo que significa que incluso las colisiones a [&hellip;]<\/p>\n","protected":false},"author":1,"featured_media":0,"parent":0,"menu_order":0,"comment_status":"closed","ping_status":"closed","template":"templates\/practice-area.php","meta":{"_acf_changed":false,"footnotes":""},"class_list":["post-4069","page","type-page","status-publish","hentry"],"acf":[],"yoast_head":"<!-- This site is optimized with the Yoast SEO plugin v27.0 - https:\/\/yoast.com\/product\/yoast-seo-wordpress\/ -->\n<title>Abogado de accidentes de motocicleta en Long Beach<\/title>\n<meta name=\"description\" content=\"\u00bfHa sufrido un accidente de motocicleta en Long Beach? Nuestros abogados especializados en accidentes de motocicleta en Long Beach pueden ayudarle. Cont\u00e1ctenos hoy mismo para una consulta gratuita.\" \/>\n<meta name=\"robots\" content=\"index, follow, max-snippet:-1, max-image-preview:large, max-video-preview:-1\" \/>\n<link rel=\"canonical\" href=\"https:\/\/asherhoffmanlaw.com\/es\/abogados-especializados-en-accidentes-de-motocicleta-en-long-beach\/\" \/>\n<meta property=\"og:locale\" content=\"es_ES\" \/>\n<meta property=\"og:type\" content=\"article\" \/>\n<meta property=\"og:title\" content=\"Abogado de accidentes de motocicleta en Long Beach\" \/>\n<meta property=\"og:description\" content=\"\u00bfHa sufrido un accidente de motocicleta en Long Beach? Nuestros abogados especializados en accidentes de motocicleta en Long Beach pueden ayudarle. Cont\u00e1ctenos hoy mismo para una consulta gratuita.\" \/>\n<meta property=\"og:url\" content=\"https:\/\/asherhoffmanlaw.com\/es\/abogados-especializados-en-accidentes-de-motocicleta-en-long-beach\/\" \/>\n<meta property=\"og:image\" content=\"https:\/\/asherhoffmanlaw.com\/wp-content\/uploads\/2025\/10\/Motorcycle-accident.jpg\" \/>\n\t<meta property=\"og:image:width\" content=\"1024\" \/>\n\t<meta property=\"og:image:height\" content=\"683\" \/>\n\t<meta property=\"og:image:type\" content=\"image\/jpeg\" \/>\n<meta name=\"twitter:card\" content=\"summary_large_image\" \/>\n<meta name=\"twitter:label1\" content=\"Est. reading time\" \/>\n\t<meta name=\"twitter:data1\" content=\"11 minutes\" \/>\n<!-- \/ Yoast SEO plugin. -->","yoast_head_json":{"title":"Abogado de accidentes de motocicleta en Long Beach","description":"\u00bfHa sufrido un accidente de motocicleta en Long Beach? Nuestros abogados especializados en accidentes de motocicleta en Long Beach pueden ayudarle. Cont\u00e1ctenos hoy mismo para una consulta gratuita.","robots":{"index":"index","follow":"follow","max-snippet":"max-snippet:-1","max-image-preview":"max-image-preview:large","max-video-preview":"max-video-preview:-1"},"canonical":"https:\/\/asherhoffmanlaw.com\/es\/abogados-especializados-en-accidentes-de-motocicleta-en-long-beach\/","og_locale":"es_ES","og_type":"article","og_title":"Abogado de accidentes de motocicleta en Long Beach","og_description":"\u00bfHa sufrido un accidente de motocicleta en Long Beach? Nuestros abogados especializados en accidentes de motocicleta en Long Beach pueden ayudarle. Cont\u00e1ctenos hoy mismo para una consulta gratuita.","og_url":"https:\/\/asherhoffmanlaw.com\/es\/abogados-especializados-en-accidentes-de-motocicleta-en-long-beach\/","og_image":[{"width":1024,"height":683,"url":"https:\/\/asherhoffmanlaw.com\/wp-content\/uploads\/2025\/10\/Motorcycle-accident.jpg","type":"image\/jpeg"}],"twitter_card":"summary_large_image","twitter_misc":{"Est. reading time":"11 minutes"},"schema":{"@context":"https:\/\/schema.org","@graph":[{"@type":"WebPage","@id":"https:\/\/asherhoffmanlaw.com\/es\/abogados-especializados-en-accidentes-de-motocicleta-en-long-beach\/","url":"https:\/\/asherhoffmanlaw.com\/es\/abogados-especializados-en-accidentes-de-motocicleta-en-long-beach\/","name":"Abogado de accidentes de motocicleta en Long Beach","isPartOf":{"@id":"https:\/\/asherhoffmanlaw.com\/es\/#website"},"primaryImageOfPage":{"@id":"https:\/\/asherhoffmanlaw.com\/es\/abogados-especializados-en-accidentes-de-motocicleta-en-long-beach\/#primaryimage"},"image":{"@id":"https:\/\/asherhoffmanlaw.com\/es\/abogados-especializados-en-accidentes-de-motocicleta-en-long-beach\/#primaryimage"},"thumbnailUrl":"https:\/\/asherhoffmanlaw.com\/wp-content\/uploads\/2025\/10\/Motorcycle-accident.jpg","datePublished":"2025-10-08T12:58:24+00:00","description":"\u00bfHa sufrido un accidente de motocicleta en Long Beach? Nuestros abogados especializados en accidentes de motocicleta en Long Beach pueden ayudarle. Cont\u00e1ctenos hoy mismo para una consulta gratuita.","breadcrumb":{"@id":"https:\/\/asherhoffmanlaw.com\/es\/abogados-especializados-en-accidentes-de-motocicleta-en-long-beach\/#breadcrumb"},"inLanguage":"es-ES","potentialAction":[{"@type":"ReadAction","target":["https:\/\/asherhoffmanlaw.com\/es\/abogados-especializados-en-accidentes-de-motocicleta-en-long-beach\/"]}]},{"@type":"ImageObject","inLanguage":"es-ES","@id":"https:\/\/asherhoffmanlaw.com\/es\/abogados-especializados-en-accidentes-de-motocicleta-en-long-beach\/#primaryimage","url":"https:\/\/asherhoffmanlaw.com\/wp-content\/uploads\/2025\/10\/Motorcycle-accident.jpg","contentUrl":"https:\/\/asherhoffmanlaw.com\/wp-content\/uploads\/2025\/10\/Motorcycle-accident.jpg"},{"@type":"BreadcrumbList","@id":"https:\/\/asherhoffmanlaw.com\/es\/abogados-especializados-en-accidentes-de-motocicleta-en-long-beach\/#breadcrumb","itemListElement":[{"@type":"ListItem","position":1,"name":"Home","item":"https:\/\/asherhoffmanlaw.com\/es\/casa\/"},{"@type":"ListItem","position":2,"name":"Abogados especializados en accidentes de motocicleta en Long Beach"}]},{"@type":"WebSite","@id":"https:\/\/asherhoffmanlaw.com\/es\/#website","url":"https:\/\/asherhoffmanlaw.com\/es\/","name":"","description":"Law Offices of Asher Hoffman Law","potentialAction":[{"@type":"SearchAction","target":{"@type":"EntryPoint","urlTemplate":"https:\/\/asherhoffmanlaw.com\/es\/?s={search_term_string}"},"query-input":{"@type":"PropertyValueSpecification","valueRequired":true,"valueName":"search_term_string"}}],"inLanguage":"es-ES"}]}},"_links":{"self":[{"href":"https:\/\/asherhoffmanlaw.com\/es\/wp-json\/wp\/v2\/pages\/4069","targetHints":{"allow":["GET"]}}],"collection":[{"href":"https:\/\/asherhoffmanlaw.com\/es\/wp-json\/wp\/v2\/pages"}],"about":[{"href":"https:\/\/asherhoffmanlaw.com\/es\/wp-json\/wp\/v2\/types\/page"}],"author":[{"embeddable":true,"href":"https:\/\/asherhoffmanlaw.com\/es\/wp-json\/wp\/v2\/users\/1"}],"replies":[{"embeddable":true,"href":"https:\/\/asherhoffmanlaw.com\/es\/wp-json\/wp\/v2\/comments?post=4069"}],"version-history":[{"count":0,"href":"https:\/\/asherhoffmanlaw.com\/es\/wp-json\/wp\/v2\/pages\/4069\/revisions"}],"wp:attachment":[{"href":"https:\/\/asherhoffmanlaw.com\/es\/wp-json\/wp\/v2\/media?parent=4069"}],"curies":[{"name":"wp","href":"https:\/\/api.w.org\/{rel}","templated":true}]}}