{"id":4073,"date":"2024-03-01T08:17:26","date_gmt":"2024-03-01T08:17:26","guid":{"rendered":"https:\/\/asherhoffmanlaw.com\/abogado-especializado-en-donacion-de-gametos-en-long-beach-california\/"},"modified":"2025-12-27T09:57:03","modified_gmt":"2025-12-27T09:57:03","slug":"abogado-especializado-en-donacion-de-gametos-en-long-beach-california","status":"publish","type":"page","link":"https:\/\/asherhoffmanlaw.com\/es\/abogado-especializado-en-donacion-de-gametos-en-long-beach-california\/","title":{"rendered":"Abogado especializado en donaci\u00f3n de gametos en Long Beach, California."},"content":{"rendered":"<h2><em><i>Guiando a familias y donantes en cada paso del proceso<\/i><\/em><\/h2>\n<p>Formar una familia a trav\u00e9s de la tecnolog\u00eda de reproducci\u00f3n asistida (ART, por sus siglas en ingl\u00e9s) es una de las decisiones m\u00e1s significativas y personales que una persona o pareja puede tomar. La donaci\u00f3n de gametos\u2014ya sea mediante la donaci\u00f3n de \u00f3vulos o de esperma\u2014abre posibilidades que cambian la vida tanto para los padres intencionales como para los donantes. En Law Offices of Asher Hoffman, nuestros abogados de gametos en Long Beach brindan asesor\u00eda legal reflexiva y compasiva para guiar a los clientes en cada etapa del proceso.<\/p>\n<p>Nuestro objetivo es garantizar que cada acuerdo sea legalmente s\u00f3lido, \u00e9ticamente claro y emocionalmente respaldado. Ya sea que usted sea un padre intencional que desea formar una familia o un donante que ayuda a otros a cumplir ese sue\u00f1o, nuestro bufete se asegura de que sus derechos, intenciones y expectativas est\u00e9n protegidos conforme a la ley de California. <a href=\"https:\/\/asherhoffmanlaw.com\/contact\/\"><u>Cont\u00e1ctenos hoy<\/u><\/a> para comenzar su camino.<\/p>\n<p><img loading=\"lazy\" decoding=\"async\" class=\"wp-image-3913 size-large aligncenter\" src=\"https:\/\/asherhoffmanlaw.com\/wp-content\/uploads\/2025\/11\/lawyer-shaking-hands-with-the-client-1024x635.jpg\" alt=\"Abogado de donaci\u00f3n de gametos estrechando la mano del cliente\" width=\"1024\" height=\"635\" srcset=\"https:\/\/asherhoffmanlaw.com\/wp-content\/uploads\/2025\/11\/lawyer-shaking-hands-with-the-client-1024x635.jpg 1024w, https:\/\/asherhoffmanlaw.com\/wp-content\/uploads\/2025\/11\/lawyer-shaking-hands-with-the-client-300x186.jpg 300w, https:\/\/asherhoffmanlaw.com\/wp-content\/uploads\/2025\/11\/lawyer-shaking-hands-with-the-client-768x476.jpg 768w, https:\/\/asherhoffmanlaw.com\/wp-content\/uploads\/2025\/11\/lawyer-shaking-hands-with-the-client.jpg 1300w\" sizes=\"auto, (max-width: 1024px) 100vw, 1024px\" \/><\/p>\n<h2>Comprendiendo la donaci\u00f3n de gametos en California<\/h2>\n<p>La donaci\u00f3n de gametos se refiere a la contribuci\u00f3n de c\u00e9lulas reproductivas\u2014ya sea esperma u \u00f3vulos\u2014por parte de una persona (el donante) para ayudar a otra persona o pareja (el padre o padres intencionales) a concebir un hijo. Estos acuerdos pueden realizarse a trav\u00e9s de una cl\u00ednica de fertilidad, un <a href=\"https:\/\/en.wikipedia.org\/wiki\/Sperm_bank\">banco de \u00f3vulos o esperma<\/a>, o directamente entre partes conocidas.<\/p>\n<p>California ha sido durante mucho tiempo l\u00edder en el \u00e1mbito del derecho de la reproducci\u00f3n asistida. El estado ofrece s\u00f3lidas protecciones legales tanto para los donantes como para los padres intencionales; sin embargo, cada situaci\u00f3n involucra detalles espec\u00edficos que deben abordarse mediante una redacci\u00f3n y documentaci\u00f3n cuidadosas. Trabajar con un abogado de gametos con experiencia en Long Beach garantiza que su acuerdo cumpla plenamente con la ley estatal y federal, y que refleje de manera clara y segura sus deseos.<\/p>\n<h2>Por qu\u00e9 la orientaci\u00f3n legal es esencial en la donaci\u00f3n de gametos<\/h2>\n<p>Aunque el proceso de donaci\u00f3n de gametos puede parecer sencillo, conlleva consideraciones legales y emocionales importantes. Los derechos parentales, el consentimiento, la confidencialidad y el contacto futuro requieren una planificaci\u00f3n cuidadosa. Incluso entre partes bien intencionadas, pueden surgir malentendidos si los documentos legales son incompletos o ambiguos.<\/p>\n<p><strong><b>Nuestros abogados de gametos en Long Beach ayudan a los clientes a navegar este proceso con claridad y confianza. Ofrecemos:<\/b><\/strong><\/p>\n<ul>\n<li><strong>Acuerdos integrales de donaci\u00f3n<\/strong> que definen claramente los derechos, responsabilidades y expectativas de todas las partes.<\/li>\n<li><strong>Protecciones de confidencialidad<\/strong> que resguardan la informaci\u00f3n personal y los detalles m\u00e9dicos.<\/li>\n<li><strong>Coordinaci\u00f3n con cl\u00ednicas y agencias<\/strong> para garantizar que toda la documentaci\u00f3n legal y de consentimiento cumpla con los requisitos del C\u00f3digo de Familia de California.<\/li>\n<li><strong>Asesor\u00eda para donaciones conocidas y an\u00f3nimas<\/strong>, asegurando que todas las intenciones sean respetadas y exigibles legalmente.<\/li>\n<li><strong>Apoyo a clientes internacionales y de otros estados<\/strong>, abordando cuestiones jurisdiccionales cuando las partes residen fuera de California.<\/li>\n<\/ul>\n<p>Al abordar estos detalles desde el inicio, ayudamos a los clientes a concentrarse en lo m\u00e1s importante\u2014formar una familia o ayudar a otros a hacerlo\u2014mientras garantizamos que cada aspecto del acuerdo est\u00e9 debidamente documentado y protegido.<\/p>\n<h2>Tipos de acuerdos de donaci\u00f3n de gametos<\/h2>\n<p>Cada acuerdo de donaci\u00f3n de gametos conlleva consideraciones legales propias. Nuestros abogados de gametos en Long Beach asisten en todos los tipos, asegurando que los acuerdos cumplan con los altos est\u00e1ndares legales y \u00e9ticos de California.<\/p>\n<ul>\n<li>\n<h3>Donaci\u00f3n an\u00f3nima<\/h3>\n<\/li>\n<\/ul>\n<p>En los acuerdos an\u00f3nimos, la identidad del donante no se comparte con los padres intencionales. Estos acuerdos deben establecer claramente que el donante no tiene derechos parentales ni obligaciones financieras, al tiempo que permiten el intercambio responsable de informaci\u00f3n m\u00e9dica y gen\u00e9tica para el bienestar futuro del ni\u00f1o.<\/p>\n<ul>\n<li>\n<h3>Donaci\u00f3n conocida<\/h3>\n<\/li>\n<\/ul>\n<p>Cuando el donante y los padres intencionales ya se conocen\u2014como familiares o amigos\u2014el proceso se vuelve m\u00e1s personal y requiere una protecci\u00f3n legal detallada. Un contrato cuidadosamente redactado puede establecer expectativas claras sobre privacidad, contacto y el papel del donante despu\u00e9s del nacimiento del ni\u00f1o.<\/p>\n<ul>\n<li>\n<h3>Donaci\u00f3n de \u00f3vulos<\/h3>\n<\/li>\n<\/ul>\n<p>Los acuerdos de donaci\u00f3n de \u00f3vulos suelen ser complejos e implican m\u00faltiples etapas de tratamiento m\u00e9dico y coordinaci\u00f3n con especialistas en fertilidad. Nuestros abogados se aseguran de que todos los aspectos\u2014desde la compensaci\u00f3n del donante y la confidencialidad hasta los derechos parentales\u2014est\u00e9n claramente definidos y cumplan con la ley de California.<\/p>\n<ul>\n<li>\n<h3>Donaci\u00f3n de esperma<\/h3>\n<\/li>\n<\/ul>\n<p>La donaci\u00f3n de esperma puede realizarse a trav\u00e9s de una cl\u00ednica o de manera privada entre personas conocidas. La ley de California exige consentimiento por escrito y formularios espec\u00edficos para garantizar que el donante no sea reconocido legalmente como padre del ni\u00f1o, a menos que exista una intenci\u00f3n expresa de serlo. Nos aseguramos de que cada paso cumpla con los requisitos legales y refleje sus deseos.<\/p>\n<ul>\n<li>\n<h3>Donaci\u00f3n de embriones<\/h3>\n<\/li>\n<\/ul>\n<p>Aunque t\u00e9cnicamente distinta, la donaci\u00f3n de embriones comparte muchos principios legales con la donaci\u00f3n de gametos. Los padres intencionales pueden recibir embriones creados a partir de los gametos de otra pareja. Nuestro bufete prepara contratos detallados que abordan los derechos parentales, el anonimato y el destino de los embriones no utilizados, brindando tranquilidad a todas las partes.<\/p>\n<h2>Protecciones legales para padres intencionales y donantes<\/h2>\n<p>Tanto los padres intencionales como los donantes se benefician de acuerdos claros y exigibles. La ley de California respalda la formaci\u00f3n de familias mediante la reproducci\u00f3n asistida, pero los tribunales dependen en gran medida de contratos escritos para resolver disputas o confirmar la filiaci\u00f3n.<\/p>\n<p><strong><b>Nuestros abogados de gametos en Long Beach ayudan a proteger los derechos de los clientes al:<\/b><\/strong><\/p>\n<ul>\n<li>Garantizar el cumplimiento del C\u00f3digo de Familia de California, en particular las secciones relacionadas con la filiaci\u00f3n en la reproducci\u00f3n asistida.<\/li>\n<li>Preparar acuerdos que aclaren la intenci\u00f3n antes de que se realicen procedimientos m\u00e9dicos.<\/li>\n<li>Definir disposiciones sobre compensaci\u00f3n, confidencialidad y consentimiento m\u00e9dico.<\/li>\n<li>Establecer claramente las responsabilidades legales y limitaciones de cada parte para evitar confusiones futuras.<\/li>\n<li>Coordinar con cl\u00ednicas de fertilidad y profesionales m\u00e9dicos para alinear los procedimientos legales y cl\u00ednicos.<\/li>\n<\/ul>\n<p>Los acuerdos bien redactados no solo protegen los derechos legales, sino que tambi\u00e9n fomentan la transparencia y la confianza entre donantes y padres intencionales, sentando las bases para una experiencia m\u00e1s fluida y positiva para todos los involucrados.<\/p>\n<h2>Abordando la confidencialidad y el contacto futuro<\/h2>\n<p>Las cuestiones sobre privacidad y contacto futuro son algunas de las m\u00e1s comunes en la donaci\u00f3n de gametos. Algunos padres intencionales y donantes prefieren el anonimato total, mientras que otros desean permitir una posible comunicaci\u00f3n futura, especialmente para compartir actualizaciones m\u00e9dicas o informaci\u00f3n gen\u00e9tica.<\/p>\n<p><strong><b>Nuestros abogados de gametos en Long Beach ayudan a redactar acuerdos que reflejen el nivel de comodidad de cada parte, incluyendo:<\/b><\/strong><\/p>\n<ul>\n<li>Disposiciones claras sobre si se puede compartir informaci\u00f3n identificable.<\/li>\n<li>Lenguaje que establezca c\u00f3mo pueden intercambiarse actualizaciones, fotograf\u00edas o informaci\u00f3n m\u00e9dica.<\/li>\n<li>Opciones de contacto a trav\u00e9s de un tercero, una cl\u00ednica o un abogado.<\/li>\n<li>Cl\u00e1usulas que describen qu\u00e9 ocurre si, en el futuro, un hijo busca informaci\u00f3n sobre el donante.<\/li>\n<\/ul>\n<p>Al documentar estos detalles con antelaci\u00f3n, todas las partes pueden tener la confianza de que se respetar\u00e1n los l\u00edmites y las expectativas.<\/p>\n<h2>Navegando donaciones de gametos internacionales y de otros estados<\/h2>\n<p>Law Offices of Asher Hoffman asiste regularmente a clientes en todo California y en todo el mundo. Las familias y los donantes a menudo viajan a Long Beach por razones m\u00e9dicas o legales, y muchas agencias de fertilidad colaboran con cl\u00ednicas de California debido a la claridad de las leyes ART del estado.<\/p>\n<p>Hemos representado a padres intencionales y donantes de pa\u00edses como China, Jap\u00f3n, Canad\u00e1, Nueva Zelanda y el Reino Unido. Nuestro bufete ayuda a los clientes internacionales a comprender los requisitos de California y a garantizar que la filiaci\u00f3n sea reconocida legalmente tanto en Estados Unidos como en el extranjero.<\/p>\n<p>Los acuerdos transfronterizos a\u00f1aden una capa adicional de complejidad a la donaci\u00f3n de gametos, incluyendo documentaci\u00f3n migratoria, cuestiones de ciudadan\u00eda para los ni\u00f1os nacidos mediante reproducci\u00f3n asistida y coordinaci\u00f3n entre distintos sistemas legales. Nuestros abogados de gametos en Long Beach brindan orientaci\u00f3n experimentada para estas situaciones delicadas.<\/p>\n<h2>C\u00f3mo pueden ayudar Law Offices of Asher Hoffman<\/h2>\n<p>En Law Offices of Asher Hoffman, abordamos cada caso de donaci\u00f3n de gametos con profesionalismo, empat\u00eda y atenci\u00f3n al detalle. El abogado fundador <a href=\"https:\/\/asherhoffmanlaw.com\/our-team\/asher-hoffman\/\"><u>Asher Hoffman<\/u><\/a> combina su formaci\u00f3n en psicolog\u00eda con a\u00f1os de experiencia en derecho de la tecnolog\u00eda de reproducci\u00f3n asistida para ofrecer una orientaci\u00f3n que respeta tanto los aspectos legales como emocionales de la creaci\u00f3n de una familia.<\/p>\n<p><strong><b>Los clientes que trabajan con nuestro bufete pueden esperar:<\/b><\/strong><\/p>\n<ul>\n<li><strong>Acceso directo a un abogado:<\/strong> Usted se comunicar\u00e1 personalmente con su abogado durante todo el proceso.<\/li>\n<li><strong>Acuerdos personalizados:<\/strong> Cada documento se adapta a sus necesidades e intenciones.<\/li>\n<li><strong>Comunicaci\u00f3n clara:<\/strong> Explicamos cada paso en un lenguaje sencillo para que pueda tomar decisiones informadas.<\/li>\n<li><strong>Representaci\u00f3n confidencial y compasiva:<\/strong> Protegemos su privacidad y respetamos la naturaleza profundamente personal de su experiencia.<\/li>\n<li><strong>Experiencia internacional:<\/strong> Trabajamos con clientes de todo el mundo que acuden a Long Beach por sus confiables recursos legales y de fertilidad.<\/li>\n<\/ul>\n<p>Nuestra misi\u00f3n es simple: ayudar a personas y parejas a formar familias de manera segura, confiable y legal.<\/p>\n<h2>Contacte hoy a nuestros abogados de gametos en Long Beach<\/h2>\n<p>Ya sea que usted sea un padre intencional que inicia su camino o un donante que ofrece un regalo extraordinario, merece un apoyo legal informado. En <a href=\"\/\">Law Offices of Asher Hoffman<\/a>, nuestros abogados de gametos del Condado de Los \u00c1ngeles est\u00e1n aqu\u00ed para guiarlo con compasi\u00f3n y claridad en cada etapa del proceso.<\/p>\n<p><strong><b>Ll\u00e1menos hoy al <a href=\"tel:(877) 792-4529\">(877) 792-4529<\/a> o <\/b><\/strong><br \/>\n<a href=\"https:\/\/asherhoffmanlaw.com\/contact\/\"><strong><u>cont\u00e1ctenos en l\u00ednea<\/u><\/strong><\/a><br \/>\n<strong><b> para programar una consulta confidencial. Hable directamente con un abogado de gametos en Long Beach que le ayudar\u00e1 a avanzar con confianza y tranquilidad.<\/b><\/strong><\/p>\n","protected":false},"excerpt":{"rendered":"<p>Guiando a familias y donantes en cada paso del proceso Formar una familia a trav\u00e9s de la tecnolog\u00eda de reproducci\u00f3n asistida (ART, por sus siglas en ingl\u00e9s) es una de las decisiones m\u00e1s significativas y personales que una persona o pareja puede tomar. La donaci\u00f3n de gametos\u2014ya sea mediante la donaci\u00f3n de \u00f3vulos o de [&hellip;]<\/p>\n","protected":false},"author":1,"featured_media":0,"parent":0,"menu_order":0,"comment_status":"closed","ping_status":"closed","template":"templates\/practice-area.php","meta":{"_acf_changed":false,"footnotes":""},"class_list":["post-4073","page","type-page","status-publish","hentry"],"acf":[],"yoast_head":"<!-- This site is optimized with the Yoast SEO plugin v27.0 - https:\/\/yoast.com\/product\/yoast-seo-wordpress\/ -->\n<title>Instrucciones de solicitud<\/title>\n<meta name=\"description\" content=\"El bufete de abogados de Asher Hoffman, con abogados especializados en donaci\u00f3n de gametos en Long Beach, protege sus derechos parentales brind\u00e1ndole asesoramiento legal confiable en casos de gestaci\u00f3n subrogada. Ll\u00e1menos.\" \/>\n<meta name=\"robots\" content=\"index, follow, max-snippet:-1, max-image-preview:large, max-video-preview:-1\" \/>\n<link rel=\"canonical\" href=\"https:\/\/asherhoffmanlaw.com\/es\/abogado-especializado-en-donacion-de-gametos-en-long-beach-california\/\" \/>\n<meta property=\"og:locale\" content=\"es_ES\" \/>\n<meta property=\"og:type\" content=\"article\" \/>\n<meta property=\"og:title\" content=\"Instrucciones de solicitud\" \/>\n<meta property=\"og:description\" content=\"El bufete de abogados de Asher Hoffman, con abogados especializados en donaci\u00f3n de gametos en Long Beach, protege sus derechos parentales brind\u00e1ndole asesoramiento legal confiable en casos de gestaci\u00f3n subrogada. Ll\u00e1menos.\" \/>\n<meta property=\"og:url\" content=\"https:\/\/asherhoffmanlaw.com\/es\/abogado-especializado-en-donacion-de-gametos-en-long-beach-california\/\" \/>\n<meta property=\"article:modified_time\" content=\"2025-12-27T09:57:03+00:00\" \/>\n<meta property=\"og:image\" content=\"https:\/\/asherhoffmanlaw.com\/wp-content\/uploads\/2025\/11\/lawyer-shaking-hands-with-the-client.jpg\" \/>\n\t<meta property=\"og:image:width\" content=\"1300\" \/>\n\t<meta property=\"og:image:height\" content=\"806\" \/>\n\t<meta property=\"og:image:type\" content=\"image\/jpeg\" \/>\n<meta name=\"twitter:card\" content=\"summary_large_image\" \/>\n<!-- \/ Yoast SEO plugin. -->","yoast_head_json":{"title":"Instrucciones de solicitud","description":"El bufete de abogados de Asher Hoffman, con abogados especializados en donaci\u00f3n de gametos en Long Beach, protege sus derechos parentales brind\u00e1ndole asesoramiento legal confiable en casos de gestaci\u00f3n subrogada. Ll\u00e1menos.","robots":{"index":"index","follow":"follow","max-snippet":"max-snippet:-1","max-image-preview":"max-image-preview:large","max-video-preview":"max-video-preview:-1"},"canonical":"https:\/\/asherhoffmanlaw.com\/es\/abogado-especializado-en-donacion-de-gametos-en-long-beach-california\/","og_locale":"es_ES","og_type":"article","og_title":"Instrucciones de solicitud","og_description":"El bufete de abogados de Asher Hoffman, con abogados especializados en donaci\u00f3n de gametos en Long Beach, protege sus derechos parentales brind\u00e1ndole asesoramiento legal confiable en casos de gestaci\u00f3n subrogada. Ll\u00e1menos.","og_url":"https:\/\/asherhoffmanlaw.com\/es\/abogado-especializado-en-donacion-de-gametos-en-long-beach-california\/","article_modified_time":"2025-12-27T09:57:03+00:00","og_image":[{"width":1300,"height":806,"url":"https:\/\/asherhoffmanlaw.com\/wp-content\/uploads\/2025\/11\/lawyer-shaking-hands-with-the-client.jpg","type":"image\/jpeg"}],"twitter_card":"summary_large_image","schema":{"@context":"https:\/\/schema.org","@graph":[{"@type":"WebPage","@id":"https:\/\/asherhoffmanlaw.com\/es\/abogado-especializado-en-donacion-de-gametos-en-long-beach-california\/","url":"https:\/\/asherhoffmanlaw.com\/es\/abogado-especializado-en-donacion-de-gametos-en-long-beach-california\/","name":"Instrucciones de solicitud","isPartOf":{"@id":"https:\/\/asherhoffmanlaw.com\/es\/#website"},"primaryImageOfPage":{"@id":"https:\/\/asherhoffmanlaw.com\/es\/abogado-especializado-en-donacion-de-gametos-en-long-beach-california\/#primaryimage"},"image":{"@id":"https:\/\/asherhoffmanlaw.com\/es\/abogado-especializado-en-donacion-de-gametos-en-long-beach-california\/#primaryimage"},"thumbnailUrl":"https:\/\/asherhoffmanlaw.com\/wp-content\/uploads\/2025\/11\/lawyer-shaking-hands-with-the-client-1024x635.jpg","datePublished":"2024-03-01T08:17:26+00:00","dateModified":"2025-12-27T09:57:03+00:00","description":"El bufete de abogados de Asher Hoffman, con abogados especializados en donaci\u00f3n de gametos en Long Beach, protege sus derechos parentales brind\u00e1ndole asesoramiento legal confiable en casos de gestaci\u00f3n subrogada. Ll\u00e1menos.","breadcrumb":{"@id":"https:\/\/asherhoffmanlaw.com\/es\/abogado-especializado-en-donacion-de-gametos-en-long-beach-california\/#breadcrumb"},"inLanguage":"es-ES","potentialAction":[{"@type":"ReadAction","target":["https:\/\/asherhoffmanlaw.com\/es\/abogado-especializado-en-donacion-de-gametos-en-long-beach-california\/"]}]},{"@type":"ImageObject","inLanguage":"es-ES","@id":"https:\/\/asherhoffmanlaw.com\/es\/abogado-especializado-en-donacion-de-gametos-en-long-beach-california\/#primaryimage","url":"https:\/\/asherhoffmanlaw.com\/wp-content\/uploads\/2025\/11\/lawyer-shaking-hands-with-the-client-1024x635.jpg","contentUrl":"https:\/\/asherhoffmanlaw.com\/wp-content\/uploads\/2025\/11\/lawyer-shaking-hands-with-the-client-1024x635.jpg"},{"@type":"BreadcrumbList","@id":"https:\/\/asherhoffmanlaw.com\/es\/abogado-especializado-en-donacion-de-gametos-en-long-beach-california\/#breadcrumb","itemListElement":[{"@type":"ListItem","position":1,"name":"Home","item":"https:\/\/asherhoffmanlaw.com\/es\/casa\/"},{"@type":"ListItem","position":2,"name":"Abogado especializado en donaci\u00f3n de gametos en Long Beach, California."}]},{"@type":"WebSite","@id":"https:\/\/asherhoffmanlaw.com\/es\/#website","url":"https:\/\/asherhoffmanlaw.com\/es\/","name":"","description":"Law Offices of Asher Hoffman Law","potentialAction":[{"@type":"SearchAction","target":{"@type":"EntryPoint","urlTemplate":"https:\/\/asherhoffmanlaw.com\/es\/?s={search_term_string}"},"query-input":{"@type":"PropertyValueSpecification","valueRequired":true,"valueName":"search_term_string"}}],"inLanguage":"es-ES"}]}},"_links":{"self":[{"href":"https:\/\/asherhoffmanlaw.com\/es\/wp-json\/wp\/v2\/pages\/4073","targetHints":{"allow":["GET"]}}],"collection":[{"href":"https:\/\/asherhoffmanlaw.com\/es\/wp-json\/wp\/v2\/pages"}],"about":[{"href":"https:\/\/asherhoffmanlaw.com\/es\/wp-json\/wp\/v2\/types\/page"}],"author":[{"embeddable":true,"href":"https:\/\/asherhoffmanlaw.com\/es\/wp-json\/wp\/v2\/users\/1"}],"replies":[{"embeddable":true,"href":"https:\/\/asherhoffmanlaw.com\/es\/wp-json\/wp\/v2\/comments?post=4073"}],"version-history":[{"count":0,"href":"https:\/\/asherhoffmanlaw.com\/es\/wp-json\/wp\/v2\/pages\/4073\/revisions"}],"wp:attachment":[{"href":"https:\/\/asherhoffmanlaw.com\/es\/wp-json\/wp\/v2\/media?parent=4073"}],"curies":[{"name":"wp","href":"https:\/\/api.w.org\/{rel}","templated":true}]}}