{"id":4074,"date":"2025-10-08T12:51:25","date_gmt":"2025-10-08T12:51:25","guid":{"rendered":"https:\/\/asherhoffmanlaw.com\/abogados-con-experiencia-en-casos-de-mordeduras-de-perro-en-long-beach\/"},"modified":"2025-10-08T12:51:25","modified_gmt":"2025-10-08T12:51:25","slug":"abogados-con-experiencia-en-casos-de-mordeduras-de-perro-en-long-beach","status":"publish","type":"page","link":"https:\/\/asherhoffmanlaw.com\/es\/abogados-con-experiencia-en-casos-de-mordeduras-de-perro-en-long-beach\/","title":{"rendered":"Abogados con experiencia en casos de mordeduras de perro en Long Beach"},"content":{"rendered":"<h2>Por qu\u00e9 las v\u00edctimas de mordeduras de perro en Long Beach necesitan una s\u00f3lida representaci\u00f3n legal.<\/h2>\n<p>Las mordeduras de perro son traum\u00e1ticas y a menudo dejan a las v\u00edctimas con lesiones dolorosas, cicatrices permanentes y un profundo sufrimiento emocional. En Long Beach y en todo el condado de Los \u00c1ngeles, los incidentes de mordeduras de perro son m\u00e1s comunes de lo que muchos creen. La ley de California responsabiliza estrictamente a los due\u00f1os de perros por las lesiones causadas por sus mascotas; sin embargo, las compa\u00f1\u00edas de seguros con frecuencia minimizan estas reclamaciones, dejando a las v\u00edctimas con crecientes gastos m\u00e9dicos e incertidumbre sobre su futuro. En el bufete de abogados de Asher Hoffman, comprendemos el impacto f\u00edsico y emocional que los ataques de perros pueden tener en las personas y sus familias.   <\/p>\n<p>Abogado fundador <a href=\"https:\/\/asherhoffmanlaw.com\/our-team\/asher-hoffman\/\">Asher Hoffman<\/a>Aporta a cada caso una combinaci\u00f3n excepcional de experiencia en juicios, empat\u00eda personal y perspicacia psicol\u00f3gica. Tras haber pasado por una cirug\u00eda mayor, comprende lo que significa recuperarse de lesiones dolorosas y aplica esa misma compasi\u00f3n a los clientes que se enfrentan a la recuperaci\u00f3n despu\u00e9s de una mordedura de perro. <\/p>\n<p><img loading=\"lazy\" decoding=\"async\" class=\"wp-image-3895 size-large aligncenter\" src=\"https:\/\/asherhoffmanlaw.com\/wp-content\/uploads\/2025\/11\/Dog-Bite-Victims-1024x683.jpg\" alt=\"V\u00edctimas de mordeduras de perro en Long Beach \" width=\"1024\" height=\"683\" srcset=\"https:\/\/asherhoffmanlaw.com\/wp-content\/uploads\/2025\/11\/Dog-Bite-Victims-1024x683.jpg 1024w, https:\/\/asherhoffmanlaw.com\/wp-content\/uploads\/2025\/11\/Dog-Bite-Victims-300x200.jpg 300w, https:\/\/asherhoffmanlaw.com\/wp-content\/uploads\/2025\/11\/Dog-Bite-Victims-768x512.jpg 768w, https:\/\/asherhoffmanlaw.com\/wp-content\/uploads\/2025\/11\/Dog-Bite-Victims.jpg 1254w\" sizes=\"auto, (max-width: 1024px) 100vw, 1024px\" \/><\/p>\n<p>Si est\u00e1 buscando un abogado especializado en mordeduras de perro en Long Beach, nuestra firma est\u00e1 lista para luchar por sus derechos y ayudarlo a obtener la compensaci\u00f3n que se merece. <a href=\"https:\/\/asherhoffmanlaw.com\/contact\/\">Comenzando con una consulta gratuita.<\/a><\/p>\n<h2>Ley de responsabilidad por mordeduras de perro de California<\/h2>\n<p>A diferencia de muchos estados que les dan a los due\u00f1os de perros &#8220;una mordida gratis&#8221; antes de que puedan ser considerados responsables, California tiene algunas de las leyes de mordeduras de perro m\u00e1s estrictas del pa\u00eds<a href=\"https:\/\/publichealth.lacounty.gov\/vet\/procs\/civildog.htm\">Secci\u00f3n 3342 del C\u00f3digo Civil de California<\/a>, Los due\u00f1os de perros son estrictamente responsables si su perro muerde a alguien, independientemente del comportamiento anterior del animal. <\/p>\n<p><strong>Esto significa:<\/strong><\/p>\n<ul>\n<li>Las v\u00edctimas no necesitan demostrar que el perro ten\u00eda antecedentes de comportamiento agresivo.<\/li>\n<li>La responsabilidad se aplica independientemente de si el ataque ocurri\u00f3 en un lugar p\u00fablico o en una propiedad privada donde la v\u00edctima se encontraba legalmente presente.<\/li>\n<li>Pueden existir excepciones si la v\u00edctima estaba invadiendo una propiedad privada o provocando al perro.<\/li>\n<\/ul>\n<p>Estas estrictas normas de responsabilidad permiten a las v\u00edctimas solicitar una indemnizaci\u00f3n de forma m\u00e1s directa; sin embargo, las compa\u00f1\u00edas de seguros a\u00fan pueden impugnar las reclamaciones. Contar con un abogado especializado en mordeduras de perro en Long Beach garantiza que sus derechos est\u00e9n protegidos. <\/p>\n<h2>Lesiones comunes causadas por ataques de perros en Long Beach, California.<\/h2>\n<p>Las mordeduras de perro pueden provocar lesiones graves que requieren tratamiento de emergencia, cirug\u00eda y rehabilitaci\u00f3n a largo plazo.<\/p>\n<p><strong>Las v\u00edctimas de ataques de perros en Long Beach a menudo sufren de:<\/strong><\/p>\n<ul>\n<li><strong>Heridas punzantes y laceraciones.<\/strong> Los dientes de los perros pueden causar heridas profundas que pueden derivar en una infecci\u00f3n.<\/li>\n<li><strong>Cicatrices y desfiguraci\u00f3n.<\/strong> Las cicatrices visibles, especialmente en la cara o las manos, pueden causar traumas emocionales de por vida.<\/li>\n<li><strong>Huesos rotos.<\/strong> Los perros grandes o agresivos pueden derribar a las v\u00edctimas al suelo, provocando fracturas.<\/li>\n<li><strong>Da\u00f1o nervioso.<\/strong> Las mordeduras en los brazos, las piernas o la cara pueden da\u00f1ar los nervios, afectando el movimiento y la sensibilidad.<\/li>\n<li><strong>Lesiones en la cabeza y el cuello.<\/strong> Es particularmente com\u00fan en las v\u00edctimas infantiles.<\/li>\n<li><strong>Rabia y otras infecciones.<\/strong> La saliva de los perros contiene bacterias que pueden provocar infecciones graves.<\/li>\n<li><strong>Trauma psicol\u00f3gico.<\/strong> Muchas v\u00edctimas, especialmente los ni\u00f1os, experimentan miedo, ansiedad o trastorno de estr\u00e9s postraum\u00e1tico a largo plazo.<\/li>\n<\/ul>\n<p>Nuestros abogados especializados en lesiones por mordeduras de perro en Long Beach comprenden el amplio impacto que pueden tener estas lesiones y luchan para garantizar que sus clientes reciban una compensaci\u00f3n tanto por los da\u00f1os f\u00edsicos como emocionales.<\/p>\n<h2>Pasos a seguir despu\u00e9s de una mordedura de perro en Long Beach.<\/h2>\n<p>Los momentos posteriores a un ataque de perro son cruciales tanto para su salud como para su reclamaci\u00f3n legal.<\/p>\n<p><strong>Si usted o un ser querido ha sido mordido por un perro en Long Beach, siga los siguientes pasos:<\/strong><\/p>\n<ul>\n<li><strong>Reporta el incidente.<\/strong> P\u00f3ngase en contacto con los Servicios de Cuidado de Animales de Long Beach o con las autoridades locales para documentar el ataque.<\/li>\n<li><strong>Gather evidence.<\/strong> Tome fotograf\u00edas de sus lesiones, del perro y del lugar de los hechos. Recopile informaci\u00f3n de los testigos, si los hay. <\/li>\n<li><strong>Obtenga los datos del due\u00f1o del perro.<\/strong> Obtenga su nombre, informaci\u00f3n de contacto y comprobante de vacunaci\u00f3n contra la rabia.<\/li>\n<li><strong>Busque atenci\u00f3n m\u00e9dica de inmediato.<\/strong> Incluso las picaduras aparentemente leves pueden provocar infecciones.<\/li>\n<li><strong>Guarde todos los historiales m\u00e9dicos y recibos.<\/strong> La documentaci\u00f3n es fundamental para demostrar los da\u00f1os sufridos.<\/li>\n<li><strong>P\u00f3ngase en contacto con nuestro abogado especializado en mordeduras de perro en Long Beach.<\/strong> Contar con representaci\u00f3n legal garantiza que sus derechos est\u00e9n protegidos desde el principio.<\/li>\n<\/ul>\n<p>Actuar con rapidez tanto en el \u00e1mbito m\u00e9dico como legal no solo protege su salud, sino que tambi\u00e9n fortalece su caso.<\/p>\n<h2>Compensaci\u00f3n disponible para las v\u00edctimas de mordeduras de perro en California.<\/h2>\n<p>Las v\u00edctimas de mordeduras de perro pueden tener derecho a una indemnizaci\u00f3n considerable, dependiendo de la gravedad de las lesiones y de sus consecuencias a largo plazo.<\/p>\n<p><strong>Our skilled dog bite attorney in Long Beach can pursue damages for:<\/strong><\/p>\n<ul>\n<li>Tratamiento m\u00e9dico de emergencia y hospitalizaci\u00f3n.<\/li>\n<li>Procedimientos quir\u00fargicos, incluyendo cirug\u00eda reconstructiva o est\u00e9tica.<\/li>\n<li>Medicamentos recetados y equipos m\u00e9dicos.<\/li>\n<li>P\u00e9rdida de salarios y p\u00e9rdida de capacidad de generar ingresos en el futuro.<\/li>\n<li>Dolor, sufrimiento y angustia emocional.<\/li>\n<li>Costos de asesoramiento o terapia psicol\u00f3gica.<\/li>\n<li>Indemnizaci\u00f3n por muerte por negligencia si el ataque de un perro resulta mortal.<\/li>\n<\/ul>\n<p>Insurance companies often undervalue dog bite claims, focusing only on immediate medical bills. We fight to ensure victims are compensated for the full extent of their losses. <\/p>\n<h2>Estad\u00edsticas locales sobre mordeduras de perro en el condado de Los \u00c1ngeles.<\/h2>\n<p>Las mordeduras de perro son un problema generalizado en el sur de California.<\/p>\n<p><strong>Seg\u00fan el <a href=\"https:\/\/publichealth.lacounty.gov\/\">Departamento de Salud P\u00fablica del Condado de Los \u00c1ngeles<\/a><\/strong><strong> y <a href=\"https:\/\/animalcare.lacounty.gov\/\">Cuidado y control de animales:<\/a><\/strong><\/p>\n<ul>\n<li>El condado de Los \u00c1ngeles reporta miles de incidentes de mordeduras de perro cada a\u00f1o, y los ni\u00f1os representan una parte importante de las v\u00edctimas.<\/li>\n<li>A nivel nacional, los Centros para el Control y la Prevenci\u00f3n de Enfermedades (CDC) estiman que m\u00e1s de 4,5 millones de estadounidenses sufren mordeduras de perro cada a\u00f1o, y que aproximadamente 800.000 de ellos requieren atenci\u00f3n m\u00e9dica.<\/li>\n<li>California se sit\u00faa constantemente entre los estados con el mayor n\u00famero de reclamaciones de seguros relacionadas con mordeduras de perro.<\/li>\n<li>En los \u00faltimos a\u00f1os, el importe medio de las reclamaciones de seguros por mordeduras de perro en California super\u00f3 los 50.000 d\u00f3lares, lo que refleja la gravedad de estas lesiones.<\/li>\n<\/ul>\n<p>Estas estad\u00edsticas subrayan la necesidad de que las v\u00edctimas trabajen con abogados especializados en mordeduras de perros en Long Beach que tengan experiencia y comprendan tanto los riesgos locales como los procedimientos legales para obtener una compensaci\u00f3n justa.<\/p>\n<h2>Exigiendo responsabilidades a los due\u00f1os de perros en California<\/h2>\n<p>Los due\u00f1os de perros tienen la responsabilidad de velar por la seguridad de los dem\u00e1s. Cuando no controlan a sus animales adecuadamente, personas inocentes resultan heridas. <\/p>\n<p><strong>En el bufete de abogados de Asher Hoffman, trabajamos para que los propietarios negligentes rindan cuentas mediante las siguientes acciones:<\/strong><\/p>\n<ul>\n<li>Se est\u00e1n investigando las circunstancias del ataque.<\/li>\n<li>Identificar todas las posibles fuentes de responsabilidad y cobertura de seguro.<\/li>\n<li>Recopilaci\u00f3n de historiales m\u00e9dicos, fotograf\u00edas y testimonios de expertos.<\/li>\n<li>Demostrar la magnitud total de los da\u00f1os sufridos, incluyendo el trauma emocional.<\/li>\n<li>Emprender acciones legales de forma en\u00e9rgica si no se ofrece un acuerdo justo.<\/li>\n<\/ul>\n<p>Nuestros abogados especializados en mordeduras de perro en Long Beach saben c\u00f3mo contrarrestar las t\u00e1cticas de las compa\u00f1\u00edas de seguros y buscar justicia para las v\u00edctimas.<\/p>\n<h2>C\u00f3mo puede ayudar el bufete de abogados de Asher Hoffman<\/h2>\n<p>Elegir al abogado adecuado despu\u00e9s de una mordedura de perro puede marcar la diferencia entre una indemnizaci\u00f3n m\u00ednima y una compensaci\u00f3n significativa.<\/p>\n<p><strong>Las clientes conf\u00edan en las Oficinas Legales de Asher Hoffman porque:<\/strong><\/p>\n<ul>\n<li><strong>Acceso directo a un abogado.<\/strong> Las clientas hablan directamente con Asher Hoffman.<\/li>\n<li><strong>Representaci\u00f3n probada en juicios.<\/strong> Estamos preparados para iniciar un litigio si las negociaciones fracasan.<\/li>\n<li><strong>Apoyo compasivo.<\/strong> Comprendemos el dolor emocional y f\u00edsico que provocan los ataques de perros.<\/li>\n<li><strong>Garant\u00eda sin comisiones.<\/strong> Los clientes no pagan nada a menos que ganemos su caso.<\/li>\n<li><strong>Conocimiento local.<\/strong> Vivimos y trabajamos en Long Beach, lo que nos proporciona una comprensi\u00f3n \u00fanica de los riesgos que afectan a la comunidad.<\/li>\n<\/ul>\n<h3>Tambi\u00e9n nos centramos en las siguientes \u00e1reas:<\/h3>\n<ul>\n<li><a href=\"https:\/\/asherhoffmanlaw.com\/long-beach-car-accident-lawyer\/\">Accidente automovil\u00edstico<\/a><\/li>\n<li><a href=\"https:\/\/asherhoffmanlaw.com\/long-beach-motorcycle-accident-lawyer\/\">Motorcycle Accident<\/a><\/li>\n<li><a href=\"https:\/\/asherhoffmanlaw.com\/long-beach-truck-accident-lawyer\/\">Accidente de cami\u00f3n<\/a><\/li>\n<li><a href=\"https:\/\/asherhoffmanlaw.com\/long-beach-slip-and-fall-lawyer\/\">Accidente por resbal\u00f3n y ca\u00edda<\/a><\/li>\n<li><a href=\"https:\/\/asherhoffmanlaw.com\/long-beach-workplace-accident-lawyer\/\">Accidente laboral<\/a><\/li>\n<li><a href=\"https:\/\/asherhoffmanlaw.com\/long-beach-wrongful-death-lawyer\/\">Mu erte por negligencia<\/a><\/li>\n<li><a href=\"https:\/\/asherhoffmanlaw.com\/long-beach-pedestrian-lawyer\/\">Accidente de peatones<\/a><\/li>\n<li><a href=\"https:\/\/asherhoffmanlaw.com\/long-beach-uber-lyft-and-rideshare-accident-lawyer\/\">Accidente de Uber, Lyft y otros servicios de transporte compartido.<\/a><\/li>\n<\/ul>\n<h2>P\u00f3ngase en contacto con nuestros abogados especializados en mordeduras de perro en Long Beach hoy mismo.<\/h2>\n<p>Si usted o un ser querido ha sufrido una mordedura de perro en Long Beach o el condado de Los \u00c1ngeles, no debe enfrentar los desaf\u00edos m\u00e9dicos y financieros solo. <a href=\"https:\/\/asherhoffmanlaw.com\/\">El bufete de abogados de Asher Hoffman<\/a>, Nos comprometemos a proteger a las v\u00edctimas, garantizar una compensaci\u00f3n justa y brindarles la orientaci\u00f3n y el apoyo que necesitan durante su recuperaci\u00f3n. <\/p>\n<p>Ll\u00e1menos hoy mismo al <a href=\"tel:(877)%20792-4529\">(877) 792-4529<\/a> or<a href=\"https:\/\/asherhoffmanlaw.com\/contact\/\">Contacta con nosotras en linea<\/a> Programe una consulta gratuita. Hable directamente con un abogado especializado en lesiones por mordeduras de perro en Long Beach, quien priorizar\u00e1 su recuperaci\u00f3n. <\/p>\n","protected":false},"excerpt":{"rendered":"<p>Por qu\u00e9 las v\u00edctimas de mordeduras de perro en Long Beach necesitan una s\u00f3lida representaci\u00f3n legal. Las mordeduras de perro son traum\u00e1ticas y a menudo dejan a las v\u00edctimas con lesiones dolorosas, cicatrices permanentes y un profundo sufrimiento emocional. En Long Beach y en todo el condado de Los \u00c1ngeles, los incidentes de mordeduras de [&hellip;]<\/p>\n","protected":false},"author":1,"featured_media":0,"parent":0,"menu_order":0,"comment_status":"closed","ping_status":"closed","template":"templates\/practice-area.php","meta":{"_acf_changed":false,"footnotes":""},"class_list":["post-4074","page","type-page","status-publish","hentry"],"acf":[],"yoast_head":"<!-- This site is optimized with the Yoast SEO plugin v27.0 - https:\/\/yoast.com\/product\/yoast-seo-wordpress\/ -->\n<title>Abogado especializado en mordeduras de perro en Long Beach | Bufete de abogados de Asher Hoffman<\/title>\n<meta name=\"description\" content=\"\u00bfHa sufrido una mordedura de perro en Long Beach? Nuestros abogados especializados en casos de mordeduras de perro en Long Beach pueden ayudarle a obtener la compensaci\u00f3n que merece. Ll\u00e1menos para una consulta gratuita.\" \/>\n<meta name=\"robots\" content=\"index, follow, max-snippet:-1, max-image-preview:large, max-video-preview:-1\" \/>\n<link rel=\"canonical\" href=\"https:\/\/asherhoffmanlaw.com\/es\/abogados-con-experiencia-en-casos-de-mordeduras-de-perro-en-long-beach\/\" \/>\n<meta property=\"og:locale\" content=\"es_ES\" \/>\n<meta property=\"og:type\" content=\"article\" \/>\n<meta property=\"og:title\" content=\"Abogado especializado en mordeduras de perro en Long Beach | Bufete de abogados de Asher Hoffman\" \/>\n<meta property=\"og:description\" content=\"\u00bfHa sufrido una mordedura de perro en Long Beach? Nuestros abogados especializados en casos de mordeduras de perro en Long Beach pueden ayudarle a obtener la compensaci\u00f3n que merece. Ll\u00e1menos para una consulta gratuita.\" \/>\n<meta property=\"og:url\" content=\"https:\/\/asherhoffmanlaw.com\/es\/abogados-con-experiencia-en-casos-de-mordeduras-de-perro-en-long-beach\/\" \/>\n<meta property=\"og:image\" content=\"https:\/\/asherhoffmanlaw.com\/wp-content\/uploads\/2025\/11\/Dog-Bite-Victims.jpg\" \/>\n\t<meta property=\"og:image:width\" content=\"1254\" \/>\n\t<meta property=\"og:image:height\" content=\"836\" \/>\n\t<meta property=\"og:image:type\" content=\"image\/jpeg\" \/>\n<meta name=\"twitter:card\" content=\"summary_large_image\" \/>\n<meta name=\"twitter:label1\" content=\"Est. reading time\" \/>\n\t<meta name=\"twitter:data1\" content=\"8 minutes\" \/>\n<!-- \/ Yoast SEO plugin. -->","yoast_head_json":{"title":"Abogado especializado en mordeduras de perro en Long Beach | Bufete de abogados de Asher Hoffman","description":"\u00bfHa sufrido una mordedura de perro en Long Beach? Nuestros abogados especializados en casos de mordeduras de perro en Long Beach pueden ayudarle a obtener la compensaci\u00f3n que merece. Ll\u00e1menos para una consulta gratuita.","robots":{"index":"index","follow":"follow","max-snippet":"max-snippet:-1","max-image-preview":"max-image-preview:large","max-video-preview":"max-video-preview:-1"},"canonical":"https:\/\/asherhoffmanlaw.com\/es\/abogados-con-experiencia-en-casos-de-mordeduras-de-perro-en-long-beach\/","og_locale":"es_ES","og_type":"article","og_title":"Abogado especializado en mordeduras de perro en Long Beach | Bufete de abogados de Asher Hoffman","og_description":"\u00bfHa sufrido una mordedura de perro en Long Beach? Nuestros abogados especializados en casos de mordeduras de perro en Long Beach pueden ayudarle a obtener la compensaci\u00f3n que merece. Ll\u00e1menos para una consulta gratuita.","og_url":"https:\/\/asherhoffmanlaw.com\/es\/abogados-con-experiencia-en-casos-de-mordeduras-de-perro-en-long-beach\/","og_image":[{"width":1254,"height":836,"url":"https:\/\/asherhoffmanlaw.com\/wp-content\/uploads\/2025\/11\/Dog-Bite-Victims.jpg","type":"image\/jpeg"}],"twitter_card":"summary_large_image","twitter_misc":{"Est. reading time":"8 minutes"},"schema":{"@context":"https:\/\/schema.org","@graph":[{"@type":"WebPage","@id":"https:\/\/asherhoffmanlaw.com\/es\/abogados-con-experiencia-en-casos-de-mordeduras-de-perro-en-long-beach\/","url":"https:\/\/asherhoffmanlaw.com\/es\/abogados-con-experiencia-en-casos-de-mordeduras-de-perro-en-long-beach\/","name":"Abogado especializado en mordeduras de perro en Long Beach | Bufete de abogados de Asher Hoffman","isPartOf":{"@id":"https:\/\/asherhoffmanlaw.com\/es\/#website"},"primaryImageOfPage":{"@id":"https:\/\/asherhoffmanlaw.com\/es\/abogados-con-experiencia-en-casos-de-mordeduras-de-perro-en-long-beach\/#primaryimage"},"image":{"@id":"https:\/\/asherhoffmanlaw.com\/es\/abogados-con-experiencia-en-casos-de-mordeduras-de-perro-en-long-beach\/#primaryimage"},"thumbnailUrl":"https:\/\/asherhoffmanlaw.com\/wp-content\/uploads\/2025\/11\/Dog-Bite-Victims-1024x683.jpg","datePublished":"2025-10-08T12:51:25+00:00","description":"\u00bfHa sufrido una mordedura de perro en Long Beach? Nuestros abogados especializados en casos de mordeduras de perro en Long Beach pueden ayudarle a obtener la compensaci\u00f3n que merece. Ll\u00e1menos para una consulta gratuita.","breadcrumb":{"@id":"https:\/\/asherhoffmanlaw.com\/es\/abogados-con-experiencia-en-casos-de-mordeduras-de-perro-en-long-beach\/#breadcrumb"},"inLanguage":"es-ES","potentialAction":[{"@type":"ReadAction","target":["https:\/\/asherhoffmanlaw.com\/es\/abogados-con-experiencia-en-casos-de-mordeduras-de-perro-en-long-beach\/"]}]},{"@type":"ImageObject","inLanguage":"es-ES","@id":"https:\/\/asherhoffmanlaw.com\/es\/abogados-con-experiencia-en-casos-de-mordeduras-de-perro-en-long-beach\/#primaryimage","url":"https:\/\/asherhoffmanlaw.com\/wp-content\/uploads\/2025\/11\/Dog-Bite-Victims-1024x683.jpg","contentUrl":"https:\/\/asherhoffmanlaw.com\/wp-content\/uploads\/2025\/11\/Dog-Bite-Victims-1024x683.jpg"},{"@type":"BreadcrumbList","@id":"https:\/\/asherhoffmanlaw.com\/es\/abogados-con-experiencia-en-casos-de-mordeduras-de-perro-en-long-beach\/#breadcrumb","itemListElement":[{"@type":"ListItem","position":1,"name":"Home","item":"https:\/\/asherhoffmanlaw.com\/es\/casa\/"},{"@type":"ListItem","position":2,"name":"Abogados con experiencia en casos de mordeduras de perro en Long Beach"}]},{"@type":"WebSite","@id":"https:\/\/asherhoffmanlaw.com\/es\/#website","url":"https:\/\/asherhoffmanlaw.com\/es\/","name":"","description":"Law Offices of Asher Hoffman Law","potentialAction":[{"@type":"SearchAction","target":{"@type":"EntryPoint","urlTemplate":"https:\/\/asherhoffmanlaw.com\/es\/?s={search_term_string}"},"query-input":{"@type":"PropertyValueSpecification","valueRequired":true,"valueName":"search_term_string"}}],"inLanguage":"es-ES"}]}},"_links":{"self":[{"href":"https:\/\/asherhoffmanlaw.com\/es\/wp-json\/wp\/v2\/pages\/4074","targetHints":{"allow":["GET"]}}],"collection":[{"href":"https:\/\/asherhoffmanlaw.com\/es\/wp-json\/wp\/v2\/pages"}],"about":[{"href":"https:\/\/asherhoffmanlaw.com\/es\/wp-json\/wp\/v2\/types\/page"}],"author":[{"embeddable":true,"href":"https:\/\/asherhoffmanlaw.com\/es\/wp-json\/wp\/v2\/users\/1"}],"replies":[{"embeddable":true,"href":"https:\/\/asherhoffmanlaw.com\/es\/wp-json\/wp\/v2\/comments?post=4074"}],"version-history":[{"count":0,"href":"https:\/\/asherhoffmanlaw.com\/es\/wp-json\/wp\/v2\/pages\/4074\/revisions"}],"wp:attachment":[{"href":"https:\/\/asherhoffmanlaw.com\/es\/wp-json\/wp\/v2\/media?parent=4074"}],"curies":[{"name":"wp","href":"https:\/\/api.w.org\/{rel}","templated":true}]}}