{"id":4076,"date":"2019-09-02T09:09:59","date_gmt":"2019-09-02T09:09:59","guid":{"rendered":"https:\/\/asherhoffmanlaw.com\/areas-de-practica\/"},"modified":"2025-12-27T10:01:27","modified_gmt":"2025-12-27T10:01:27","slug":"areas-de-practica","status":"publish","type":"page","link":"https:\/\/asherhoffmanlaw.com\/es\/areas-de-practica\/","title":{"rendered":"\u00c1reas de pr\u00e1ctica"},"content":{"rendered":"<h2>Expertos en Lesiones Personales, Donaci\u00f3n de Gametos y Derecho de Gestaci\u00f3n Subrogada<\/h2>\n<h2>01. Resbalones y Ca\u00eddas<\/h2>\n<p>Estos casos implican lesiones causadas por resbalones o ca\u00eddas debido a condiciones inseguras en una propiedad. Podemos ayudar demostrando la negligencia del propietario para obtener una compensaci\u00f3n por sus lesiones.<\/p>\n<h2>02. Casos de Accidentes Automovil\u00edsticos<\/h2>\n<p>Incluyen lesiones derivadas de colisiones de veh\u00edculos causadas por la culpa de otra persona. Nuestro bufete asiste en la gesti\u00f3n de reclamaciones de seguros y procedimientos legales para recuperar los da\u00f1os sufridos.<\/p>\n<h2>03. Accidentes Laborales<\/h2>\n<p>Se trata de lesiones ocurridas en el lugar de trabajo o como resultado de las funciones laborales. Nuestro equipo lo gu\u00eda a trav\u00e9s de reclamaciones de compensaci\u00f3n laboral o demandas judiciales para garantizar una compensaci\u00f3n justa.<\/p>\n<h2>04. Responsabilidad de las Instalaciones<\/h2>\n<p>Lesiones ocurridas en la propiedad de otra persona debido a condiciones inseguras. Nuestra experiencia ayuda a demostrar la negligencia del propietario para reclamar una compensaci\u00f3n por sus lesiones.<\/p>\n<h2>05. Derecho de Gestaci\u00f3n Subrogada<\/h2>\n<p>Con sede en California, nuestro equipo ha acumulado una amplia experiencia como abogados de gestaci\u00f3n subrogada para padres intencionales de todo el mundo. Hemos trabajado con clientes de China, Taiw\u00e1n, Nueva Zelanda, \u00c1frica, Jap\u00f3n, Canad\u00e1 y otros pa\u00edses.<\/p>\n<h2>06. Donaci\u00f3n de Gametos<\/h2>\n<p>Con base en California, nuestro equipo legal posee una amplia experiencia en el \u00e1mbito del derecho de donaci\u00f3n de gametos a nivel global. Hemos representado con \u00e9xito a clientes en diversas jurisdicciones, incluyendo China, Taiw\u00e1n, Nueva Zelanda, \u00c1frica, Jap\u00f3n, Canad\u00e1, entre otras.<\/p>\n","protected":false},"excerpt":{"rendered":"<p>Expertos en Lesiones Personales, Donaci\u00f3n de Gametos y Derecho de Gestaci\u00f3n Subrogada 01. Resbalones y Ca\u00eddas Estos casos implican lesiones causadas por resbalones o ca\u00eddas debido a condiciones inseguras en una propiedad. Podemos ayudar demostrando la negligencia del propietario para obtener una compensaci\u00f3n por sus lesiones. 02. Casos de Accidentes Automovil\u00edsticos Incluyen lesiones derivadas de [&hellip;]<\/p>\n","protected":false},"author":1,"featured_media":0,"parent":0,"menu_order":0,"comment_status":"closed","ping_status":"closed","template":"templates\/practice-area.php","meta":{"_acf_changed":false,"footnotes":""},"class_list":["post-4076","page","type-page","status-publish","hentry"],"acf":[],"yoast_head":"<!-- This site is optimized with the Yoast SEO plugin v27.0 - https:\/\/yoast.com\/product\/yoast-seo-wordpress\/ -->\n<title>\u00c1reas de pr\u00e1ctica | Despacho de abogados de Asher Hoffman<\/title>\n<meta name=\"description\" content=\"Explore las \u00e1reas de pr\u00e1ctica del bufete de abogados de Asher Hoffman, que incluyen lesiones personales, gestaci\u00f3n subrogada y mucho m\u00e1s. Vis\u00edtenos ahora.\" \/>\n<meta name=\"robots\" content=\"index, follow, max-snippet:-1, max-image-preview:large, max-video-preview:-1\" \/>\n<link rel=\"canonical\" href=\"https:\/\/asherhoffmanlaw.com\/es\/areas-de-practica\/\" \/>\n<meta property=\"og:locale\" content=\"es_ES\" \/>\n<meta property=\"og:type\" content=\"article\" \/>\n<meta property=\"og:title\" content=\"\u00c1reas de pr\u00e1ctica | Despacho de abogados de Asher Hoffman\" \/>\n<meta property=\"og:description\" content=\"Explore las \u00e1reas de pr\u00e1ctica del bufete de abogados de Asher Hoffman, que incluyen lesiones personales, gestaci\u00f3n subrogada y mucho m\u00e1s. Vis\u00edtenos ahora.\" \/>\n<meta property=\"og:url\" content=\"https:\/\/asherhoffmanlaw.com\/es\/areas-de-practica\/\" \/>\n<meta property=\"article:modified_time\" content=\"2025-12-27T10:01:27+00:00\" \/>\n<meta name=\"twitter:card\" content=\"summary_large_image\" \/>\n<meta name=\"twitter:label1\" content=\"Est. reading time\" \/>\n\t<meta name=\"twitter:data1\" content=\"2 minutes\" \/>\n<!-- \/ Yoast SEO plugin. -->","yoast_head_json":{"title":"\u00c1reas de pr\u00e1ctica | Despacho de abogados de Asher Hoffman","description":"Explore las \u00e1reas de pr\u00e1ctica del bufete de abogados de Asher Hoffman, que incluyen lesiones personales, gestaci\u00f3n subrogada y mucho m\u00e1s. Vis\u00edtenos ahora.","robots":{"index":"index","follow":"follow","max-snippet":"max-snippet:-1","max-image-preview":"max-image-preview:large","max-video-preview":"max-video-preview:-1"},"canonical":"https:\/\/asherhoffmanlaw.com\/es\/areas-de-practica\/","og_locale":"es_ES","og_type":"article","og_title":"\u00c1reas de pr\u00e1ctica | Despacho de abogados de Asher Hoffman","og_description":"Explore las \u00e1reas de pr\u00e1ctica del bufete de abogados de Asher Hoffman, que incluyen lesiones personales, gestaci\u00f3n subrogada y mucho m\u00e1s. Vis\u00edtenos ahora.","og_url":"https:\/\/asherhoffmanlaw.com\/es\/areas-de-practica\/","article_modified_time":"2025-12-27T10:01:27+00:00","twitter_card":"summary_large_image","twitter_misc":{"Est. reading time":"2 minutes"},"schema":{"@context":"https:\/\/schema.org","@graph":[{"@type":"WebPage","@id":"https:\/\/asherhoffmanlaw.com\/es\/areas-de-practica\/","url":"https:\/\/asherhoffmanlaw.com\/es\/areas-de-practica\/","name":"\u00c1reas de pr\u00e1ctica | Despacho de abogados de Asher Hoffman","isPartOf":{"@id":"https:\/\/asherhoffmanlaw.com\/es\/#website"},"datePublished":"2019-09-02T09:09:59+00:00","dateModified":"2025-12-27T10:01:27+00:00","description":"Explore las \u00e1reas de pr\u00e1ctica del bufete de abogados de Asher Hoffman, que incluyen lesiones personales, gestaci\u00f3n subrogada y mucho m\u00e1s. Vis\u00edtenos ahora.","breadcrumb":{"@id":"https:\/\/asherhoffmanlaw.com\/es\/areas-de-practica\/#breadcrumb"},"inLanguage":"es-ES","potentialAction":[{"@type":"ReadAction","target":["https:\/\/asherhoffmanlaw.com\/es\/areas-de-practica\/"]}]},{"@type":"BreadcrumbList","@id":"https:\/\/asherhoffmanlaw.com\/es\/areas-de-practica\/#breadcrumb","itemListElement":[{"@type":"ListItem","position":1,"name":"Home","item":"https:\/\/asherhoffmanlaw.com\/es\/casa\/"},{"@type":"ListItem","position":2,"name":"\u00c1reas de pr\u00e1ctica"}]},{"@type":"WebSite","@id":"https:\/\/asherhoffmanlaw.com\/es\/#website","url":"https:\/\/asherhoffmanlaw.com\/es\/","name":"","description":"Law Offices of Asher Hoffman Law","potentialAction":[{"@type":"SearchAction","target":{"@type":"EntryPoint","urlTemplate":"https:\/\/asherhoffmanlaw.com\/es\/?s={search_term_string}"},"query-input":{"@type":"PropertyValueSpecification","valueRequired":true,"valueName":"search_term_string"}}],"inLanguage":"es-ES"}]}},"_links":{"self":[{"href":"https:\/\/asherhoffmanlaw.com\/es\/wp-json\/wp\/v2\/pages\/4076","targetHints":{"allow":["GET"]}}],"collection":[{"href":"https:\/\/asherhoffmanlaw.com\/es\/wp-json\/wp\/v2\/pages"}],"about":[{"href":"https:\/\/asherhoffmanlaw.com\/es\/wp-json\/wp\/v2\/types\/page"}],"author":[{"embeddable":true,"href":"https:\/\/asherhoffmanlaw.com\/es\/wp-json\/wp\/v2\/users\/1"}],"replies":[{"embeddable":true,"href":"https:\/\/asherhoffmanlaw.com\/es\/wp-json\/wp\/v2\/comments?post=4076"}],"version-history":[{"count":0,"href":"https:\/\/asherhoffmanlaw.com\/es\/wp-json\/wp\/v2\/pages\/4076\/revisions"}],"wp:attachment":[{"href":"https:\/\/asherhoffmanlaw.com\/es\/wp-json\/wp\/v2\/media?parent=4076"}],"curies":[{"name":"wp","href":"https:\/\/api.w.org\/{rel}","templated":true}]}}