{"id":4079,"date":"2025-11-29T06:28:38","date_gmt":"2025-11-29T06:28:38","guid":{"rendered":"https:\/\/asherhoffmanlaw.com\/abogados-de-lesiones-personales-en-anaheim\/"},"modified":"2026-01-22T10:09:28","modified_gmt":"2026-01-22T10:09:28","slug":"abogados-de-lesiones-personales-en-anaheim","status":"publish","type":"page","link":"https:\/\/asherhoffmanlaw.com\/es\/abogados-de-lesiones-personales-en-anaheim\/","title":{"rendered":"Abogados de lesiones personales en Anaheim"},"content":{"rendered":"<h2><em><i>Representaci\u00f3n legal confiable para los residentes de Anaheim que han resultado heridos por negligencia.<\/i><\/em><\/h2>\n<p>En el bufete de abogados de Asher Hoffman, nos enorgullecemos de brindar servicios legales a personas y familias en todo Anaheim que han sufrido lesiones por causas ajenas a su voluntad. Nuestra misi\u00f3n es sencilla pero profundamente personal: ayudar a las v\u00edctimas de negligencia en California a reconstruir sus vidas con dignidad, confianza y el apoyo financiero necesario para seguir adelante.<\/p>\n<p>Abogado fundador <a href=\"https:\/\/asherhoffmanlaw.com\/our-team\/asher-hoffman\/\">Asher Hoffman<\/a> Combina su experiencia legal con una empat\u00eda arraigada en la comprensi\u00f3n personal. Tras haberse sometido a una cirug\u00eda de fusi\u00f3n espinal para tratar una escoliosis grave, conoce el desgaste f\u00edsico y emocional que conlleva la recuperaci\u00f3n. Esta perspectiva impulsa el enfoque compasivo de nuestro bufete en cada caso, garantizando que nuestros clientes reciban una s\u00f3lida representaci\u00f3n legal y una atenci\u00f3n genuina.<\/p>\n<p>Al trabajar con nuestra firma, nunca se convierte en un caso m\u00e1s. Cada cliente tiene acceso directo a su abogado, una comunicaci\u00f3n clara durante todo el proceso y un equipo dedicado y comprometido a lograr resultados significativos.<a href=\"https:\/\/asherhoffmanlaw.com\/contact\/\"> Comenzando con una consulta gratuita.<\/a><\/p>\n<p><img loading=\"lazy\" decoding=\"async\" class=\" wp-image-3976 aligncenter\" src=\"https:\/\/asherhoffmanlaw.com\/wp-content\/uploads\/2025\/11\/trusted-legal-help-for-anaheim-residents-injured-by-negligence.webp\" alt=\"Asesoramiento legal confiable para residentes de Anaheim lesionados por negligencia.\" width=\"854\" height=\"552\" srcset=\"https:\/\/asherhoffmanlaw.com\/wp-content\/uploads\/2025\/11\/trusted-legal-help-for-anaheim-residents-injured-by-negligence.webp 735w, https:\/\/asherhoffmanlaw.com\/wp-content\/uploads\/2025\/11\/trusted-legal-help-for-anaheim-residents-injured-by-negligence-300x194.webp 300w\" sizes=\"auto, (max-width: 854px) 100vw, 854px\" \/><\/p>\n<h2>Comprender los crecientes riesgos de lesiones en Anaheim.<\/h2>\n<p>Anaheim es una de las ciudades m\u00e1s din\u00e1micas y pobladas del Condado de Orange, con m\u00e1s de 340.000 habitantes, atracciones de primer nivel y una econom\u00eda pr\u00f3spera. Los sectores tur\u00edstico, industrial y del entretenimiento de la ciudad atraen a millones de visitantes cada a\u00f1o, lo que conlleva un mayor tr\u00e1fico, actividad de construcci\u00f3n y movimiento laboral. Lamentablemente, esto tambi\u00e9n significa un mayor riesgo de sufrir lesiones graves causadas por negligencia.<\/p>\n<p>Las carreteras principales como la Interestatal 5, la Ruta Estatal 57 y la Ruta Estatal 91 generan congesti\u00f3n a diario, lo que aumenta la probabilidad de colisiones entre autom\u00f3viles, camiones y motocicletas. <a href=\"https:\/\/www.anaheim.net\/4544\/The-Anaheim-Resort\">Distrito tur\u00edstico de Anaheim<\/a>, incluyendo Disneyland Resort y el<a href=\"https:\/\/www.anaheim.net\/1117\/Anaheim-Convention-Center\">Centro de convenciones de Anaheim<\/a>, Esta ciudad recibe millones de turistas al a\u00f1o, lo que genera una gran presi\u00f3n sobre las carreteras, los hoteles y los espacios p\u00fablicos. En estas zonas de mucho tr\u00e1nsito, son frecuentes los resbalones y ca\u00eddas, los accidentes de peatones y las colisiones de veh\u00edculos de transporte compartido.<\/p>\n<p>Mientras tanto, en zonas industriales como Anaheim Canyon y el Tri\u00e1ngulo de Platino se registra una actividad frecuente que involucra maquinaria pesada, log\u00edstica y entornos de fabricaci\u00f3n, donde la negligencia de terceros puede provocar lesiones devastadoras.<\/p>\n<p>Desde trabajadores de hoteles y repartidores hasta visitantes de parques tem\u00e1ticos y familias locales, cualquier persona en Anaheim puede sufrir da\u00f1os que cambien su vida si se descuida la seguridad. Nuestro bufete est\u00e1 preparado para ayudar a estas personas a buscar justicia y obtener la compensaci\u00f3n que merecen.<\/p>\n<h2>Tipos comunes de lesiones y accidentes en Anaheim<\/h2>\n<p>Los casos de lesiones en Anaheim a menudo se derivan de situaciones que podr\u00edan haberse evitado con un cuidado razonable.<\/p>\n<p><strong><b>El bufete de abogados de Asher Hoffman representa a clientes en una amplia gama de casos de lesiones personales, entre los que se incluyen:<\/b><\/strong><\/p>\n<ul>\n<li><a href=\"https:\/\/asherhoffmanlaw.com\/long-beach-car-accident-lawyer\/\">Accidentes automovil\u00edsticos <\/a>en la autopista I-5 o cerca del \u00e1rea del complejo Disneyland Resort.<\/li>\n<li><a href=\"https:\/\/asherhoffmanlaw.com\/long-beach-pedestrian-lawyer\/\">Lesiones de peatones <\/a>en los pasos de peatones cerca de Harbor Boulevard, Katella Avenue o el distrito de Anaheim Packing District.<\/li>\n<li><a href=\"https:\/\/asherhoffmanlaw.com\/long-beach-motorcycle-accident-lawyer\/\">Motocicleta<\/a>y colisiones de bicicletas en zonas residenciales y tur\u00edsticas.<\/li>\n<li>Comercial <a href=\"https:\/\/asherhoffmanlaw.com\/long-beach-truck-accident-lawyer\/\">colisiones de camiones<\/a> en las congestionadas rutas industriales que atraviesan Anaheim Canyon.<\/li>\n<li><a href=\"https:\/\/asherhoffmanlaw.com\/long-beach-slip-and-fall-lawyer\/\">Resbalones, tropiezos y ca\u00eddas<\/a> en hoteles, restaurantes o parques de atracciones.<\/li>\n<li><a href=\"https:\/\/asherhoffmanlaw.com\/long-beach-dog-bite-lawyer\/\">Mordeduras de perros y ataques de animales<\/a>los barrios y parques p\u00fablicos.<\/li>\n<li><a href=\"https:\/\/asherhoffmanlaw.com\/long-beach-workplace-accident-lawyer\/\">Lesiones en el lugar de trabajo<\/a> causados \u200b\u200bpor contratistas externos o maquinaria defectuosa.<\/li>\n<li><a href=\"https:\/\/asherhoffmanlaw.com\/long-beach-wrongful-death-lawyer\/\">Muertes por negligencia<\/a>como consecuencia de negligencia o conducta imprudente.<\/li>\n<\/ul>\n<p>Cada caso requiere atenci\u00f3n individualizada y una estrategia adaptada a las circunstancias. Nuestro equipo investiga a fondo, colabora con expertos y se encarga de las negociaciones con las aseguradoras de principio a fin.<\/p>\n<h2>C\u00f3mo puede ayudar el bufete de abogados de Asher Hoffman<\/h2>\n<p>Elegir al abogado de lesiones personales adecuado en Anaheim puede marcar la diferencia despu\u00e9s de un accidente. Nuestro bufete se basa en la accesibilidad, la honestidad y la preparaci\u00f3n. Creemos que una comunicaci\u00f3n fluida y una s\u00f3lida preparaci\u00f3n para el juicio brindan mejores resultados a nuestros clientes.<\/p>\n<p>Nuestros abogados se encargan de todos los aspectos del proceso legal, desde la recopilaci\u00f3n de pruebas y la presentaci\u00f3n de demandas hasta la negociaci\u00f3n de acuerdos justos o el litigio cuando sea necesario. Tambi\u00e9n nos aseguramos de que nuestros clientes comprendan sus derechos en cada etapa, incluyendo qu\u00e9 esperar de las compa\u00f1\u00edas de seguros y c\u00f3mo se calcula la indemnizaci\u00f3n.<\/p>\n<p><strong><b>Entre las principales razones por las que los clientes eligen nuestra firma se incluyen:<\/b><\/strong><\/p>\n<ul>\n<li>Acceso directo a su abogado en todo momento.<\/li>\n<li>Asesoramiento honesto sobre el valor y el plazo de su reclamaci\u00f3n.<\/li>\n<li>Representaci\u00f3n legal con experiencia en juicios, a cargo de abogados dispuestos a luchar por la justicia.<\/li>\n<li>No cobramos honorarios por adelantado: solo cobramos si ganamos.<\/li>\n<\/ul>\n<p>Nuestro objetivo no es solo conseguir una indemnizaci\u00f3n por sus lesiones, sino tambi\u00e9n restablecer su sensaci\u00f3n de estabilidad y tranquilidad.<\/p>\n<h2>P\u00f3ngase en contacto con nuestros abogados de lesiones personales de Anaheim hoy mismo.<\/h2>\n<p>Al <a href=\"\/\">Despacho de abogados de Asher Hoffman,<\/a> Entendemos lo r\u00e1pido que una lesi\u00f3n puede trastocar su vida, ya sea que ocurra en el trabajo, en un accidente de tr\u00e1fico o en un espacio p\u00fablico. Usted merece una representaci\u00f3n legal experimentada y comprensiva por parte de un equipo que trate su caso con atenci\u00f3n y diligencia.<\/p>\n<p><strong><b>Si usted o un ser querido ha sufrido lesiones en Anaheim, cont\u00e1ctenos hoy mismo para una consulta gratuita. Hable directamente con un abogado especializado en lesiones personales del Condado de Orange, quien lo escuchar\u00e1, lo guiar\u00e1 y luchar\u00e1 por la justicia y la compensaci\u00f3n que usted merece. <\/b><\/strong><\/p>\n<p><strong><b>Llamar <a href=\"tel:(877) 792-4529\">(877) 792-4529<\/a> o <a href=\"https:\/\/asherhoffmanlaw.com\/contact\/\">cont\u00e1ctenos en l\u00ednea.<\/a><\/b><\/strong><strong><b>Para empezar.<\/b><\/strong><\/p>\n","protected":false},"excerpt":{"rendered":"<p>Representaci\u00f3n legal confiable para los residentes de Anaheim que han resultado heridos por negligencia. En el bufete de abogados de Asher Hoffman, nos enorgullecemos de brindar servicios legales a personas y familias en todo Anaheim que han sufrido lesiones por causas ajenas a su voluntad. Nuestra misi\u00f3n es sencilla pero profundamente personal: ayudar a las [&hellip;]<\/p>\n","protected":false},"author":1,"featured_media":0,"parent":0,"menu_order":0,"comment_status":"closed","ping_status":"closed","template":"templates\/practice-area.php","meta":{"_acf_changed":false,"footnotes":""},"class_list":["post-4079","page","type-page","status-publish","hentry"],"acf":[],"yoast_head":"<!-- This site is optimized with the Yoast SEO plugin v27.0 - https:\/\/yoast.com\/product\/yoast-seo-wordpress\/ -->\n<title>Abogado de lesiones personales en Anaheim | Bufete de Asher Hoffman<\/title>\n<meta name=\"description\" content=\"Si usted o un ser querido ha sufrido una lesi\u00f3n, comun\u00edquese hoy mismo con nuestro abogado de lesiones personales en Anaheim en el Bufete de Asher Hoffman para una consulta gratuita.\" \/>\n<meta name=\"robots\" content=\"index, follow, max-snippet:-1, max-image-preview:large, max-video-preview:-1\" \/>\n<link rel=\"canonical\" href=\"https:\/\/asherhoffmanlaw.com\/es\/abogados-de-lesiones-personales-en-anaheim\/\" \/>\n<meta property=\"og:locale\" content=\"es_ES\" \/>\n<meta property=\"og:type\" content=\"article\" \/>\n<meta property=\"og:title\" content=\"Abogado de lesiones personales en Anaheim | Bufete de Asher Hoffman\" \/>\n<meta property=\"og:description\" content=\"Si usted o un ser querido ha sufrido una lesi\u00f3n, comun\u00edquese hoy mismo con nuestro abogado de lesiones personales en Anaheim en el Bufete de Asher Hoffman para una consulta gratuita.\" \/>\n<meta property=\"og:url\" content=\"https:\/\/asherhoffmanlaw.com\/es\/abogados-de-lesiones-personales-en-anaheim\/\" \/>\n<meta property=\"article:modified_time\" content=\"2026-01-22T10:09:28+00:00\" \/>\n<meta property=\"og:image\" content=\"https:\/\/asherhoffmanlaw.com\/wp-content\/uploads\/2025\/11\/trusted-legal-help-for-anaheim-residents-injured-by-negligence.webp\" \/>\n\t<meta property=\"og:image:width\" content=\"735\" \/>\n\t<meta property=\"og:image:height\" content=\"475\" \/>\n\t<meta property=\"og:image:type\" content=\"image\/webp\" \/>\n<meta name=\"twitter:card\" content=\"summary_large_image\" \/>\n<meta name=\"twitter:label1\" content=\"Est. reading time\" \/>\n\t<meta name=\"twitter:data1\" content=\"5 minutes\" \/>\n<!-- \/ Yoast SEO plugin. -->","yoast_head_json":{"title":"Abogado de lesiones personales en Anaheim | Bufete de Asher Hoffman","description":"Si usted o un ser querido ha sufrido una lesi\u00f3n, comun\u00edquese hoy mismo con nuestro abogado de lesiones personales en Anaheim en el Bufete de Asher Hoffman para una consulta gratuita.","robots":{"index":"index","follow":"follow","max-snippet":"max-snippet:-1","max-image-preview":"max-image-preview:large","max-video-preview":"max-video-preview:-1"},"canonical":"https:\/\/asherhoffmanlaw.com\/es\/abogados-de-lesiones-personales-en-anaheim\/","og_locale":"es_ES","og_type":"article","og_title":"Abogado de lesiones personales en Anaheim | Bufete de Asher Hoffman","og_description":"Si usted o un ser querido ha sufrido una lesi\u00f3n, comun\u00edquese hoy mismo con nuestro abogado de lesiones personales en Anaheim en el Bufete de Asher Hoffman para una consulta gratuita.","og_url":"https:\/\/asherhoffmanlaw.com\/es\/abogados-de-lesiones-personales-en-anaheim\/","article_modified_time":"2026-01-22T10:09:28+00:00","og_image":[{"width":735,"height":475,"url":"https:\/\/asherhoffmanlaw.com\/wp-content\/uploads\/2025\/11\/trusted-legal-help-for-anaheim-residents-injured-by-negligence.webp","type":"image\/webp"}],"twitter_card":"summary_large_image","twitter_misc":{"Est. reading time":"5 minutes"},"schema":{"@context":"https:\/\/schema.org","@graph":[{"@type":"WebPage","@id":"https:\/\/asherhoffmanlaw.com\/es\/abogados-de-lesiones-personales-en-anaheim\/","url":"https:\/\/asherhoffmanlaw.com\/es\/abogados-de-lesiones-personales-en-anaheim\/","name":"Abogado de lesiones personales en Anaheim | Bufete de Asher Hoffman","isPartOf":{"@id":"https:\/\/asherhoffmanlaw.com\/es\/#website"},"primaryImageOfPage":{"@id":"https:\/\/asherhoffmanlaw.com\/es\/abogados-de-lesiones-personales-en-anaheim\/#primaryimage"},"image":{"@id":"https:\/\/asherhoffmanlaw.com\/es\/abogados-de-lesiones-personales-en-anaheim\/#primaryimage"},"thumbnailUrl":"https:\/\/asherhoffmanlaw.com\/wp-content\/uploads\/2025\/11\/trusted-legal-help-for-anaheim-residents-injured-by-negligence.webp","datePublished":"2025-11-29T06:28:38+00:00","dateModified":"2026-01-22T10:09:28+00:00","description":"Si usted o un ser querido ha sufrido una lesi\u00f3n, comun\u00edquese hoy mismo con nuestro abogado de lesiones personales en Anaheim en el Bufete de Asher Hoffman para una consulta gratuita.","breadcrumb":{"@id":"https:\/\/asherhoffmanlaw.com\/es\/abogados-de-lesiones-personales-en-anaheim\/#breadcrumb"},"inLanguage":"es-ES","potentialAction":[{"@type":"ReadAction","target":["https:\/\/asherhoffmanlaw.com\/es\/abogados-de-lesiones-personales-en-anaheim\/"]}]},{"@type":"ImageObject","inLanguage":"es-ES","@id":"https:\/\/asherhoffmanlaw.com\/es\/abogados-de-lesiones-personales-en-anaheim\/#primaryimage","url":"https:\/\/asherhoffmanlaw.com\/wp-content\/uploads\/2025\/11\/trusted-legal-help-for-anaheim-residents-injured-by-negligence.webp","contentUrl":"https:\/\/asherhoffmanlaw.com\/wp-content\/uploads\/2025\/11\/trusted-legal-help-for-anaheim-residents-injured-by-negligence.webp"},{"@type":"BreadcrumbList","@id":"https:\/\/asherhoffmanlaw.com\/es\/abogados-de-lesiones-personales-en-anaheim\/#breadcrumb","itemListElement":[{"@type":"ListItem","position":1,"name":"Home","item":"https:\/\/asherhoffmanlaw.com\/es\/casa\/"},{"@type":"ListItem","position":2,"name":"Abogados de lesiones personales en Anaheim"}]},{"@type":"WebSite","@id":"https:\/\/asherhoffmanlaw.com\/es\/#website","url":"https:\/\/asherhoffmanlaw.com\/es\/","name":"","description":"Law Offices of Asher Hoffman Law","potentialAction":[{"@type":"SearchAction","target":{"@type":"EntryPoint","urlTemplate":"https:\/\/asherhoffmanlaw.com\/es\/?s={search_term_string}"},"query-input":{"@type":"PropertyValueSpecification","valueRequired":true,"valueName":"search_term_string"}}],"inLanguage":"es-ES"}]}},"_links":{"self":[{"href":"https:\/\/asherhoffmanlaw.com\/es\/wp-json\/wp\/v2\/pages\/4079","targetHints":{"allow":["GET"]}}],"collection":[{"href":"https:\/\/asherhoffmanlaw.com\/es\/wp-json\/wp\/v2\/pages"}],"about":[{"href":"https:\/\/asherhoffmanlaw.com\/es\/wp-json\/wp\/v2\/types\/page"}],"author":[{"embeddable":true,"href":"https:\/\/asherhoffmanlaw.com\/es\/wp-json\/wp\/v2\/users\/1"}],"replies":[{"embeddable":true,"href":"https:\/\/asherhoffmanlaw.com\/es\/wp-json\/wp\/v2\/comments?post=4079"}],"version-history":[{"count":1,"href":"https:\/\/asherhoffmanlaw.com\/es\/wp-json\/wp\/v2\/pages\/4079\/revisions"}],"predecessor-version":[{"id":4126,"href":"https:\/\/asherhoffmanlaw.com\/es\/wp-json\/wp\/v2\/pages\/4079\/revisions\/4126"}],"wp:attachment":[{"href":"https:\/\/asherhoffmanlaw.com\/es\/wp-json\/wp\/v2\/media?parent=4079"}],"curies":[{"name":"wp","href":"https:\/\/api.w.org\/{rel}","templated":true}]}}