{"id":4081,"date":"2025-12-22T08:57:34","date_gmt":"2025-12-22T08:57:34","guid":{"rendered":"https:\/\/asherhoffmanlaw.com\/nuestro-proceso\/"},"modified":"2025-12-22T08:57:34","modified_gmt":"2025-12-22T08:57:34","slug":"nuestro-proceso","status":"publish","type":"page","link":"https:\/\/asherhoffmanlaw.com\/es\/nuestro-proceso\/","title":{"rendered":"Nuestro proceso"},"content":{"rendered":"<h2>Nuestro proceso<\/h2>\n<p><b>C\u00f3mo gestionamos su caso de principio a fin.<\/b><\/p>\n<p>En <b>el bufete de abogados de Asher Hoffman, APC<\/b>, entendemos que sufrir un accidente de tr\u00e1fico es una experiencia abrumadora. Tiene que lidiar con el dolor, la incertidumbre, las compa\u00f1\u00edas de seguros y una importante alteraci\u00f3n de su vida, a menudo todo al mismo tiempo. <\/p>\n<p>Nuestro proceso est\u00e1 dise\u00f1ado para hacer una sola cosa:<br \/>\n<b>liberamos de la carga legal y preparamos su caso para obtener el mejor resultado posible,<\/b> ya sea mediante un acuerdo o un juicio.<\/p>\n<p class=\"process-title\"><b>1. Consulta gratuita y sin compromiso.<\/b><\/p>\n<p>Cada caso comienza con una consulta gratuita directamente con un abogado, no con un centro de atenci\u00f3n telef\u00f3nica.<\/p>\n<p>Durante esta conversaci\u00f3n, nosotras:<\/p>\n<ul class=\"ul1\">\n<li class=\"li3\">Escucha atentamente lo que sucedi\u00f3.<\/li>\n<li class=\"li3\">Evaluar la responsabilidad, las lesiones y la cobertura del seguro.<\/li>\n<li class=\"li3\">Explique sus derechos seg\u00fan la ley de California.<\/li>\n<li class=\"li3\">Le proporcionaremos una evaluaci\u00f3n realista de los pr\u00f3ximos pasos.<\/li>\n<\/ul>\n<p>Hay sin obligaci\u00f3n Y sin coste alguno. Nuestro objetivo es la claridad, para que puedas tomar decisiones informadas desde el principio. <\/p>\n<p class=\"process-title\"><b>2. Protecci\u00f3n legal inmediata y apertura del caso.<\/b><\/p>\n<p>Una vez que contrate nuestros servicios, actuaremos con rapidez.<\/p>\n<p>Nosotras inmediatamente:<\/p>\n<ul class=\"ul1\">\n<li class=\"li3\">Notifique a todas las compa\u00f1\u00edas de seguros que usted est\u00e1 representado por un abogado.<\/li>\n<li class=\"li3\">Impida que los peritos de seguros se pongan en contacto con usted o lo presionen.<\/li>\n<li class=\"li3\">Asegurar las pruebas cruciales (informes, fotograf\u00edas, informaci\u00f3n de testigos, v\u00eddeos).<\/li>\n<li class=\"li3\">Respete los plazos del calendario y preserve su derecho a reclamaci\u00f3n.<\/li>\n<\/ul>\n<p>A partir de este momento,<b>Las compa\u00f1\u00edas de seguros tratan con nosotros, no con ustedes.<\/b><\/p>\n<p class=\"process-title\"><b>3. Asistencia con la atenci\u00f3n m\u00e9dica<\/b><\/p>\n<p>Tu salud es lo primero.<\/p>\n<p>Si ya tiene m\u00e9dicos que lo atienden, nos coordinamos con ellos. Si necesita ayuda para acceder a atenci\u00f3n m\u00e9dica, le ayudamos a conectarse con proveedores de servicios m\u00e9dicos de confianza, incluso si no tiene seguro m\u00e9dico. <\/p>\n<p>Nosotras tambien:<\/p>\n<ul class=\"ul1\">\n<li class=\"li3\">Supervisar la progresi\u00f3n del tratamiento.<\/li>\n<li class=\"li3\">Aseg\u00farese de que la documentaci\u00f3n m\u00e9dica refleje con precisi\u00f3n sus lesiones.<\/li>\n<li class=\"li3\">Abordar las lagunas o problemas que las compa\u00f1\u00edas de seguros suelen aprovechar.<\/li>\n<\/ul>\n<p>Una atenci\u00f3n m\u00e9dica adecuada es esencial, tanto para la recuperaci\u00f3n como para proteger el valor de su caso.<\/p>\n<p class=\"process-title\"><b>4. Elaboraci\u00f3n de un caso s\u00f3lido basado en pruebas.<\/b><\/p>\n<p class=\"p3\">Mientras usted se concentra en su recuperaci\u00f3n, nosotros nos centramos en fortalecer su reclamaci\u00f3n.<\/p>\n<p class=\"p3\">Esto incluye:<\/p>\n<ul class=\"ul1\">\n<li class=\"li3\">Recopilaci\u00f3n y organizaci\u00f3n de todos los historiales m\u00e9dicos y facturas.<\/li>\n<li class=\"li3\">Documentar c\u00f3mo el accidente afecta su vida diaria, su trabajo y su movilidad.<\/li>\n<li class=\"li3\">Evaluaci\u00f3n de la p\u00e9rdida de ingresos y las necesidades m\u00e9dicas futuras.<\/li>\n<li class=\"li3\">Desarrollar una narrativa clara sobre la responsabilidad.<\/li>\n<\/ul>\n<p class=\"p3\">Cada caso est\u00e1 construido. <b>como si pudiera ir a juicio,<\/b>porque la preparaci\u00f3n es una ventaja.<\/p>\n<p class=\"process-title\"><b>5. Preparaci\u00f3n de una solicitud de acuerdo integral.<\/b><\/p>\n<p class=\"p3\">Una vez que alcance la mejor\u00eda m\u00e9dica m\u00e1xima (o cuando sea estrat\u00e9gicamente apropiado), preparamos un plan detallado <b>settlement demand package<\/b>.<\/p>\n<p class=\"p3\">Esta demanda suele incluir:<\/p>\n<ul class=\"ul1\">\n<li class=\"li3\">Registros m\u00e9dicos y res\u00famenes de facturaci\u00f3n<\/li>\n<li class=\"li3\">Prueba de la p\u00e9rdida de salario o del impacto en la capacidad de generar ingresos.<\/li>\n<li class=\"li3\">An\u00e1lisis del dolor y el sufrimiento<\/li>\n<li class=\"li3\">Proyecciones de tratamientos futuros<\/li>\n<li class=\"li3\">Argumentos legales que respaldan la responsabilidad y la indemnizaci\u00f3n por da\u00f1os y perjuicios.<\/li>\n<\/ul>\n<p class=\"p3\">El objetivo es presentar su caso de forma clara, persuasiva y cre\u00edble, respaldado por pruebas, no por exageraciones.<\/p>\n<p class=\"process-title\"><b>6. Strategic Negotiation With Insurance Companies<\/b><\/p>\n<p class=\"p3\">Nos encargamos de todas las negociaciones para llegar a un acuerdo y le mantendremos informado en cada etapa del proceso.<\/p>\n<p class=\"p3\">Nuestro enfoque incluye:<\/p>\n<ul class=\"ul1\">\n<li class=\"li3\">Rechazar ofertas irrisorias<\/li>\n<li class=\"li3\">Contrarrestando con pruebas documentadas.<\/li>\n<li class=\"li3\">Aplicar presi\u00f3n legal y judicial cuando sea necesario.<\/li>\n<\/ul>\n<p class=\"p3\">La mayor\u00eda de los casos se resuelven durante esta fase, pero solo cuando la oferta refleja la verdadero valor del caso. Nunca se le presionar\u00e1 para que acepte un acuerdo con el que no se sienta c\u00f3modo. <\/p>\n<p class=\"process-title\"><b>7. Litigios y juicios (cuando las compa\u00f1\u00edas de seguros se niegan a ser razonables)<\/b><\/p>\n<p class=\"p3\">No todas las compa\u00f1\u00edas de seguros act\u00faan de buena fe. Cuando no es posible llegar a una soluci\u00f3n justa, estamos totalmente preparados para tomar medidas m\u00e1s contundentes. <\/p>\n<p class=\"p5\"><b>Cuando se recomienda un litigio<\/b><\/p>\n<p class=\"p3\">La responsabilidad se est\u00e1 discutiendo de forma injusta.<\/p>\n<ul class=\"ul1\">\n<li class=\"li3\">La responsabilidad se est\u00e1 discutiendo de forma injusta.<\/li>\n<li class=\"li3\">Las ofertas no reflejan la gravedad de las lesiones.<\/li>\n<li class=\"li3\">La compa\u00f1\u00eda de seguros retrasa, deniega o minimiza la reclamaci\u00f3n.<\/li>\n<li class=\"li3\">Es necesario ejercer presi\u00f3n a trav\u00e9s de los tribunales para exigir responsabilidades.<\/li>\n<\/ul>\n<p class=\"p3\"><b>siempre se discutir\u00e1 contigo primero<\/b>,con una explicaci\u00f3n clara de los riesgos, los beneficios y la estrategia.<\/p>\n<p class=\"p5\"><b>Presentaci\u00f3n de la demanda<\/b><\/p>\n<p class=\"p3\">Redactar y presentar una demanda civil detallada.<\/p>\n<ul class=\"ul1\">\n<li class=\"li3\">Redactar y presentar una demanda civil detallada.<\/li>\n<li class=\"li3\">Notificar debidamente a los demandados.<\/li>\n<li class=\"li3\">Gestionar todos los tr\u00e1mites judiciales, plazos y procedimientos.<\/li>\n<\/ul>\n<p class=\"p3\">En esta etapa, las compa\u00f1\u00edas de seguros entienden que el caso se est\u00e1 tomando en serio.<\/p>\n<p class=\"p5\"><b>Descubrimiento y desarrollo del caso<\/b><\/p>\n<p class=\"p3\">Durante la fase de investigaci\u00f3n, recopilamos pruebas de forma exhaustiva mediante:<\/p>\n<ul class=\"ul1\">\n<li class=\"li3\">Tomar y defender declaraciones juradas<\/li>\n<li class=\"li3\">Realizaci\u00f3n de diligencias de descubrimiento de pruebas por escrito.<\/li>\n<li class=\"li3\">Trabajando con peritas<\/li>\n<li class=\"li3\">Registrar el testimonio bajo juramento.<\/li>\n<\/ul>\n<p class=\"p3\">Esta fase a menudo pone al descubierto las debilidades de la defensa y aumenta significativamente la capacidad de negociaci\u00f3n para llegar a un acuerdo.<\/p>\n<p class=\"p5\"><b>Mociones, mediaci\u00f3n y preparaci\u00f3n para el juicio<\/b><\/p>\n<p class=\"p3\">A medida que se acerca el juicio, nosotras:<\/p>\n<ul class=\"ul1\">\n<li class=\"li3\">Presente y op\u00f3ngase a las mociones seg\u00fan sea necesario.<\/li>\n<li class=\"li3\">Participe en la mediaci\u00f3n cuando sea apropiado.<\/li>\n<li class=\"li3\">Prepare las pruebas, los testigos y los argumentos para el juicio.<\/li>\n<\/ul>\n<p class=\"p3\">Cada paso se gestiona teniendo en cuenta la preparaci\u00f3n para el juicio, sin atajos.<\/p>\n<p class=\"p5\"><b>Ensayo<\/b><\/p>\n<p class=\"p3\">Si el caso no se resuelve, estamos preparados para presentarlo ante un jurado.<\/p>\n<p class=\"p3\">En el juicio, nosotras:<\/p>\n<ul class=\"ul1\">\n<li class=\"li3\">Presente las pruebas de forma clara y convincente.<\/li>\n<li class=\"li3\">Interrogar a los testigos de la defensa.<\/li>\n<li class=\"li3\">Cuenta tu historia de una manera convincente y humana.<\/li>\n<li class=\"li3\">Lucha por una compensaci\u00f3n completa y justa.<\/li>\n<\/ul>\n<p class=\"process-title\"><b>8. Resoluci\u00f3n y recuperaci\u00f3n final<\/b><\/p>\n<p class=\"p3\">Una vez que su caso se resuelva, ya sea mediante un acuerdo o un veredicto, nosotros:<\/p>\n<ul class=\"ul1\">\n<li class=\"li3\">Revisaremos todos los t\u00e9rminos contigo en un lenguaje sencillo.<\/li>\n<li class=\"li3\">Negocie los grav\u00e1menes m\u00e9dicos siempre que sea posible.<\/li>\n<li class=\"li3\">Proporcione un desglose transparente de la liquidaci\u00f3n.<\/li>\n<li class=\"li3\">Desembolsar los fondos de forma r\u00e1pida y transparente.<\/li>\n<\/ul>\n<p>Siempre lo sabr\u00e1s.<b>d\u00f3nde va cada d\u00f3lar.<\/b><\/p>\n<p><b>Listo para el juicio desde el primer d\u00eda<\/b><\/p>\n<p>Las compa\u00f1\u00edas de seguros saben qu\u00e9 bufetes de abogados preparan los casos para el juicio y cu\u00e1les no. Esa distinci\u00f3n es importante. <\/p>\n<p>En <b>el bufete de abogados de Asher Hoffman, APC,<\/b> combinamos:<\/p>\n<ul>\n<li>Atenci\u00f3n personalizada<\/li>\n<li>Preparaci\u00f3n estrat\u00e9gica<\/li>\n<li>Defensa legal preparada para el juicio<\/li>\n<\/ul>\n<p>Este enfoque sit\u00faa sistem\u00e1ticamente a nuestros clientes en la mejor posici\u00f3n posible, desde la primera llamada telef\u00f3nica hasta la resoluci\u00f3n final.<\/p>\n<p><b>\u00bfNo est\u00e1s segura de d\u00f3nde est\u00e1 tu caso?<\/b><br \/>\nPrograme una consulta gratuita para hablar sobre sus opciones.<\/p>\n","protected":false},"excerpt":{"rendered":"<p>Nuestro proceso C\u00f3mo gestionamos su caso de principio a fin. En el bufete de abogados de Asher Hoffman, APC, entendemos que sufrir un accidente de tr\u00e1fico es una experiencia abrumadora. Tiene que lidiar con el dolor, la incertidumbre, las compa\u00f1\u00edas de seguros y una importante alteraci\u00f3n de su vida, a menudo todo al mismo tiempo. [&hellip;]<\/p>\n","protected":false},"author":1,"featured_media":0,"parent":0,"menu_order":0,"comment_status":"closed","ping_status":"closed","template":"","meta":{"_acf_changed":false,"footnotes":""},"class_list":["post-4081","page","type-page","status-publish","hentry"],"acf":[],"yoast_head":"<!-- This site is optimized with the Yoast SEO plugin v27.0 - https:\/\/yoast.com\/product\/yoast-seo-wordpress\/ -->\n<title>Nuestro proceso -<\/title>\n<meta name=\"robots\" content=\"index, follow, max-snippet:-1, max-image-preview:large, max-video-preview:-1\" \/>\n<link rel=\"canonical\" href=\"https:\/\/asherhoffmanlaw.com\/es\/nuestro-proceso\/\" \/>\n<meta property=\"og:locale\" content=\"es_ES\" \/>\n<meta property=\"og:type\" content=\"article\" \/>\n<meta property=\"og:title\" content=\"Nuestro proceso -\" \/>\n<meta property=\"og:description\" content=\"Nuestro proceso C\u00f3mo gestionamos su caso de principio a fin. En el bufete de abogados de Asher Hoffman, APC, entendemos que sufrir un accidente de tr\u00e1fico es una experiencia abrumadora. Tiene que lidiar con el dolor, la incertidumbre, las compa\u00f1\u00edas de seguros y una importante alteraci\u00f3n de su vida, a menudo todo al mismo tiempo. [&hellip;]\" \/>\n<meta property=\"og:url\" content=\"https:\/\/asherhoffmanlaw.com\/es\/nuestro-proceso\/\" \/>\n<meta name=\"twitter:card\" content=\"summary_large_image\" \/>\n<meta name=\"twitter:label1\" content=\"Est. reading time\" \/>\n\t<meta name=\"twitter:data1\" content=\"6 minutes\" \/>\n<!-- \/ Yoast SEO plugin. -->","yoast_head_json":{"title":"Nuestro proceso -","robots":{"index":"index","follow":"follow","max-snippet":"max-snippet:-1","max-image-preview":"max-image-preview:large","max-video-preview":"max-video-preview:-1"},"canonical":"https:\/\/asherhoffmanlaw.com\/es\/nuestro-proceso\/","og_locale":"es_ES","og_type":"article","og_title":"Nuestro proceso -","og_description":"Nuestro proceso C\u00f3mo gestionamos su caso de principio a fin. En el bufete de abogados de Asher Hoffman, APC, entendemos que sufrir un accidente de tr\u00e1fico es una experiencia abrumadora. Tiene que lidiar con el dolor, la incertidumbre, las compa\u00f1\u00edas de seguros y una importante alteraci\u00f3n de su vida, a menudo todo al mismo tiempo. [&hellip;]","og_url":"https:\/\/asherhoffmanlaw.com\/es\/nuestro-proceso\/","twitter_card":"summary_large_image","twitter_misc":{"Est. reading time":"6 minutes"},"schema":{"@context":"https:\/\/schema.org","@graph":[{"@type":"WebPage","@id":"https:\/\/asherhoffmanlaw.com\/es\/nuestro-proceso\/","url":"https:\/\/asherhoffmanlaw.com\/es\/nuestro-proceso\/","name":"Nuestro proceso -","isPartOf":{"@id":"https:\/\/asherhoffmanlaw.com\/es\/#website"},"datePublished":"2025-12-22T08:57:34+00:00","breadcrumb":{"@id":"https:\/\/asherhoffmanlaw.com\/es\/nuestro-proceso\/#breadcrumb"},"inLanguage":"es-ES","potentialAction":[{"@type":"ReadAction","target":["https:\/\/asherhoffmanlaw.com\/es\/nuestro-proceso\/"]}]},{"@type":"BreadcrumbList","@id":"https:\/\/asherhoffmanlaw.com\/es\/nuestro-proceso\/#breadcrumb","itemListElement":[{"@type":"ListItem","position":1,"name":"Home","item":"https:\/\/asherhoffmanlaw.com\/es\/casa\/"},{"@type":"ListItem","position":2,"name":"Nuestro proceso"}]},{"@type":"WebSite","@id":"https:\/\/asherhoffmanlaw.com\/es\/#website","url":"https:\/\/asherhoffmanlaw.com\/es\/","name":"","description":"Law Offices of Asher Hoffman Law","potentialAction":[{"@type":"SearchAction","target":{"@type":"EntryPoint","urlTemplate":"https:\/\/asherhoffmanlaw.com\/es\/?s={search_term_string}"},"query-input":{"@type":"PropertyValueSpecification","valueRequired":true,"valueName":"search_term_string"}}],"inLanguage":"es-ES"}]}},"_links":{"self":[{"href":"https:\/\/asherhoffmanlaw.com\/es\/wp-json\/wp\/v2\/pages\/4081","targetHints":{"allow":["GET"]}}],"collection":[{"href":"https:\/\/asherhoffmanlaw.com\/es\/wp-json\/wp\/v2\/pages"}],"about":[{"href":"https:\/\/asherhoffmanlaw.com\/es\/wp-json\/wp\/v2\/types\/page"}],"author":[{"embeddable":true,"href":"https:\/\/asherhoffmanlaw.com\/es\/wp-json\/wp\/v2\/users\/1"}],"replies":[{"embeddable":true,"href":"https:\/\/asherhoffmanlaw.com\/es\/wp-json\/wp\/v2\/comments?post=4081"}],"version-history":[{"count":0,"href":"https:\/\/asherhoffmanlaw.com\/es\/wp-json\/wp\/v2\/pages\/4081\/revisions"}],"wp:attachment":[{"href":"https:\/\/asherhoffmanlaw.com\/es\/wp-json\/wp\/v2\/media?parent=4081"}],"curies":[{"name":"wp","href":"https:\/\/api.w.org\/{rel}","templated":true}]}}