{"id":4082,"date":"2025-09-29T13:04:24","date_gmt":"2025-09-29T13:04:24","guid":{"rendered":"https:\/\/asherhoffmanlaw.com\/disclaimer\/"},"modified":"2025-09-29T13:04:24","modified_gmt":"2025-09-29T13:04:24","slug":"disclaimer","status":"publish","type":"page","link":"https:\/\/asherhoffmanlaw.com\/es\/disclaimer\/","title":{"rendered":"Disclaimer"},"content":{"rendered":"<p>Despacho de abogados de Asher Hoffman. Los resultados anteriores no garantizan resultados similares en el futuro. Todos los derechos reservados. La informaci\u00f3n de este sitio web tiene fines meramente informativos. Ninguna p\u00e1gina, documento, correo electr\u00f3nico, blog u otra comunicaci\u00f3n relacionada debe interpretarse como asesoramiento legal para ning\u00fan caso en particular.    <\/p>\n<p>Visitar este sitio web o contactarnos por correo electr\u00f3nico o chat no constituye ni establece una relaci\u00f3n abogado-cliente. Las comunicaciones por correo electr\u00f3nico o chat no son confidenciales, seguras ni est\u00e1n protegidas por el secreto profesional. <\/p>\n<p>La informaci\u00f3n contenida en este sitio web se proporciona \u00fanicamente con fines informativos y no debe interpretarse como asesoramiento legal sobre ning\u00fan tema. Ning\u00fan usuario de este sitio web, ya sea cliente o no, debe actuar o abstenerse de actuar bas\u00e1ndose en el contenido del mismo sin antes buscar el asesoramiento legal o profesional adecuado, en funci\u00f3n de los hechos y circunstancias particulares, de un abogado con licencia para ejercer en su estado. <\/p>\n<p>El contenido de este sitio web contiene informaci\u00f3n general y puede no reflejar las novedades legales, sentencias o acuerdos vigentes. El bufete declina expresamente toda responsabilidad con respecto a las acciones tomadas o no tomadas bas\u00e1ndose en el contenido de este sitio web. Cualquier informaci\u00f3n enviada al bufete por correo electr\u00f3nico o a trav\u00e9s del sitio web no es segura y se env\u00eda sin car\u00e1cter confidencial.  <\/p>\n<p>La transmisi\u00f3n del contenido del sitio web, ya sea parcial o total, y\/o cualquier comunicaci\u00f3n con nosotros por correo electr\u00f3nico o a trav\u00e9s de este sitio no constituye ni crea una relaci\u00f3n abogado-cliente entre nosotros y los destinatarios. Algunos enlaces dentro del sitio web pueden dirigir a otros sitios web, incluidos aquellos operados y mantenidos por terceros. <\/p>\n<p>La empresa incluye estos enlaces \u00fanicamente para su comodidad, y la presencia de dichos enlaces no implica responsabilidad alguna por el sitio web enlazado ni constituye un respaldo a dicho sitio, a su operador o a su contenido.<\/p>\n<p>Los resultados que un abogado o bufete de abogados pueda obtener en nombre de un cliente en un caso concreto no garantizan necesariamente que se puedan obtener resultados similares para otros clientes.<\/p>\n<p>Al enviar el formulario de contacto, autoriza al bufete de abogados de Asher Hoffman a comunicarse con usted para atender sus necesidades por tel\u00e9fono, correo electr\u00f3nico o mensaje de texto. Estas comunicaciones suelen ser enviadas directamente por nuestros empleados, pero tambi\u00e9n pueden enviarse mediante sistemas automatizados o inteligencia artificial generativa. Se aplican las tarifas de mensajer\u00eda y datos. El consentimiento no es una condici\u00f3n para la compra. Puede cancelar su suscripci\u00f3n en cualquier momento.    <\/p>\n","protected":false},"excerpt":{"rendered":"<p>Despacho de abogados de Asher Hoffman. Los resultados anteriores no garantizan resultados similares en el futuro. Todos los derechos reservados. La informaci\u00f3n de este sitio web tiene fines meramente informativos. Ninguna p\u00e1gina, documento, correo electr\u00f3nico, blog u otra comunicaci\u00f3n relacionada debe interpretarse como asesoramiento legal para ning\u00fan caso en particular. Visitar este sitio web o [&hellip;]<\/p>\n","protected":false},"author":1,"featured_media":0,"parent":0,"menu_order":0,"comment_status":"closed","ping_status":"closed","template":"","meta":{"_acf_changed":false,"footnotes":""},"class_list":["post-4082","page","type-page","status-publish","hentry"],"acf":[],"yoast_head":"<!-- This site is optimized with the Yoast SEO plugin v27.0 - https:\/\/yoast.com\/product\/yoast-seo-wordpress\/ -->\n<title>Aviso legal | Despacho de abogados de Asher Hoffman<\/title>\n<meta name=\"description\" content=\"Despacho de abogados de Asher Hoffman: Los resultados anteriores no garantizan resultados futuros. La informaci\u00f3n de este sitio web tiene fines informativos generales y no constituye asesoramiento legal. Lea m\u00e1s.\" \/>\n<meta name=\"robots\" content=\"index, follow, max-snippet:-1, max-image-preview:large, max-video-preview:-1\" \/>\n<link rel=\"canonical\" href=\"https:\/\/asherhoffmanlaw.com\/es\/disclaimer\/\" \/>\n<meta property=\"og:locale\" content=\"es_ES\" \/>\n<meta property=\"og:type\" content=\"article\" \/>\n<meta property=\"og:title\" content=\"Aviso legal | Despacho de abogados de Asher Hoffman\" \/>\n<meta property=\"og:description\" content=\"Despacho de abogados de Asher Hoffman: Los resultados anteriores no garantizan resultados futuros. La informaci\u00f3n de este sitio web tiene fines informativos generales y no constituye asesoramiento legal. Lea m\u00e1s.\" \/>\n<meta property=\"og:url\" content=\"https:\/\/asherhoffmanlaw.com\/es\/disclaimer\/\" \/>\n<meta name=\"twitter:card\" content=\"summary_large_image\" \/>\n<meta name=\"twitter:label1\" content=\"Est. reading time\" \/>\n\t<meta name=\"twitter:data1\" content=\"2 minutes\" \/>\n<!-- \/ Yoast SEO plugin. -->","yoast_head_json":{"title":"Aviso legal | Despacho de abogados de Asher Hoffman","description":"Despacho de abogados de Asher Hoffman: Los resultados anteriores no garantizan resultados futuros. La informaci\u00f3n de este sitio web tiene fines informativos generales y no constituye asesoramiento legal. Lea m\u00e1s.","robots":{"index":"index","follow":"follow","max-snippet":"max-snippet:-1","max-image-preview":"max-image-preview:large","max-video-preview":"max-video-preview:-1"},"canonical":"https:\/\/asherhoffmanlaw.com\/es\/disclaimer\/","og_locale":"es_ES","og_type":"article","og_title":"Aviso legal | Despacho de abogados de Asher Hoffman","og_description":"Despacho de abogados de Asher Hoffman: Los resultados anteriores no garantizan resultados futuros. La informaci\u00f3n de este sitio web tiene fines informativos generales y no constituye asesoramiento legal. Lea m\u00e1s.","og_url":"https:\/\/asherhoffmanlaw.com\/es\/disclaimer\/","twitter_card":"summary_large_image","twitter_misc":{"Est. reading time":"2 minutes"},"schema":{"@context":"https:\/\/schema.org","@graph":[{"@type":"WebPage","@id":"https:\/\/asherhoffmanlaw.com\/es\/disclaimer\/","url":"https:\/\/asherhoffmanlaw.com\/es\/disclaimer\/","name":"Aviso legal | Despacho de abogados de Asher Hoffman","isPartOf":{"@id":"https:\/\/asherhoffmanlaw.com\/es\/#website"},"datePublished":"2025-09-29T13:04:24+00:00","description":"Despacho de abogados de Asher Hoffman: Los resultados anteriores no garantizan resultados futuros. La informaci\u00f3n de este sitio web tiene fines informativos generales y no constituye asesoramiento legal. Lea m\u00e1s.","breadcrumb":{"@id":"https:\/\/asherhoffmanlaw.com\/es\/disclaimer\/#breadcrumb"},"inLanguage":"es-ES","potentialAction":[{"@type":"ReadAction","target":["https:\/\/asherhoffmanlaw.com\/es\/disclaimer\/"]}]},{"@type":"BreadcrumbList","@id":"https:\/\/asherhoffmanlaw.com\/es\/disclaimer\/#breadcrumb","itemListElement":[{"@type":"ListItem","position":1,"name":"Home","item":"https:\/\/asherhoffmanlaw.com\/es\/casa\/"},{"@type":"ListItem","position":2,"name":"Disclaimer"}]},{"@type":"WebSite","@id":"https:\/\/asherhoffmanlaw.com\/es\/#website","url":"https:\/\/asherhoffmanlaw.com\/es\/","name":"","description":"Law Offices of Asher Hoffman Law","potentialAction":[{"@type":"SearchAction","target":{"@type":"EntryPoint","urlTemplate":"https:\/\/asherhoffmanlaw.com\/es\/?s={search_term_string}"},"query-input":{"@type":"PropertyValueSpecification","valueRequired":true,"valueName":"search_term_string"}}],"inLanguage":"es-ES"}]}},"_links":{"self":[{"href":"https:\/\/asherhoffmanlaw.com\/es\/wp-json\/wp\/v2\/pages\/4082","targetHints":{"allow":["GET"]}}],"collection":[{"href":"https:\/\/asherhoffmanlaw.com\/es\/wp-json\/wp\/v2\/pages"}],"about":[{"href":"https:\/\/asherhoffmanlaw.com\/es\/wp-json\/wp\/v2\/types\/page"}],"author":[{"embeddable":true,"href":"https:\/\/asherhoffmanlaw.com\/es\/wp-json\/wp\/v2\/users\/1"}],"replies":[{"embeddable":true,"href":"https:\/\/asherhoffmanlaw.com\/es\/wp-json\/wp\/v2\/comments?post=4082"}],"version-history":[{"count":0,"href":"https:\/\/asherhoffmanlaw.com\/es\/wp-json\/wp\/v2\/pages\/4082\/revisions"}],"wp:attachment":[{"href":"https:\/\/asherhoffmanlaw.com\/es\/wp-json\/wp\/v2\/media?parent=4082"}],"curies":[{"name":"wp","href":"https:\/\/api.w.org\/{rel}","templated":true}]}}